{"id":11305,"date":"2014-05-12T00:00:00","date_gmt":"2014-05-12T00:00:00","guid":{"rendered":"https:\/\/www.visualarq.com\/info\/license-modes\/"},"modified":"2022-01-12T16:36:14","modified_gmt":"2022-01-12T16:36:14","slug":"license-modes","status":"publish","type":"page","link":"https:\/\/www.visualarq.com\/de\/info\/license-modes\/","title":{"rendered":"Lizenzmodi"},"content":{"rendered":"<h1>VisualARQ-Lizenzmodi<\/h1>\r\nVisualARQ hat f\u00fcnf Lizenzmodi:\r\n\r\n<img loading=\"lazy\" decoding=\"async\" src=\"https:\/\/www.visualarq.com\/wp-content\/uploads\/2020\/05\/VA_License_WModes.png\" alt=\"VisualARQ-Lizenzmodi\" width=\"644\" height=\"503\" class=\"aligncenter size-full wp-image-18448\" srcset=\"https:\/\/www.visualarq.com\/wp-content\/uploads\/2020\/05\/VA_License_WModes.png 644w, https:\/\/www.visualarq.com\/wp-content\/uploads\/2020\/05\/VA_License_WModes-480x375.png 480w\" sizes=\"(min-width: 0px) and (max-width: 480px) 480px, (min-width: 481px) 644px, 100vw\" \/>\r\n\r\n<h3 id=\"Viewer\" class=\"mt-4\">Ansichtsmodus<\/h3>\r\n<p>Nach Ablauf des Evaluierungszeitraums l\u00e4uft VisualARQ im Ansichtsmodus weiter. Das bedeutet, dass Sie Dokumente mit VisualARQ-Objekten \u00f6ffnen und speichern k\u00f6nnen, doch einige Funktionen sind deaktiviert:<\/p>\r\n<ul>\r\n\t<li>VisualARQ-Befehle<\/li>\r\n\t<li>Bearbeitung von VisualARQ-Objekten unter Verwendung von Eigenschaften und Kontrollpunkten<\/li>\r\n\t<li>IFC-Import und -Export<\/li>\r\n\t<li>VisualARQ Grasshopper Components<\/li>\r\n<\/ul>\r\n<br clear=\"all\" \/>\r\n\r\n\r\n<h3 id=\"Eval\" class=\"mt-4\">Testversion<\/h3>\r\nVisualARQ ist im Evaluierungszeitraum voll funktionsf\u00e4hig. Es wird kein Produktschl\u00fcssel ben\u00f6tigt.\r\n<br clear=\"all\" \/>\r\n\r\n\r\n<h3 id=\"Standalone\" class=\"mt-4\">Einzelplatz<\/h3>\r\nF\u00fcr ein Einzelplatzsystem wird ein g\u00fcltiger Produktschl\u00fcssel ben\u00f6tigt. Einen Produktschl\u00fcssel erhalten Sie, indem Sie <a href=\"https:\/\/www.visualarq.com\/de\/sales\/\">VisualARQ erwerben<\/a>.\r\n\r\n\r\n\r\n<h3 id=\"Zoo\" class=\"mt-4\">Netzwerk<\/h3>\r\nVerwenden sie eine vom <a href=\"https:\/\/wiki.mcneel.com\/zoo\/home\">Zoo-Server<\/a> erworbene VisualARQ-Lizenz. \r\nDie Zoo-Serversoftware mit dem VisualARQ Zoo-Plug-in (beide gratis) erm\u00f6glicht es Ihnen, Ihre VisualARQ-Lizenzen (Produktschl\u00fcssel) mit mehreren Anwendern desselben Netzwerks zu teilen.\r\n\r\nWenn VisualARQ als Mehrplatzsystem statt als Einzelplatzsystem installiert wird, funktioniert es folgenderma\u00dfen:\r\n<ul>\r\n\t<li>Wenn ein Mehrplatzsystem startet, wird eine Lizenz vom Zoo angefordert.<\/li>\r\n\t<li>Eine nicht verwendete Lizenz wird diesem System zugewiesen.<\/li>\r\n\t<li>Wenn eine Sitzung beendet wird, wird die Lizenz erneut in den Pool verf\u00fcgbarer Lizenzen des Zoos zur\u00fcckgeschickt.<\/li>\r\n<\/ul>\r\n\r\n<a href=\"https:\/\/www.visualarq.com\/de\/download\/resources\/#zoo\">Weitere Infos \u00fcber das VisualARQ Zoo-Plug-in finden Sie hier<\/a>\r\n\r\n\r\n<h3 id=\"Cloud\" class=\"mt-4\">Wolken<\/h3>\r\nVerwenden sie eine vom Cloud-Zoo-Server erworbene VisualARQ-Lizenz. Der Cloud-Zoo-Server ist ein kostenloser Service von McNeel zur Online-Verwaltung der VisualARQ-Lizenz.\r\n\r\n<ul>\r\n<li>Einzelanwender k\u00f6nnen VisualARQ durch Login bei <a href=\"https:\/\/accounts.rhino3d.com\/\">Rhino Accounts<\/a> weltweit auf jedem Computer verwenden.<\/li>\r\n<li>F\u00fcr Unternehmen und Schulen kann Cloud Zoo die Lizenzverteilung vereinfachen. Unternehmen k\u00f6nnen einen Pool mit Lizenzen erstellen und die Lizenzen mit Teammitglieder teilen.<\/li>\r\n<li>Online oder offline arbeiten. Lizenzen brauchen nicht abgemeldet zu werden, da Ihnen unterwegs immer eine Lizenz zur Verf\u00fcgung stehen sollte.<\/li>\r\n<li>Die Lizenzierung funktioniert sogar ohne konstante Internetverbindung.<\/li>\r\n<\/ul>\r\n<a href=\"https:\/\/www.rhino3d.com\/de\/features\/administration\/licensing\/#cloud-zoo\">Weitere Informationen \u00fcber Cloud Zoo<\/a>","protected":false},"excerpt":{"rendered":"<p>VisualARQ-Lizenzmodi VisualARQ hat f\u00fcnf Lizenzmodi: Ansichtsmodus Nach Ablauf des Evaluierungszeitraums l\u00e4uft VisualARQ im Ansichtsmodus weiter. Das bedeutet, dass Sie Dokumente mit VisualARQ-Objekten \u00f6ffnen und speichern k\u00f6nnen, doch einige Funktionen sind deaktiviert: VisualARQ-Befehle Bearbeitung von VisualARQ-Objekten unter Verwendung von Eigenschaften und Kontrollpunkten IFC-Import und -Export VisualARQ Grasshopper Components Testversion VisualARQ ist im Evaluierungszeitraum voll funktionsf\u00e4hig. Es [&hellip;]<\/p>\n","protected":false},"author":6,"featured_media":0,"parent":11371,"menu_order":0,"comment_status":"closed","ping_status":"closed","template":"","meta":{"_et_pb_use_builder":"","_et_pb_old_content":"","_et_gb_content_width":"","footnotes":""},"class_list":["post-11305","page","type-page","status-publish","hentry"],"yoast_head":"<!-- This site is optimized with the Yoast SEO plugin v27.3 - https:\/\/yoast.com\/product\/yoast-seo-wordpress\/ -->\n<title>Lizenzmodi - VisualARQ<\/title>\n<meta name=\"robots\" content=\"index, follow, max-snippet:-1, max-image-preview:large, max-video-preview:-1\" \/>\n<link rel=\"canonical\" href=\"https:\/\/www.visualarq.com\/de\/info\/license-modes\/\" \/>\n<meta property=\"og:locale\" content=\"de_DE\" \/>\n<meta property=\"og:type\" content=\"article\" \/>\n<meta property=\"og:title\" content=\"Lizenzmodi - VisualARQ\" \/>\n<meta property=\"og:description\" content=\"VisualARQ-Lizenzmodi VisualARQ hat f\u00fcnf Lizenzmodi: Ansichtsmodus Nach Ablauf des Evaluierungszeitraums l\u00e4uft VisualARQ im Ansichtsmodus weiter. Das bedeutet, dass Sie Dokumente mit VisualARQ-Objekten \u00f6ffnen und speichern k\u00f6nnen, doch einige Funktionen sind deaktiviert: VisualARQ-Befehle Bearbeitung von VisualARQ-Objekten unter Verwendung von Eigenschaften und Kontrollpunkten IFC-Import und -Export VisualARQ Grasshopper Components Testversion VisualARQ ist im Evaluierungszeitraum voll funktionsf\u00e4hig. Es [&hellip;]\" \/>\n<meta property=\"og:url\" content=\"https:\/\/www.visualarq.com\/de\/info\/license-modes\/\" \/>\n<meta property=\"og:site_name\" content=\"VisualARQ\" \/>\n<meta property=\"article:publisher\" content=\"https:\/\/www.facebook.com\/visualarq\" \/>\n<meta property=\"article:modified_time\" content=\"2022-01-12T16:36:14+00:00\" \/>\n<meta property=\"og:image\" content=\"https:\/\/www.visualarq.com\/wp-content\/uploads\/2020\/05\/VA_License_WModes.png\" \/>\n<meta name=\"twitter:card\" content=\"summary_large_image\" \/>\n<meta name=\"twitter:site\" content=\"@VisualARQ\" \/>\n<meta name=\"twitter:label1\" content=\"Gesch\u00e4tzte Lesezeit\" \/>\n\t<meta name=\"twitter:data1\" content=\"1\u00a0Minute\" \/>\n<script type=\"application\/ld+json\" class=\"yoast-schema-graph\">{\"@context\":\"https:\\\/\\\/schema.org\",\"@graph\":[{\"@type\":\"WebPage\",\"@id\":\"https:\\\/\\\/www.visualarq.com\\\/de\\\/info\\\/license-modes\\\/\",\"url\":\"https:\\\/\\\/www.visualarq.com\\\/de\\\/info\\\/license-modes\\\/\",\"name\":\"Lizenzmodi - VisualARQ\",\"isPartOf\":{\"@id\":\"https:\\\/\\\/www.visualarq.com\\\/de\\\/#website\"},\"primaryImageOfPage\":{\"@id\":\"https:\\\/\\\/www.visualarq.com\\\/de\\\/info\\\/license-modes\\\/#primaryimage\"},\"image\":{\"@id\":\"https:\\\/\\\/www.visualarq.com\\\/de\\\/info\\\/license-modes\\\/#primaryimage\"},\"thumbnailUrl\":\"https:\\\/\\\/www.visualarq.com\\\/wp-content\\\/uploads\\\/2020\\\/05\\\/VA_License_WModes.png\",\"datePublished\":\"2014-05-12T00:00:00+00:00\",\"dateModified\":\"2022-01-12T16:36:14+00:00\",\"breadcrumb\":{\"@id\":\"https:\\\/\\\/www.visualarq.com\\\/de\\\/info\\\/license-modes\\\/#breadcrumb\"},\"inLanguage\":\"de\",\"potentialAction\":[{\"@type\":\"ReadAction\",\"target\":[\"https:\\\/\\\/www.visualarq.com\\\/de\\\/info\\\/license-modes\\\/\"]}]},{\"@type\":\"ImageObject\",\"inLanguage\":\"de\",\"@id\":\"https:\\\/\\\/www.visualarq.com\\\/de\\\/info\\\/license-modes\\\/#primaryimage\",\"url\":\"https:\\\/\\\/www.visualarq.com\\\/wp-content\\\/uploads\\\/2020\\\/05\\\/VA_License_WModes.png\",\"contentUrl\":\"https:\\\/\\\/www.visualarq.com\\\/wp-content\\\/uploads\\\/2020\\\/05\\\/VA_License_WModes.png\"},{\"@type\":\"BreadcrumbList\",\"@id\":\"https:\\\/\\\/www.visualarq.com\\\/de\\\/info\\\/license-modes\\\/#breadcrumb\",\"itemListElement\":[{\"@type\":\"ListItem\",\"position\":1,\"name\":\"Home\",\"item\":\"https:\\\/\\\/www.visualarq.com\\\/de\\\/home\\\/\"},{\"@type\":\"ListItem\",\"position\":2,\"name\":\"Info\",\"item\":\"https:\\\/\\\/www.visualarq.com\\\/de\\\/info\\\/\"},{\"@type\":\"ListItem\",\"position\":3,\"name\":\"Lizenzmodi\"}]},{\"@type\":\"WebSite\",\"@id\":\"https:\\\/\\\/www.visualarq.com\\\/de\\\/#website\",\"url\":\"https:\\\/\\\/www.visualarq.com\\\/de\\\/\",\"name\":\"VisualARQ\",\"description\":\"Flexible BIM for Rhino\",\"potentialAction\":[{\"@type\":\"SearchAction\",\"target\":{\"@type\":\"EntryPoint\",\"urlTemplate\":\"https:\\\/\\\/www.visualarq.com\\\/de\\\/?s={search_term_string}\"},\"query-input\":{\"@type\":\"PropertyValueSpecification\",\"valueRequired\":true,\"valueName\":\"search_term_string\"}}],\"inLanguage\":\"de\"}]}<\/script>\n<!-- \/ Yoast SEO plugin. -->","yoast_head_json":{"title":"Lizenzmodi - VisualARQ","robots":{"index":"index","follow":"follow","max-snippet":"max-snippet:-1","max-image-preview":"max-image-preview:large","max-video-preview":"max-video-preview:-1"},"canonical":"https:\/\/www.visualarq.com\/de\/info\/license-modes\/","og_locale":"de_DE","og_type":"article","og_title":"Lizenzmodi - VisualARQ","og_description":"VisualARQ-Lizenzmodi VisualARQ hat f\u00fcnf Lizenzmodi: Ansichtsmodus Nach Ablauf des Evaluierungszeitraums l\u00e4uft VisualARQ im Ansichtsmodus weiter. Das bedeutet, dass Sie Dokumente mit VisualARQ-Objekten \u00f6ffnen und speichern k\u00f6nnen, doch einige Funktionen sind deaktiviert: VisualARQ-Befehle Bearbeitung von VisualARQ-Objekten unter Verwendung von Eigenschaften und Kontrollpunkten IFC-Import und -Export VisualARQ Grasshopper Components Testversion VisualARQ ist im Evaluierungszeitraum voll funktionsf\u00e4hig. Es [&hellip;]","og_url":"https:\/\/www.visualarq.com\/de\/info\/license-modes\/","og_site_name":"VisualARQ","article_publisher":"https:\/\/www.facebook.com\/visualarq","article_modified_time":"2022-01-12T16:36:14+00:00","og_image":[{"url":"https:\/\/www.visualarq.com\/wp-content\/uploads\/2020\/05\/VA_License_WModes.png","type":"","width":"","height":""}],"twitter_card":"summary_large_image","twitter_site":"@VisualARQ","twitter_misc":{"Gesch\u00e4tzte Lesezeit":"1\u00a0Minute"},"schema":{"@context":"https:\/\/schema.org","@graph":[{"@type":"WebPage","@id":"https:\/\/www.visualarq.com\/de\/info\/license-modes\/","url":"https:\/\/www.visualarq.com\/de\/info\/license-modes\/","name":"Lizenzmodi - VisualARQ","isPartOf":{"@id":"https:\/\/www.visualarq.com\/de\/#website"},"primaryImageOfPage":{"@id":"https:\/\/www.visualarq.com\/de\/info\/license-modes\/#primaryimage"},"image":{"@id":"https:\/\/www.visualarq.com\/de\/info\/license-modes\/#primaryimage"},"thumbnailUrl":"https:\/\/www.visualarq.com\/wp-content\/uploads\/2020\/05\/VA_License_WModes.png","datePublished":"2014-05-12T00:00:00+00:00","dateModified":"2022-01-12T16:36:14+00:00","breadcrumb":{"@id":"https:\/\/www.visualarq.com\/de\/info\/license-modes\/#breadcrumb"},"inLanguage":"de","potentialAction":[{"@type":"ReadAction","target":["https:\/\/www.visualarq.com\/de\/info\/license-modes\/"]}]},{"@type":"ImageObject","inLanguage":"de","@id":"https:\/\/www.visualarq.com\/de\/info\/license-modes\/#primaryimage","url":"https:\/\/www.visualarq.com\/wp-content\/uploads\/2020\/05\/VA_License_WModes.png","contentUrl":"https:\/\/www.visualarq.com\/wp-content\/uploads\/2020\/05\/VA_License_WModes.png"},{"@type":"BreadcrumbList","@id":"https:\/\/www.visualarq.com\/de\/info\/license-modes\/#breadcrumb","itemListElement":[{"@type":"ListItem","position":1,"name":"Home","item":"https:\/\/www.visualarq.com\/de\/home\/"},{"@type":"ListItem","position":2,"name":"Info","item":"https:\/\/www.visualarq.com\/de\/info\/"},{"@type":"ListItem","position":3,"name":"Lizenzmodi"}]},{"@type":"WebSite","@id":"https:\/\/www.visualarq.com\/de\/#website","url":"https:\/\/www.visualarq.com\/de\/","name":"VisualARQ","description":"Flexible BIM for Rhino","potentialAction":[{"@type":"SearchAction","target":{"@type":"EntryPoint","urlTemplate":"https:\/\/www.visualarq.com\/de\/?s={search_term_string}"},"query-input":{"@type":"PropertyValueSpecification","valueRequired":true,"valueName":"search_term_string"}}],"inLanguage":"de"}]}},"_links":{"self":[{"href":"https:\/\/www.visualarq.com\/de\/wp-json\/wp\/v2\/pages\/11305","targetHints":{"allow":["GET"]}}],"collection":[{"href":"https:\/\/www.visualarq.com\/de\/wp-json\/wp\/v2\/pages"}],"about":[{"href":"https:\/\/www.visualarq.com\/de\/wp-json\/wp\/v2\/types\/page"}],"author":[{"embeddable":true,"href":"https:\/\/www.visualarq.com\/de\/wp-json\/wp\/v2\/users\/6"}],"replies":[{"embeddable":true,"href":"https:\/\/www.visualarq.com\/de\/wp-json\/wp\/v2\/comments?post=11305"}],"version-history":[{"count":0,"href":"https:\/\/www.visualarq.com\/de\/wp-json\/wp\/v2\/pages\/11305\/revisions"}],"up":[{"embeddable":true,"href":"https:\/\/www.visualarq.com\/de\/wp-json\/wp\/v2\/pages\/11371"}],"wp:attachment":[{"href":"https:\/\/www.visualarq.com\/de\/wp-json\/wp\/v2\/media?parent=11305"}],"curies":[{"name":"wp","href":"https:\/\/api.w.org\/{rel}","templated":true}]}}