{"id":11327,"date":"2013-06-06T00:00:00","date_gmt":"2013-06-06T00:00:00","guid":{"rendered":"https:\/\/www.visualarq.com\/features\/grasshopper\/exercises\/create-a-wall\/"},"modified":"2019-01-02T15:59:58","modified_gmt":"2019-01-02T15:59:58","slug":"create-a-wall","status":"publish","type":"page","link":"https:\/\/www.visualarq.com\/de\/learn\/grasshopper-components\/create-a-wall\/","title":{"rendered":"\u00dcbung 1. Erzeugung einer Wand"},"content":{"rendered":"<h1>\u00dcbung 1. Erzeugung einer Wand<\/h1>\n\n<p><img loading=\"lazy\" decoding=\"async\" alt=\"Wall options\" src=\"https:\/\/www.visualarq.com\/wp-content\/uploads\/sites\/2\/2013\/05\/Wall-options.png\" width=\"900\" height=\"300\" \/><\/p>\n\n<h3>1. Erzeugung der Wand:<\/h3>\n\n<ul>\n\n<li>1. Ziehen Sie eine VisualARQ-&#8222;<em><strong>Wall<\/strong><\/em>&#8222;-Komponente <img loading=\"lazy\" decoding=\"async\" class=\"alignnone size-full wp-image-7014\" alt=\"wall-24\" src=\"https:\/\/www.visualarq.com\/wp-content\/uploads\/sites\/2\/2013\/05\/wall-24.png\" width=\"24\" height=\"24\" \/>\u00a0auf die Grasshopper-Arbeitsfl\u00e4che. Diese Wandkomponente hat zwei Inputs:\n\n<ol>\n\n<li><strong>C:<\/strong> Wandpfadkurve. Diese muss eine offene und planare Kurve sein.<\/li>\n\n<li><strong>O:<\/strong> Optionen zur Einstellung der Wandparameter.<\/li>\n\n<\/ol>\n\n<\/li>\n\n<li>2. Weisen Sie dem Input <em>C<\/em> der Wand eine Kurve zu. Dies kann auf verschiedene Arten gemacht werden, da die Kurve oder Kurven entweder in Grasshopper oder Rhino erzeugt werden k\u00f6nnen.\n\n<ul>\n\n<li>a: In Grasshopper erzeugte Kurven. Verbinden Sie sie einfach mit dem Input <em>C<\/em> der Komponente <em>Wall<\/em>.<\/li>\n\n<li>b: In Rhino erzeugte Kurven:\n\n<ul>\n\n<li style=\"text-align: left\">Klicken Sie mit der rechten Maustaste auf den Input <em>C<\/em> der Kompontente <em>Wall<\/em> und w\u00e4hlen Sie im Kontextmen\u00fc &#8222;<em>Set one curve<\/em>&#8220; oder &#8222;<em>Set multiple curves<\/em>&#8222;.<\/li>\n\n<li style=\"text-align: left\">Ziehen Sie einen <em>Curve Param<\/em> (aus dem Reiter <em>Params<\/em>) auf die Arbeitsfl\u00e4che und verbinden Sie ihn mit dem Input <em>C<\/em> der <em>Wall<\/em>. Dieser <em>Curve Param<\/em> wird orange dargestellt, solange keine Kurven angeh\u00e4ngt sind. Klicken Sie mit der rechten Maustaste darauf und w\u00e4hlen Sie im Kontextmen\u00fc &#8222;<em>Set one curve<\/em>&#8220; oder &#8222;<em>Set multiple curves<\/em>&#8222;. Grasshopper bleibt so lange verborgen, bis Sie eine Kurve (oder Kurven) im Modell ausgew\u00e4hlt haben.<\/li>\n\n<\/ul>\n\n<\/li>\n\n<\/ul>\n\n<p>In beiden F\u00e4llen m\u00fcssen die Kurven planar und offen sein, da die Wand sonst nicht erzeugt wird.<\/p>\n\n<\/li>\n\n<\/ul>\n\n<h3>2. Einstellung der Wandparameter:<\/h3>\n\n<ul>\n\n<li>1. Ziehen Sie eine &#8222;<em><strong>Wall options<\/strong><\/em>&#8222;-Komponente <img loading=\"lazy\" decoding=\"async\" class=\"alignnone size-full wp-image-7011\" alt=\"Wall2 Options-24\" src=\"https:\/\/www.visualarq.com\/wp-content\/uploads\/sites\/2\/2013\/05\/Wall2-Options-24.png\" width=\"24\" height=\"24\" \/>\u00a0auf die Grasshopper-Arbeitsfl\u00e4che. Diese Komponente hat verschiedene Inputs, die die Wandparameter definieren.<\/li>\n\n<li>2. Verbinden Sie den Output O der <em>Wall Options<\/em> mit dem Input <em>O<\/em> der <em>Wall<\/em>.<\/li>\n\n<li>3. Einstellung der verschiedenen <em>Wall Options<\/em>:<img loading=\"lazy\" decoding=\"async\" class=\"alignright size-full wp-image-7182\" alt=\"Wandstil w\u00e4hlen\" src=\"https:\/\/www.visualarq.com\/wp-content\/uploads\/sites\/2\/2013\/05\/Select-wall-style-VA-GH.png\" width=\"417\" height=\"329\" \/>\n\n<ul>\n\n<li><strong>(<em>S<\/em>) <em>Wall Style<\/em>:\u00a0<img loading=\"lazy\" decoding=\"async\" class=\"alignnone size-full wp-image-7013\" alt=\"Wall Styles-24\" src=\"https:\/\/www.visualarq.com\/wp-content\/uploads\/sites\/2\/2013\/05\/Wall-Styles-24.png\" width=\"24\" height=\"24\" \/><\/strong> Sie k\u00f6nnen eine <em>Wall Style<\/em>-Komponente auf die Arbeitsfl\u00e4che ziehen und mit dem Input <em>S<\/em> der <em>Wall Options<\/em> verbinden. Dieser Wandstilkomponente ist ein Standard-<em>Wall Style<\/em> zugeordnet. Um einen anderen Wandstil zuzuweisen, klicken Sie mit der rechten Maustaste auf die Komponente und w\u00e4hlen Sie im Kontextmen\u00fc &#8222;<em>Set one wall style<\/em>&#8222;. Grasshopper bleibt so lange verborgen, bis Sie aus der Liste im Kontextmen\u00fc einen Treppenstil ausgew\u00e4hlt haben. Die Liste zeigt Ihnen die Wandstile an, die in dem Rhino-Dokument verf\u00fcgbar sind, an dem Sie arbeiten.<\/li>\n\n<li><strong>(<em>A<\/em>) <em>Wall Alignment<\/em><\/strong>: <img loading=\"lazy\" decoding=\"async\" class=\"alignnone size-full wp-image-7012\" alt=\"3 Point V alignment-24\" src=\"https:\/\/www.visualarq.com\/wp-content\/uploads\/sites\/2\/2013\/05\/3-Point-V-alignment-24.png\" width=\"24\" height=\"24\" \/> Das <em>Wall Alignment<\/em> bestimmt die Position der Wand basierend auf der Richtung der Grundkurve. Ziehen Sie eine <em>Wall Alignment<\/em>-Komponente auf die Arbeitsfl\u00e4che und verbinden Sie sie mit dem Input <em>A<\/em> der <em>Wall Options<\/em>. Klicken Sie auf die <em>Wall Alignment<\/em>-Komponente und w\u00e4hlen Sie eine der drei folgenden Optionen: <em>Left<\/em>, <em>Center<\/em> oder <em>Right<\/em>. Diese Ausrichtungspositionen k\u00f6nnen auch als Integerwerte (<em>0=links, 1=mittig<\/em>, <em>2=rechts<\/em>) in den Input  <em>A<\/em>  eingegeben werden.<\/li>\n\n<li><strong>(<em>O<\/em>) <em>Wall Alignment Offset<\/em><\/strong>: Dieser Wert bestimmt den Abstand der Treppe von der Richtung ihrer Grundkurve.<\/li>\n\n<li><strong>(<em>H<\/em>) <em>Wall Height<\/em><\/strong>: Ziehen Sie einen <em>Number Slider<\/em> auf die Arbeitsfl\u00e4che und verbinden Sie ihn mit dem Input <em>H<\/em> der <em>Wall Options<\/em>. Wenn die <em>Wall Options<\/em>\u00a0keine Nummer mit ihrem Input <em>H<\/em> verbunden haben oder dieser Wert 0 ist, nimmt die Wand den <em>vom Stil<\/em> definierten Standardwert an.\u00a0<\/li>\n\n<\/ul>\n\n<\/li>\n\n<\/ul>\n\n<h3>3. &#8222;Backen&#8220; der Wand <img loading=\"lazy\" decoding=\"async\" class=\"alignnone size-full wp-image-7375\" alt=\"Bake\" src=\"https:\/\/www.visualarq.com\/wp-content\/uploads\/sites\/2\/2013\/06\/Bake.png\" width=\"22\" height=\"22\" \/>\u00a0:<\/h3>\n\n<p><img loading=\"lazy\" decoding=\"async\" class=\"alignright size-full wp-image-7371\" alt=\"Grasshopper Attributes\" src=\"https:\/\/www.visualarq.com\/wp-content\/uploads\/sites\/2\/2013\/06\/Grasshopper-Attributes.png\" width=\"338\" height=\"456\" \/><\/p>\n\n<ul>\n\n<li>1. Da die im Modell angezeigte Wand eigentlich nur eine den in Grasshopper definierten Parametern entsprechende Vorschau ist, muss sie &#8222;gebacken&#8220; werden, um eine in Rhino bearbeitbare VisualARQ-Wand zu erzeugen. Es gibt drei M\u00f6glichkeiten, eine Komponente in Grasshopper zu &#8222;backen&#8220;.\n\n<ul>\n\n<li>Klicken Sie mit der rechten Maustaste auf die Komponente <em>Wall<\/em> und w\u00e4hlen Sie im Kontextmen\u00fc die Option <em>Bake<\/em>.<\/li>\n\n<li>Klicken Sie mit der mittleren Maustaste oder dem Mausrad auf die Komponente <em>Wall<\/em> und w\u00e4hlen Sie das Spiegelei-Symbol, das ebenfalls <em>Bake<\/em> repr\u00e4sentiert.<\/li>\n\n<li>W\u00e4hlen Sie die Komponente <em>Wall<\/em> aus und gehen Sie im Men\u00fc auf <em>Solution &gt; Bake selected\u00a0<\/em>.<\/li>\n\n<\/ul>\n\n<p>Nach dem Backen der Wand wird das Dialogfenster &#8222;Grasshopper Attributes&#8220; angezeigt. W\u00e4hlen Sie die Output-Attribute (Name, Ebene, Farbe usw.) des Wandobjekts, das Sie im Modell erstellen.<\/p>\n\n<\/li>\n\n<\/ul>","protected":false},"excerpt":{"rendered":"<p>\u00dcbung 1. Erzeugung einer Wand 1. Erzeugung der Wand: 1. Ziehen Sie eine VisualARQ-&#8222;Wall&#8222;-Komponente \u00a0auf die Grasshopper-Arbeitsfl\u00e4che. Diese Wandkomponente hat zwei Inputs: C: Wandpfadkurve. Diese muss eine offene und planare Kurve sein. O: Optionen zur Einstellung der Wandparameter. 2. Weisen Sie dem Input C der Wand eine Kurve zu. Dies kann auf verschiedene Arten gemacht [&hellip;]<\/p>\n","protected":false},"author":6,"featured_media":0,"parent":11325,"menu_order":0,"comment_status":"closed","ping_status":"closed","template":"","meta":{"_et_pb_use_builder":"","_et_pb_old_content":"","_et_gb_content_width":"","footnotes":""},"class_list":["post-11327","page","type-page","status-publish","hentry"],"yoast_head":"<!-- This site is optimized with the Yoast SEO plugin v27.5 - https:\/\/yoast.com\/product\/yoast-seo-wordpress\/ -->\n<title>\u00dcbung 1. Erzeugung einer Wand - VisualARQ<\/title>\n<meta name=\"robots\" content=\"index, follow, max-snippet:-1, max-image-preview:large, max-video-preview:-1\" \/>\n<link rel=\"canonical\" href=\"https:\/\/www.visualarq.com\/de\/learn\/grasshopper-components\/create-a-wall\/\" \/>\n<meta property=\"og:locale\" content=\"de_DE\" \/>\n<meta property=\"og:type\" content=\"article\" \/>\n<meta property=\"og:title\" content=\"\u00dcbung 1. Erzeugung einer Wand - VisualARQ\" \/>\n<meta property=\"og:description\" content=\"\u00dcbung 1. Erzeugung einer Wand 1. Erzeugung der Wand: 1. Ziehen Sie eine VisualARQ-&#8222;Wall&#8222;-Komponente \u00a0auf die Grasshopper-Arbeitsfl\u00e4che. Diese Wandkomponente hat zwei Inputs: C: Wandpfadkurve. Diese muss eine offene und planare Kurve sein. O: Optionen zur Einstellung der Wandparameter. 2. Weisen Sie dem Input C der Wand eine Kurve zu. Dies kann auf verschiedene Arten gemacht [&hellip;]\" \/>\n<meta property=\"og:url\" content=\"https:\/\/www.visualarq.com\/de\/learn\/grasshopper-components\/create-a-wall\/\" \/>\n<meta property=\"og:site_name\" content=\"VisualARQ\" \/>\n<meta property=\"article:publisher\" content=\"https:\/\/www.facebook.com\/visualarq\" \/>\n<meta property=\"article:modified_time\" content=\"2019-01-02T15:59:58+00:00\" \/>\n<meta property=\"og:image\" content=\"https:\/\/www.visualarq.com\/wp-content\/uploads\/sites\/2\/2013\/05\/Wall-options.png\" \/>\n<meta name=\"twitter:card\" content=\"summary_large_image\" \/>\n<meta name=\"twitter:site\" content=\"@VisualARQ\" \/>\n<meta name=\"twitter:label1\" content=\"Gesch\u00e4tzte Lesezeit\" \/>\n\t<meta name=\"twitter:data1\" content=\"3\u00a0Minuten\" \/>\n<script type=\"application\/ld+json\" class=\"yoast-schema-graph\">{\"@context\":\"https:\\\/\\\/schema.org\",\"@graph\":[{\"@type\":\"WebPage\",\"@id\":\"https:\\\/\\\/www.visualarq.com\\\/de\\\/learn\\\/grasshopper-components\\\/create-a-wall\\\/\",\"url\":\"https:\\\/\\\/www.visualarq.com\\\/de\\\/learn\\\/grasshopper-components\\\/create-a-wall\\\/\",\"name\":\"\u00dcbung 1. Erzeugung einer Wand - VisualARQ\",\"isPartOf\":{\"@id\":\"https:\\\/\\\/www.visualarq.com\\\/de\\\/#website\"},\"primaryImageOfPage\":{\"@id\":\"https:\\\/\\\/www.visualarq.com\\\/de\\\/learn\\\/grasshopper-components\\\/create-a-wall\\\/#primaryimage\"},\"image\":{\"@id\":\"https:\\\/\\\/www.visualarq.com\\\/de\\\/learn\\\/grasshopper-components\\\/create-a-wall\\\/#primaryimage\"},\"thumbnailUrl\":\"https:\\\/\\\/www.visualarq.com\\\/wp-content\\\/uploads\\\/sites\\\/2\\\/2013\\\/05\\\/Wall-options.png\",\"datePublished\":\"2013-06-06T00:00:00+00:00\",\"dateModified\":\"2019-01-02T15:59:58+00:00\",\"breadcrumb\":{\"@id\":\"https:\\\/\\\/www.visualarq.com\\\/de\\\/learn\\\/grasshopper-components\\\/create-a-wall\\\/#breadcrumb\"},\"inLanguage\":\"de\",\"potentialAction\":[{\"@type\":\"ReadAction\",\"target\":[\"https:\\\/\\\/www.visualarq.com\\\/de\\\/learn\\\/grasshopper-components\\\/create-a-wall\\\/\"]}]},{\"@type\":\"ImageObject\",\"inLanguage\":\"de\",\"@id\":\"https:\\\/\\\/www.visualarq.com\\\/de\\\/learn\\\/grasshopper-components\\\/create-a-wall\\\/#primaryimage\",\"url\":\"https:\\\/\\\/www.visualarq.com\\\/wp-content\\\/uploads\\\/sites\\\/2\\\/2013\\\/05\\\/Wall-options.png\",\"contentUrl\":\"https:\\\/\\\/www.visualarq.com\\\/wp-content\\\/uploads\\\/sites\\\/2\\\/2013\\\/05\\\/Wall-options.png\"},{\"@type\":\"BreadcrumbList\",\"@id\":\"https:\\\/\\\/www.visualarq.com\\\/de\\\/learn\\\/grasshopper-components\\\/create-a-wall\\\/#breadcrumb\",\"itemListElement\":[{\"@type\":\"ListItem\",\"position\":1,\"name\":\"Home\",\"item\":\"https:\\\/\\\/www.visualarq.com\\\/de\\\/home\\\/\"},{\"@type\":\"ListItem\",\"position\":2,\"name\":\"Schulung\",\"item\":\"https:\\\/\\\/www.visualarq.com\\\/de\\\/learn\\\/\"},{\"@type\":\"ListItem\",\"position\":3,\"name\":\"Grasshopper-Komponenten\",\"item\":\"https:\\\/\\\/www.visualarq.com\\\/de\\\/learn\\\/grasshopper-components\\\/\"},{\"@type\":\"ListItem\",\"position\":4,\"name\":\"\u00dcbung 1. Erzeugung einer Wand\"}]},{\"@type\":\"WebSite\",\"@id\":\"https:\\\/\\\/www.visualarq.com\\\/de\\\/#website\",\"url\":\"https:\\\/\\\/www.visualarq.com\\\/de\\\/\",\"name\":\"VisualARQ\",\"description\":\"Flexible BIM for Rhino\",\"potentialAction\":[{\"@type\":\"SearchAction\",\"target\":{\"@type\":\"EntryPoint\",\"urlTemplate\":\"https:\\\/\\\/www.visualarq.com\\\/de\\\/?s={search_term_string}\"},\"query-input\":{\"@type\":\"PropertyValueSpecification\",\"valueRequired\":true,\"valueName\":\"search_term_string\"}}],\"inLanguage\":\"de\"}]}<\/script>\n<!-- \/ Yoast SEO plugin. -->","yoast_head_json":{"title":"\u00dcbung 1. Erzeugung einer Wand - VisualARQ","robots":{"index":"index","follow":"follow","max-snippet":"max-snippet:-1","max-image-preview":"max-image-preview:large","max-video-preview":"max-video-preview:-1"},"canonical":"https:\/\/www.visualarq.com\/de\/learn\/grasshopper-components\/create-a-wall\/","og_locale":"de_DE","og_type":"article","og_title":"\u00dcbung 1. Erzeugung einer Wand - VisualARQ","og_description":"\u00dcbung 1. Erzeugung einer Wand 1. Erzeugung der Wand: 1. Ziehen Sie eine VisualARQ-&#8222;Wall&#8222;-Komponente \u00a0auf die Grasshopper-Arbeitsfl\u00e4che. Diese Wandkomponente hat zwei Inputs: C: Wandpfadkurve. Diese muss eine offene und planare Kurve sein. O: Optionen zur Einstellung der Wandparameter. 2. Weisen Sie dem Input C der Wand eine Kurve zu. Dies kann auf verschiedene Arten gemacht [&hellip;]","og_url":"https:\/\/www.visualarq.com\/de\/learn\/grasshopper-components\/create-a-wall\/","og_site_name":"VisualARQ","article_publisher":"https:\/\/www.facebook.com\/visualarq","article_modified_time":"2019-01-02T15:59:58+00:00","og_image":[{"url":"https:\/\/www.visualarq.com\/wp-content\/uploads\/sites\/2\/2013\/05\/Wall-options.png","type":"","width":"","height":""}],"twitter_card":"summary_large_image","twitter_site":"@VisualARQ","twitter_misc":{"Gesch\u00e4tzte Lesezeit":"3\u00a0Minuten"},"schema":{"@context":"https:\/\/schema.org","@graph":[{"@type":"WebPage","@id":"https:\/\/www.visualarq.com\/de\/learn\/grasshopper-components\/create-a-wall\/","url":"https:\/\/www.visualarq.com\/de\/learn\/grasshopper-components\/create-a-wall\/","name":"\u00dcbung 1. Erzeugung einer Wand - VisualARQ","isPartOf":{"@id":"https:\/\/www.visualarq.com\/de\/#website"},"primaryImageOfPage":{"@id":"https:\/\/www.visualarq.com\/de\/learn\/grasshopper-components\/create-a-wall\/#primaryimage"},"image":{"@id":"https:\/\/www.visualarq.com\/de\/learn\/grasshopper-components\/create-a-wall\/#primaryimage"},"thumbnailUrl":"https:\/\/www.visualarq.com\/wp-content\/uploads\/sites\/2\/2013\/05\/Wall-options.png","datePublished":"2013-06-06T00:00:00+00:00","dateModified":"2019-01-02T15:59:58+00:00","breadcrumb":{"@id":"https:\/\/www.visualarq.com\/de\/learn\/grasshopper-components\/create-a-wall\/#breadcrumb"},"inLanguage":"de","potentialAction":[{"@type":"ReadAction","target":["https:\/\/www.visualarq.com\/de\/learn\/grasshopper-components\/create-a-wall\/"]}]},{"@type":"ImageObject","inLanguage":"de","@id":"https:\/\/www.visualarq.com\/de\/learn\/grasshopper-components\/create-a-wall\/#primaryimage","url":"https:\/\/www.visualarq.com\/wp-content\/uploads\/sites\/2\/2013\/05\/Wall-options.png","contentUrl":"https:\/\/www.visualarq.com\/wp-content\/uploads\/sites\/2\/2013\/05\/Wall-options.png"},{"@type":"BreadcrumbList","@id":"https:\/\/www.visualarq.com\/de\/learn\/grasshopper-components\/create-a-wall\/#breadcrumb","itemListElement":[{"@type":"ListItem","position":1,"name":"Home","item":"https:\/\/www.visualarq.com\/de\/home\/"},{"@type":"ListItem","position":2,"name":"Schulung","item":"https:\/\/www.visualarq.com\/de\/learn\/"},{"@type":"ListItem","position":3,"name":"Grasshopper-Komponenten","item":"https:\/\/www.visualarq.com\/de\/learn\/grasshopper-components\/"},{"@type":"ListItem","position":4,"name":"\u00dcbung 1. Erzeugung einer Wand"}]},{"@type":"WebSite","@id":"https:\/\/www.visualarq.com\/de\/#website","url":"https:\/\/www.visualarq.com\/de\/","name":"VisualARQ","description":"Flexible BIM for Rhino","potentialAction":[{"@type":"SearchAction","target":{"@type":"EntryPoint","urlTemplate":"https:\/\/www.visualarq.com\/de\/?s={search_term_string}"},"query-input":{"@type":"PropertyValueSpecification","valueRequired":true,"valueName":"search_term_string"}}],"inLanguage":"de"}]}},"_links":{"self":[{"href":"https:\/\/www.visualarq.com\/de\/wp-json\/wp\/v2\/pages\/11327","targetHints":{"allow":["GET"]}}],"collection":[{"href":"https:\/\/www.visualarq.com\/de\/wp-json\/wp\/v2\/pages"}],"about":[{"href":"https:\/\/www.visualarq.com\/de\/wp-json\/wp\/v2\/types\/page"}],"author":[{"embeddable":true,"href":"https:\/\/www.visualarq.com\/de\/wp-json\/wp\/v2\/users\/6"}],"replies":[{"embeddable":true,"href":"https:\/\/www.visualarq.com\/de\/wp-json\/wp\/v2\/comments?post=11327"}],"version-history":[{"count":0,"href":"https:\/\/www.visualarq.com\/de\/wp-json\/wp\/v2\/pages\/11327\/revisions"}],"up":[{"embeddable":true,"href":"https:\/\/www.visualarq.com\/de\/wp-json\/wp\/v2\/pages\/11325"}],"wp:attachment":[{"href":"https:\/\/www.visualarq.com\/de\/wp-json\/wp\/v2\/media?parent=11327"}],"curies":[{"name":"wp","href":"https:\/\/api.w.org\/{rel}","templated":true}]}}