{"id":11335,"date":"2013-11-19T00:00:00","date_gmt":"2013-11-19T00:00:00","guid":{"rendered":"https:\/\/www.visualarq.com\/features\/grasshopper\/exercises\/create-slabs\/"},"modified":"2019-01-02T16:00:38","modified_gmt":"2019-01-02T16:00:38","slug":"create-slabs","status":"publish","type":"page","link":"https:\/\/www.visualarq.com\/de\/learn\/grasshopper-components\/create-slabs\/","title":{"rendered":"\u00dcbung 5. Erzeugung einer Decke"},"content":{"rendered":"<h1>\u00dcbung 5. Erzeugung einer Decke<\/h1>\n\n<h3>1. Erzeugung einer Decke:<\/h3>\n\n<p><em><img loading=\"lazy\" decoding=\"async\" class=\"aligncenter size-full wp-image-8218\" alt=\"\u00dcbung 5 Einfache Decke\" src=\"https:\/\/www.visualarq.com\/wp-content\/uploads\/sites\/2\/2013\/11\/Exercise-5-Simple-slab.png\" width=\"900\" height=\"250\" \/><\/em><\/p>\n\n<p>Zur Erzeugung einer VisualARQ-Decke in Grasshopper ben\u00f6tigen Sie nur eine geschlossene und planare Kurve.<\/p>\n\n<ul>\n\n<li>1. Ziehen Sie eine VisualARQ-&#8222;<em><strong>Slab<\/strong><\/em>&#8222;-Komponente <img loading=\"lazy\" decoding=\"async\" class=\"alignnone size-full wp-image-8204\" alt=\"Slab-24\" src=\"https:\/\/www.visualarq.com\/wp-content\/uploads\/sites\/2\/2013\/11\/Slab-24.png\" width=\"24\" height=\"24\" \/>\u00a0auf die Grasshopper-Arbeitsfl\u00e4che. Diese Deckenkomponente hat zwei Inputs:\n\n<ul>\n\n<li><strong>C:<\/strong>\u00a0Begrenzungskurve<\/li>\n\n<li><strong>O:\u00a0<\/strong>Optionen zur Einstellung der Deckenparameter.<\/li>\n\n<\/ul>\n\n<\/li>\n\n<li>2. Weisen Sie dem Input <strong>C<\/strong> der Decke eine <em>Kurve<\/em> zu. Aus der Kurve leitet sich die Deckenbegrenzung ab, weswegen sie planar und geschlossen sein muss. Sie k\u00f6nnen mehrere Kurven ausw\u00e4hlen, um mehrere Decken zu erzeugen.<\/li>\n\n<\/ul>\n\n<p>Die Kurve(n) kann\/k\u00f6nnen aus Rhino stammen (in Grasshopper mit dem <em>Curve Param<\/em> referenziert) oder direkt in Grasshopper erzeugt werden.<\/p>\n\n<h3>2. Einstellung der Deckenparameter:<\/h3>\n\n<ul>\n\n<li>1. Ziehen Sie eine &#8222;<em><strong>Slab Options<\/strong><\/em>&#8222;-Komponente <img loading=\"lazy\" decoding=\"async\" class=\"alignnone size-full wp-image-8210\" alt=\"Slab Options-24\" src=\"https:\/\/www.visualarq.com\/wp-content\/uploads\/sites\/2\/2013\/11\/Slab-Options-24.png\" width=\"24\" height=\"24\" \/>\u00a0auf die Grasshopper-Arbeitsfl\u00e4che. Diese Komponente hat verschiedene Inputs, die die Deckenparameter definieren.<\/li>\n\n<li>2. Verbinden Sie den Output <em>O der Slab Options<\/em> mit dem Input <em>O<\/em> der <em>Slab<\/em>.<\/li>\n\n<li>3. Einstellung der verschiedenen <em>Slab Options<\/em>:\n\n<ul>\n\n<li><strong>(<em>S<\/em>)\u00a0<em>Slab Style<\/em>:\u00a0<img loading=\"lazy\" decoding=\"async\" class=\"alignnone size-full wp-image-8170\" alt=\"Slab Style Param-24\" src=\"https:\/\/www.visualarq.com\/wp-content\/uploads\/sites\/2\/2013\/11\/Slab-Style-Param-24.png\" width=\"24\" height=\"24\" \/><\/strong>\u00a0Ziehen Sie eine Slab <em>Style<\/em> Param-Komponente\u00a0auf die Arbeitsfl\u00e4che und verbinden Sie sie mit dem Input <em>S<\/em>\u00a0der <em>Slab Options<\/em>. Die aktuelle Version von VisualARQ (1.8) hat nur einen verf\u00fcgbaren Standardstil, der auch <span style=\"line-height: 24px\">standardm\u00e4\u00dfig<\/span> aktiviert ist. In zuk\u00fcnftigen Versionen werden verschiedene Deckenstile erstellt und bearbeitet werden k\u00f6nnen.<\/li>\n\n<li><strong>(A)\u00a0<em>Alignment<\/em><\/strong>:\u00a0<img loading=\"lazy\" decoding=\"async\" class=\"alignnone size-full wp-image-8214\" alt=\"Slabs and Roofs alignment input 24\" src=\"https:\/\/www.visualarq.com\/wp-content\/uploads\/sites\/2\/2013\/11\/Slabs-and-Roofs-alignment-input-24.png\" width=\"24\" height=\"24\" \/>\u00a0Die\u00a0<em>Slab Alignment (Params tab &gt; Architectural Inputs)<\/em>\u00a0bestimmt die Position der Decke bez\u00fcglich ihrer Begrenzungskurve. Es stehen drei Optionen zu Verf\u00fcgung: <em>top<\/em>,\u00a0<em>center<\/em>\u00a0or<em>\u00a0bottom<\/em>. Diese Ausrichtungspositionen k\u00f6nnen auch als Integerwerte (<em>0=Oben, 1=Zentriert<\/em>, <em>2=Unten<\/em>) in den Input  <em>A<\/em>  eingegeben werden.<\/li>\n\n<li><strong>(<em>T<\/em>)\u00a0<em>Thickness<\/em><\/strong>: Deckenst\u00e4rke.\u00a0<\/li>\n\n<\/ul>\n\n<\/li>\n\n<\/ul>\n\n<h3>3. Abziehen einer Begrenzung von einer Decke<\/h3>\n\n<p><em><img loading=\"lazy\" decoding=\"async\" class=\"aligncenter size-full wp-image-8219\" alt=\"\u00dcbung 5 Decke anziehen\" src=\"https:\/\/www.visualarq.com\/wp-content\/uploads\/sites\/2\/2013\/11\/Exercise-5-slab-subtract.png\" width=\"900\" height=\"229\" \/><\/em><\/p>\n\n<p>Sie k\u00f6nnen eine Begrenzungskurve von einer Decke oder mehreren Decken abziehen.<\/p>\n\n<ol>\n\n<li>Ziehen Sie eine &#8222;<em>Slab Subtract Boundary<\/em>&#8222;-Komponente <img loading=\"lazy\" decoding=\"async\" class=\"alignnone size-full wp-image-5116\" alt=\"VA_SlabSubtract\" src=\"https:\/\/www.visualarq.com\/wp-content\/uploads\/sites\/2\/2012\/06\/VA_SlabSubtract.jpg\" width=\"26\" height=\"26\" \/>\u00a0auf die Arbeitsfl\u00e4che.<\/li>\n\n<li>In den Input <em>S<\/em> st\u00f6pseln Sie die Decke, von der Sie die Begrenzungsform abziehen m\u00f6chten.<\/li>\n\n<li>In den Input <em>C<\/em> st\u00f6pseln Sie die Kurve, die Sie als Begrenzung abziehen m\u00f6chten. Diese Kurve muss flach und geschlossen sein.<\/li>\n\n<\/ol>\n\n<p>Das Abziehen von einer Decke anhand einer Begrenzungskurve wird entsprechend der vertikalen Projektion der Begrenzungskurve auf die Decke ausgef\u00fchrt.<br \/> Wenn die Begrenzungskurve vollst\u00e4ndig au\u00dferhalb der Deckenbegrenzung projiziert wird, kann das Abziehen nicht ausgef\u00fchrt werden und ist daher auch nicht sichtbar.<\/p>\n\n<p><strong>Hinweis<\/strong>: Begrenzungen m\u00fcssen sich nicht in der Deckenebene befinden, es muss sich dabei aber um <strong>planare<\/strong> und <strong>geschlossene<\/strong> Kurven handeln.<\/p>\n\n<h3>4. Verkn\u00fcpfung von Treppenkonturen mit Decken\u00f6ffnungen<\/h3>\n\n<p><em style=\"line-height: 24px\"><img loading=\"lazy\" decoding=\"async\" class=\"aligncenter size-full wp-image-8220\" alt=\"Treppendurchgangs\u00f6ffnung\" src=\"https:\/\/www.visualarq.com\/wp-content\/uploads\/sites\/2\/2013\/11\/Slab-stair-clerance.png\" width=\"900\" height=\"260\" \/><\/em><\/p>\n\n<p>Sie k\u00f6nnen die Begrenzung einer VisualARQ-Treppe von einem Deckenobjekt abziehen und somit in der Decke eine \u00d6ffnung zur Einhaltung der angegebenen Mindestabstandsh\u00f6he zwischen dem Treppenpfad und der Deckenunterseite eingef\u00fcgen.<\/p>\n\n<ol>\n\n<li>Ziehen Sie eine &#8222;<em>Slab Subtract Stair Clearance<\/em>&#8222;-Komponente <img loading=\"lazy\" decoding=\"async\" class=\"alignnone size-full wp-image-8221\" alt=\"vaSlabSubtractStairClearance 24\" src=\"https:\/\/www.visualarq.com\/wp-content\/uploads\/sites\/2\/2013\/11\/vaSlabSubtractStairClearance-24.png\" width=\"24\" height=\"24\" \/>\u00a0auf die Arbeitsfl\u00e4che.<\/li>\n\n<li>Diese Komponente hat drei Inputs. St\u00f6pseln die entsprechenden Komponenten und Werte ein <span style=\"line-height: 24px\">:<\/span>\n\n<ul>\n\n<li><strong>(S)<\/strong>: Input der Decke<\/li>\n\n<li><strong>(St)<\/strong>: Treppe f\u00fcr die \u00d6ffnung<\/li>\n\n<li><strong>(H)<\/strong>: H\u00f6he der Durchgangs\u00f6ffnung: Mindestabstandsh\u00f6he zwischen dem Treppenpfad und der Deckenunterseite<\/li>\n\n<\/ul>\n\n<\/li>\n\n<\/ol>\n\n<h3>5. Erzeugung mehrst\u00f6ckiger Decken aus einem Volumen<\/h3>\n\n<p><img loading=\"lazy\" decoding=\"async\" class=\"alignnone size-full wp-image-8224\" alt=\"Decken aus Volumen\" src=\"https:\/\/www.visualarq.com\/wp-content\/uploads\/sites\/2\/2013\/11\/Slabs-from-volume.jpg\" width=\"900\" height=\"632\" \/><\/p>\n\n<p><strong>Schritt 1<\/strong>. W\u00e4hlen Sie im Modell ein referenziertes Brep: F\u00fcgen Sie eine &#8222;<em>Brep Param<\/em>&#8222;-Komponente ein, klicken Sie darauf mit der rechten Maustaste und w\u00e4hlen Sie <em>Set one Brep<\/em> (Volume) aus dem Modell (verbergen Sie danach das Brep in Rhino, um den Workflow zu vereinfachen).<\/p>\n\n<p><strong>Schritt 2.<\/strong>\u00a0Erstellen Sie Schnittebenen entlang der Geb\u00e4udeh\u00f6he:<\/p>\n\n<ol>\n\n<li>Erzeugen Sie eine vertikale Linie mit derselben H\u00f6he wie das Brep. Zu diesem Zweck k\u00f6nnen Sie <strong><em>Line SDL<\/em><\/strong> verwenden. Diese Linie ben\u00f6tigt die folgenden Informationen\n\n<ol>\n\n<li><strong>(S)<\/strong>: Linienstartpunkt (Stellen Sie sicher, dass sich der Punkt auf der Basis des Volumens befinden).<\/li>\n\n<li><strong>(D):<\/strong> Linienrichtung: (<em>Unit Z<\/em>-Vektor)<\/li>\n\n<li><strong>(L)<\/strong>: L\u00e4nge der Linie. Geben Sie die H\u00f6he des Geb\u00e4udes ein, nachdem Sie es gemessen haben.<\/li>\n\n<\/ol>\n\n<\/li>\n\n<li>Unterteilen Sie die Liniensegmente: jeder Abschnitt steht f\u00fcr eine Etage des Geb\u00e4udes.\n\n<ol>\n\n<li>Ziehen Sie eine &#8222;<em>Divide Length<\/em>&#8222;-Komponente auf die Arbeitsfl\u00e4che.<\/li>\n\n<li>St\u00f6pseln Sie die <em>Line SDL <\/em>-Komponente in den Input <em>C<\/em> (Curve to divide) und geben Sie einen numerischen Wert in den Input <em>L<\/em> (Length of segments).<\/li>\n\n<\/ol>\n\n<\/li>\n\n<li>Erzeugung des Ebenen: Ziehen Sie eine Plane-Komponente auf die Arbeitsfl\u00e4che und setzen Sie sie auf die Teilungspunkte der &#8222;Divide Length&#8220;-Komponente.<\/li>\n\n<\/ol>\n\n<p><strong>Schritt 3.<\/strong> Lokalisierung der Schnittkurven zwischen den horizontalen Ebenen und dem Brep.<\/p>\n\n<ol>\n\n<li>Platzieren Sie eine <em>Brep \/ Plane<\/em>-Komponente und st\u00f6pseln Sie das <em>Base Brep<\/em> in den Input B input und die <span style=\"font-size: medium;line-height: 24px\"><em>Section Planes<\/em> in den Input <em>P<\/em>. Daraufhin werden die Konturlinien des Breps erstellt.<\/span><\/li>\n\n<\/ol>\n\n<p><strong>Schritt 4.<\/strong> Erzeugung der Decken.<\/p>\n\n<ol>\n\n<li>Wie bereits in Abschnitt 1 erkl\u00e4rt, ziehen Sie nun eine <em>Slab<\/em>-Komponente <img loading=\"lazy\" decoding=\"async\" alt=\"Slab-24\" src=\"https:\/\/www.visualarq.com\/wp-content\/uploads\/sites\/2\/2013\/11\/Slab-24.png\" width=\"24\" height=\"24\" \/> auf die Arbeitsfl\u00e4che und st\u00f6pseln Sie in ihren Input <em>C<\/em> die im vorherigen Schritt erzeugte Schnittkurven.<\/li>\n\n<li>Ziehen Sie zur Bearbeitung der Deckenparameter eine <em>Slab Options<\/em>-Komponente <img loading=\"lazy\" decoding=\"async\" alt=\"Slab Options-24\" src=\"https:\/\/www.visualarq.com\/wp-content\/uploads\/sites\/2\/2013\/11\/Slab-Options-24.png\" width=\"24\" height=\"24\" \/> auf die Arbeitsfl\u00e4che.<\/li>\n\n<\/ol>\n\n<p><strong>Schritt 5.<\/strong> Abziehen einer Begrenzungskurve von allen Decken.<\/p>\n\n<ol>\n\n<li>W\u00e4hlen Sie <em>Curve Param<\/em> <img loading=\"lazy\" decoding=\"async\" class=\"alignnone size-full wp-image-7365\" alt=\"Curve Param\" src=\"https:\/\/www.visualarq.com\/wp-content\/uploads\/sites\/2\/2013\/06\/Curve-Param.png\" width=\"60\" height=\"25\" \/> und setzen Sie eine der Kurven im Modell als Begrenzungskurve, die von allen Decken abgezogen werden soll.<\/li>\n\n<li>Ziehen Sie eine &#8222;<em>Slab Subtract Boundary<\/em>&#8222;-Komponente <img loading=\"lazy\" decoding=\"async\" alt=\"VA_SlabSubtract\" src=\"https:\/\/www.visualarq.com\/wp-content\/uploads\/sites\/2\/2012\/06\/VA_SlabSubtract.jpg\" width=\"26\" height=\"26\" \/>\u00a0auf die Arbeitsfl\u00e4che und verbinden Sie sie mit der Begrenzungskurve und den erstellten Decken.<\/li>\n\n<\/ol>","protected":false},"excerpt":{"rendered":"<p>\u00dcbung 5. Erzeugung einer Decke 1. Erzeugung einer Decke: Zur Erzeugung einer VisualARQ-Decke in Grasshopper ben\u00f6tigen Sie nur eine geschlossene und planare Kurve. 1. Ziehen Sie eine VisualARQ-&#8222;Slab&#8222;-Komponente \u00a0auf die Grasshopper-Arbeitsfl\u00e4che. Diese Deckenkomponente hat zwei Inputs: C:\u00a0Begrenzungskurve O:\u00a0Optionen zur Einstellung der Deckenparameter. 2. Weisen Sie dem Input C der Decke eine Kurve zu. Aus der [&hellip;]<\/p>\n","protected":false},"author":6,"featured_media":0,"parent":11325,"menu_order":5,"comment_status":"closed","ping_status":"closed","template":"","meta":{"_et_pb_use_builder":"","_et_pb_old_content":"","_et_gb_content_width":"","footnotes":""},"class_list":["post-11335","page","type-page","status-publish","hentry"],"yoast_head":"<!-- This site is optimized with the Yoast SEO plugin v27.3 - https:\/\/yoast.com\/product\/yoast-seo-wordpress\/ -->\n<title>\u00dcbung 5. Erzeugung einer Decke - VisualARQ<\/title>\n<meta name=\"robots\" content=\"index, follow, max-snippet:-1, max-image-preview:large, max-video-preview:-1\" \/>\n<link rel=\"canonical\" href=\"https:\/\/www.visualarq.com\/de\/learn\/grasshopper-components\/create-slabs\/\" \/>\n<meta property=\"og:locale\" content=\"de_DE\" \/>\n<meta property=\"og:type\" content=\"article\" \/>\n<meta property=\"og:title\" content=\"\u00dcbung 5. Erzeugung einer Decke - VisualARQ\" \/>\n<meta property=\"og:description\" content=\"\u00dcbung 5. Erzeugung einer Decke 1. Erzeugung einer Decke: Zur Erzeugung einer VisualARQ-Decke in Grasshopper ben\u00f6tigen Sie nur eine geschlossene und planare Kurve. 1. Ziehen Sie eine VisualARQ-&#8222;Slab&#8222;-Komponente \u00a0auf die Grasshopper-Arbeitsfl\u00e4che. Diese Deckenkomponente hat zwei Inputs: C:\u00a0Begrenzungskurve O:\u00a0Optionen zur Einstellung der Deckenparameter. 2. Weisen Sie dem Input C der Decke eine Kurve zu. Aus der [&hellip;]\" \/>\n<meta property=\"og:url\" content=\"https:\/\/www.visualarq.com\/de\/learn\/grasshopper-components\/create-slabs\/\" \/>\n<meta property=\"og:site_name\" content=\"VisualARQ\" \/>\n<meta property=\"article:publisher\" content=\"https:\/\/www.facebook.com\/visualarq\" \/>\n<meta property=\"article:modified_time\" content=\"2019-01-02T16:00:38+00:00\" \/>\n<meta property=\"og:image\" content=\"https:\/\/www.visualarq.com\/wp-content\/uploads\/sites\/2\/2013\/11\/Exercise-5-Simple-slab.png\" \/>\n<meta name=\"twitter:card\" content=\"summary_large_image\" \/>\n<meta name=\"twitter:site\" content=\"@VisualARQ\" \/>\n<meta name=\"twitter:label1\" content=\"Gesch\u00e4tzte Lesezeit\" \/>\n\t<meta name=\"twitter:data1\" content=\"4\u00a0Minuten\" \/>\n<script type=\"application\/ld+json\" class=\"yoast-schema-graph\">{\"@context\":\"https:\\\/\\\/schema.org\",\"@graph\":[{\"@type\":\"WebPage\",\"@id\":\"https:\\\/\\\/www.visualarq.com\\\/de\\\/learn\\\/grasshopper-components\\\/create-slabs\\\/\",\"url\":\"https:\\\/\\\/www.visualarq.com\\\/de\\\/learn\\\/grasshopper-components\\\/create-slabs\\\/\",\"name\":\"\u00dcbung 5. Erzeugung einer Decke - VisualARQ\",\"isPartOf\":{\"@id\":\"https:\\\/\\\/www.visualarq.com\\\/de\\\/#website\"},\"primaryImageOfPage\":{\"@id\":\"https:\\\/\\\/www.visualarq.com\\\/de\\\/learn\\\/grasshopper-components\\\/create-slabs\\\/#primaryimage\"},\"image\":{\"@id\":\"https:\\\/\\\/www.visualarq.com\\\/de\\\/learn\\\/grasshopper-components\\\/create-slabs\\\/#primaryimage\"},\"thumbnailUrl\":\"https:\\\/\\\/www.visualarq.com\\\/wp-content\\\/uploads\\\/sites\\\/2\\\/2013\\\/11\\\/Exercise-5-Simple-slab.png\",\"datePublished\":\"2013-11-19T00:00:00+00:00\",\"dateModified\":\"2019-01-02T16:00:38+00:00\",\"breadcrumb\":{\"@id\":\"https:\\\/\\\/www.visualarq.com\\\/de\\\/learn\\\/grasshopper-components\\\/create-slabs\\\/#breadcrumb\"},\"inLanguage\":\"de\",\"potentialAction\":[{\"@type\":\"ReadAction\",\"target\":[\"https:\\\/\\\/www.visualarq.com\\\/de\\\/learn\\\/grasshopper-components\\\/create-slabs\\\/\"]}]},{\"@type\":\"ImageObject\",\"inLanguage\":\"de\",\"@id\":\"https:\\\/\\\/www.visualarq.com\\\/de\\\/learn\\\/grasshopper-components\\\/create-slabs\\\/#primaryimage\",\"url\":\"https:\\\/\\\/www.visualarq.com\\\/wp-content\\\/uploads\\\/sites\\\/2\\\/2013\\\/11\\\/Exercise-5-Simple-slab.png\",\"contentUrl\":\"https:\\\/\\\/www.visualarq.com\\\/wp-content\\\/uploads\\\/sites\\\/2\\\/2013\\\/11\\\/Exercise-5-Simple-slab.png\"},{\"@type\":\"BreadcrumbList\",\"@id\":\"https:\\\/\\\/www.visualarq.com\\\/de\\\/learn\\\/grasshopper-components\\\/create-slabs\\\/#breadcrumb\",\"itemListElement\":[{\"@type\":\"ListItem\",\"position\":1,\"name\":\"Home\",\"item\":\"https:\\\/\\\/www.visualarq.com\\\/de\\\/home\\\/\"},{\"@type\":\"ListItem\",\"position\":2,\"name\":\"Schulung\",\"item\":\"https:\\\/\\\/www.visualarq.com\\\/de\\\/learn\\\/\"},{\"@type\":\"ListItem\",\"position\":3,\"name\":\"Grasshopper-Komponenten\",\"item\":\"https:\\\/\\\/www.visualarq.com\\\/de\\\/learn\\\/grasshopper-components\\\/\"},{\"@type\":\"ListItem\",\"position\":4,\"name\":\"\u00dcbung 5. Erzeugung einer Decke\"}]},{\"@type\":\"WebSite\",\"@id\":\"https:\\\/\\\/www.visualarq.com\\\/de\\\/#website\",\"url\":\"https:\\\/\\\/www.visualarq.com\\\/de\\\/\",\"name\":\"VisualARQ\",\"description\":\"Flexible BIM for Rhino\",\"potentialAction\":[{\"@type\":\"SearchAction\",\"target\":{\"@type\":\"EntryPoint\",\"urlTemplate\":\"https:\\\/\\\/www.visualarq.com\\\/de\\\/?s={search_term_string}\"},\"query-input\":{\"@type\":\"PropertyValueSpecification\",\"valueRequired\":true,\"valueName\":\"search_term_string\"}}],\"inLanguage\":\"de\"}]}<\/script>\n<!-- \/ Yoast SEO plugin. -->","yoast_head_json":{"title":"\u00dcbung 5. Erzeugung einer Decke - VisualARQ","robots":{"index":"index","follow":"follow","max-snippet":"max-snippet:-1","max-image-preview":"max-image-preview:large","max-video-preview":"max-video-preview:-1"},"canonical":"https:\/\/www.visualarq.com\/de\/learn\/grasshopper-components\/create-slabs\/","og_locale":"de_DE","og_type":"article","og_title":"\u00dcbung 5. Erzeugung einer Decke - VisualARQ","og_description":"\u00dcbung 5. Erzeugung einer Decke 1. Erzeugung einer Decke: Zur Erzeugung einer VisualARQ-Decke in Grasshopper ben\u00f6tigen Sie nur eine geschlossene und planare Kurve. 1. Ziehen Sie eine VisualARQ-&#8222;Slab&#8222;-Komponente \u00a0auf die Grasshopper-Arbeitsfl\u00e4che. Diese Deckenkomponente hat zwei Inputs: C:\u00a0Begrenzungskurve O:\u00a0Optionen zur Einstellung der Deckenparameter. 2. Weisen Sie dem Input C der Decke eine Kurve zu. Aus der [&hellip;]","og_url":"https:\/\/www.visualarq.com\/de\/learn\/grasshopper-components\/create-slabs\/","og_site_name":"VisualARQ","article_publisher":"https:\/\/www.facebook.com\/visualarq","article_modified_time":"2019-01-02T16:00:38+00:00","og_image":[{"url":"https:\/\/www.visualarq.com\/wp-content\/uploads\/sites\/2\/2013\/11\/Exercise-5-Simple-slab.png","type":"","width":"","height":""}],"twitter_card":"summary_large_image","twitter_site":"@VisualARQ","twitter_misc":{"Gesch\u00e4tzte Lesezeit":"4\u00a0Minuten"},"schema":{"@context":"https:\/\/schema.org","@graph":[{"@type":"WebPage","@id":"https:\/\/www.visualarq.com\/de\/learn\/grasshopper-components\/create-slabs\/","url":"https:\/\/www.visualarq.com\/de\/learn\/grasshopper-components\/create-slabs\/","name":"\u00dcbung 5. Erzeugung einer Decke - VisualARQ","isPartOf":{"@id":"https:\/\/www.visualarq.com\/de\/#website"},"primaryImageOfPage":{"@id":"https:\/\/www.visualarq.com\/de\/learn\/grasshopper-components\/create-slabs\/#primaryimage"},"image":{"@id":"https:\/\/www.visualarq.com\/de\/learn\/grasshopper-components\/create-slabs\/#primaryimage"},"thumbnailUrl":"https:\/\/www.visualarq.com\/wp-content\/uploads\/sites\/2\/2013\/11\/Exercise-5-Simple-slab.png","datePublished":"2013-11-19T00:00:00+00:00","dateModified":"2019-01-02T16:00:38+00:00","breadcrumb":{"@id":"https:\/\/www.visualarq.com\/de\/learn\/grasshopper-components\/create-slabs\/#breadcrumb"},"inLanguage":"de","potentialAction":[{"@type":"ReadAction","target":["https:\/\/www.visualarq.com\/de\/learn\/grasshopper-components\/create-slabs\/"]}]},{"@type":"ImageObject","inLanguage":"de","@id":"https:\/\/www.visualarq.com\/de\/learn\/grasshopper-components\/create-slabs\/#primaryimage","url":"https:\/\/www.visualarq.com\/wp-content\/uploads\/sites\/2\/2013\/11\/Exercise-5-Simple-slab.png","contentUrl":"https:\/\/www.visualarq.com\/wp-content\/uploads\/sites\/2\/2013\/11\/Exercise-5-Simple-slab.png"},{"@type":"BreadcrumbList","@id":"https:\/\/www.visualarq.com\/de\/learn\/grasshopper-components\/create-slabs\/#breadcrumb","itemListElement":[{"@type":"ListItem","position":1,"name":"Home","item":"https:\/\/www.visualarq.com\/de\/home\/"},{"@type":"ListItem","position":2,"name":"Schulung","item":"https:\/\/www.visualarq.com\/de\/learn\/"},{"@type":"ListItem","position":3,"name":"Grasshopper-Komponenten","item":"https:\/\/www.visualarq.com\/de\/learn\/grasshopper-components\/"},{"@type":"ListItem","position":4,"name":"\u00dcbung 5. Erzeugung einer Decke"}]},{"@type":"WebSite","@id":"https:\/\/www.visualarq.com\/de\/#website","url":"https:\/\/www.visualarq.com\/de\/","name":"VisualARQ","description":"Flexible BIM for Rhino","potentialAction":[{"@type":"SearchAction","target":{"@type":"EntryPoint","urlTemplate":"https:\/\/www.visualarq.com\/de\/?s={search_term_string}"},"query-input":{"@type":"PropertyValueSpecification","valueRequired":true,"valueName":"search_term_string"}}],"inLanguage":"de"}]}},"_links":{"self":[{"href":"https:\/\/www.visualarq.com\/de\/wp-json\/wp\/v2\/pages\/11335","targetHints":{"allow":["GET"]}}],"collection":[{"href":"https:\/\/www.visualarq.com\/de\/wp-json\/wp\/v2\/pages"}],"about":[{"href":"https:\/\/www.visualarq.com\/de\/wp-json\/wp\/v2\/types\/page"}],"author":[{"embeddable":true,"href":"https:\/\/www.visualarq.com\/de\/wp-json\/wp\/v2\/users\/6"}],"replies":[{"embeddable":true,"href":"https:\/\/www.visualarq.com\/de\/wp-json\/wp\/v2\/comments?post=11335"}],"version-history":[{"count":0,"href":"https:\/\/www.visualarq.com\/de\/wp-json\/wp\/v2\/pages\/11335\/revisions"}],"up":[{"embeddable":true,"href":"https:\/\/www.visualarq.com\/de\/wp-json\/wp\/v2\/pages\/11325"}],"wp:attachment":[{"href":"https:\/\/www.visualarq.com\/de\/wp-json\/wp\/v2\/media?parent=11335"}],"curies":[{"name":"wp","href":"https:\/\/api.w.org\/{rel}","templated":true}]}}