{"id":41220,"date":"2024-10-07T09:40:33","date_gmt":"2024-10-07T09:40:33","guid":{"rendered":"https:\/\/www.visualarq.com\/?page_id=41220"},"modified":"2024-10-09T16:30:30","modified_gmt":"2024-10-09T16:30:30","slug":"v3","status":"publish","type":"page","link":"https:\/\/www.visualarq.com\/de\/download\/update\/v3\/","title":{"rendered":"Version 3"},"content":{"rendered":"<h1>Vielen Dank f\u00fcr den Download von VisualARQ 3 <\/h1>\r\n<p>W\u00e4hlen Sie bitte die VisualARQ-Version aus, die Sie runterladen m\u00f6chten: <\/p>\r\n<ul>\r\n<li><a href=\"https:\/\/www.visualarq.com\/de\/download\/update\/v3\/rhino8\/\">VisualARQ 3 f\u00fcr Rhinoceros 8<\/a><\/li>\r\n<li><a href=\"https:\/\/www.visualarq.com\/de\/download\/update\/v3\/rhino7\/\">VisualARQ 3 f\u00fcr Rhinoceros 7<\/a><\/li>\r\n<\/ul>","protected":false},"excerpt":{"rendered":"<p>Vielen Dank f\u00fcr den Download von VisualARQ 3 W\u00e4hlen Sie bitte die VisualARQ-Version aus, die Sie runterladen m\u00f6chten: VisualARQ 3 f\u00fcr Rhinoceros 8 VisualARQ 3 f\u00fcr Rhinoceros 7<\/p>\n","protected":false},"author":1,"featured_media":0,"parent":11244,"menu_order":0,"comment_status":"closed","ping_status":"closed","template":"","meta":{"_et_pb_use_builder":"","_et_pb_old_content":"","_et_gb_content_width":"","footnotes":""},"class_list":["post-41220","page","type-page","status-publish","hentry"],"yoast_head":"<!-- This site is optimized with the Yoast SEO plugin v27.3 - https:\/\/yoast.com\/product\/yoast-seo-wordpress\/ -->\n<title>Version 3 - VisualARQ<\/title>\n<meta name=\"robots\" content=\"index, follow, max-snippet:-1, max-image-preview:large, max-video-preview:-1\" \/>\n<link rel=\"canonical\" href=\"https:\/\/www.visualarq.com\/de\/download\/update\/v3\/\" \/>\n<meta property=\"og:locale\" content=\"de_DE\" \/>\n<meta property=\"og:type\" content=\"article\" \/>\n<meta property=\"og:title\" content=\"Version 3 - VisualARQ\" \/>\n<meta property=\"og:description\" content=\"Vielen Dank f\u00fcr den Download von VisualARQ 3 W\u00e4hlen Sie bitte die VisualARQ-Version aus, die Sie runterladen m\u00f6chten: VisualARQ 3 f\u00fcr Rhinoceros 8 VisualARQ 3 f\u00fcr Rhinoceros 7\" \/>\n<meta property=\"og:url\" content=\"https:\/\/www.visualarq.com\/de\/download\/update\/v3\/\" \/>\n<meta property=\"og:site_name\" content=\"VisualARQ\" \/>\n<meta property=\"article:publisher\" content=\"https:\/\/www.facebook.com\/visualarq\" \/>\n<meta property=\"article:modified_time\" content=\"2024-10-09T16:30:30+00:00\" \/>\n<meta name=\"twitter:card\" content=\"summary_large_image\" \/>\n<meta name=\"twitter:site\" content=\"@VisualARQ\" \/>\n<script type=\"application\/ld+json\" class=\"yoast-schema-graph\">{\"@context\":\"https:\\\/\\\/schema.org\",\"@graph\":[{\"@type\":\"WebPage\",\"@id\":\"https:\\\/\\\/www.visualarq.com\\\/de\\\/download\\\/update\\\/v3\\\/\",\"url\":\"https:\\\/\\\/www.visualarq.com\\\/de\\\/download\\\/update\\\/v3\\\/\",\"name\":\"Version 3 - VisualARQ\",\"isPartOf\":{\"@id\":\"https:\\\/\\\/www.visualarq.com\\\/de\\\/#website\"},\"datePublished\":\"2024-10-07T09:40:33+00:00\",\"dateModified\":\"2024-10-09T16:30:30+00:00\",\"breadcrumb\":{\"@id\":\"https:\\\/\\\/www.visualarq.com\\\/de\\\/download\\\/update\\\/v3\\\/#breadcrumb\"},\"inLanguage\":\"de\",\"potentialAction\":[{\"@type\":\"ReadAction\",\"target\":[\"https:\\\/\\\/www.visualarq.com\\\/de\\\/download\\\/update\\\/v3\\\/\"]}]},{\"@type\":\"BreadcrumbList\",\"@id\":\"https:\\\/\\\/www.visualarq.com\\\/de\\\/download\\\/update\\\/v3\\\/#breadcrumb\",\"itemListElement\":[{\"@type\":\"ListItem\",\"position\":1,\"name\":\"Home\",\"item\":\"https:\\\/\\\/www.visualarq.com\\\/de\\\/home\\\/\"},{\"@type\":\"ListItem\",\"position\":2,\"name\":\"Download\",\"item\":\"https:\\\/\\\/www.visualarq.com\\\/de\\\/download\\\/\"},{\"@type\":\"ListItem\",\"position\":3,\"name\":\"Update\",\"item\":\"https:\\\/\\\/www.visualarq.com\\\/de\\\/download\\\/update\\\/\"},{\"@type\":\"ListItem\",\"position\":4,\"name\":\"Version 3\"}]},{\"@type\":\"WebSite\",\"@id\":\"https:\\\/\\\/www.visualarq.com\\\/de\\\/#website\",\"url\":\"https:\\\/\\\/www.visualarq.com\\\/de\\\/\",\"name\":\"VisualARQ\",\"description\":\"Flexible BIM for Rhino\",\"potentialAction\":[{\"@type\":\"SearchAction\",\"target\":{\"@type\":\"EntryPoint\",\"urlTemplate\":\"https:\\\/\\\/www.visualarq.com\\\/de\\\/?s={search_term_string}\"},\"query-input\":{\"@type\":\"PropertyValueSpecification\",\"valueRequired\":true,\"valueName\":\"search_term_string\"}}],\"inLanguage\":\"de\"}]}<\/script>\n<!-- \/ Yoast SEO plugin. -->","yoast_head_json":{"title":"Version 3 - VisualARQ","robots":{"index":"index","follow":"follow","max-snippet":"max-snippet:-1","max-image-preview":"max-image-preview:large","max-video-preview":"max-video-preview:-1"},"canonical":"https:\/\/www.visualarq.com\/de\/download\/update\/v3\/","og_locale":"de_DE","og_type":"article","og_title":"Version 3 - VisualARQ","og_description":"Vielen Dank f\u00fcr den Download von VisualARQ 3 W\u00e4hlen Sie bitte die VisualARQ-Version aus, die Sie runterladen m\u00f6chten: VisualARQ 3 f\u00fcr Rhinoceros 8 VisualARQ 3 f\u00fcr Rhinoceros 7","og_url":"https:\/\/www.visualarq.com\/de\/download\/update\/v3\/","og_site_name":"VisualARQ","article_publisher":"https:\/\/www.facebook.com\/visualarq","article_modified_time":"2024-10-09T16:30:30+00:00","twitter_card":"summary_large_image","twitter_site":"@VisualARQ","schema":{"@context":"https:\/\/schema.org","@graph":[{"@type":"WebPage","@id":"https:\/\/www.visualarq.com\/de\/download\/update\/v3\/","url":"https:\/\/www.visualarq.com\/de\/download\/update\/v3\/","name":"Version 3 - VisualARQ","isPartOf":{"@id":"https:\/\/www.visualarq.com\/de\/#website"},"datePublished":"2024-10-07T09:40:33+00:00","dateModified":"2024-10-09T16:30:30+00:00","breadcrumb":{"@id":"https:\/\/www.visualarq.com\/de\/download\/update\/v3\/#breadcrumb"},"inLanguage":"de","potentialAction":[{"@type":"ReadAction","target":["https:\/\/www.visualarq.com\/de\/download\/update\/v3\/"]}]},{"@type":"BreadcrumbList","@id":"https:\/\/www.visualarq.com\/de\/download\/update\/v3\/#breadcrumb","itemListElement":[{"@type":"ListItem","position":1,"name":"Home","item":"https:\/\/www.visualarq.com\/de\/home\/"},{"@type":"ListItem","position":2,"name":"Download","item":"https:\/\/www.visualarq.com\/de\/download\/"},{"@type":"ListItem","position":3,"name":"Update","item":"https:\/\/www.visualarq.com\/de\/download\/update\/"},{"@type":"ListItem","position":4,"name":"Version 3"}]},{"@type":"WebSite","@id":"https:\/\/www.visualarq.com\/de\/#website","url":"https:\/\/www.visualarq.com\/de\/","name":"VisualARQ","description":"Flexible BIM for Rhino","potentialAction":[{"@type":"SearchAction","target":{"@type":"EntryPoint","urlTemplate":"https:\/\/www.visualarq.com\/de\/?s={search_term_string}"},"query-input":{"@type":"PropertyValueSpecification","valueRequired":true,"valueName":"search_term_string"}}],"inLanguage":"de"}]}},"_links":{"self":[{"href":"https:\/\/www.visualarq.com\/de\/wp-json\/wp\/v2\/pages\/41220","targetHints":{"allow":["GET"]}}],"collection":[{"href":"https:\/\/www.visualarq.com\/de\/wp-json\/wp\/v2\/pages"}],"about":[{"href":"https:\/\/www.visualarq.com\/de\/wp-json\/wp\/v2\/types\/page"}],"author":[{"embeddable":true,"href":"https:\/\/www.visualarq.com\/de\/wp-json\/wp\/v2\/users\/1"}],"replies":[{"embeddable":true,"href":"https:\/\/www.visualarq.com\/de\/wp-json\/wp\/v2\/comments?post=41220"}],"version-history":[{"count":1,"href":"https:\/\/www.visualarq.com\/de\/wp-json\/wp\/v2\/pages\/41220\/revisions"}],"predecessor-version":[{"id":41301,"href":"https:\/\/www.visualarq.com\/de\/wp-json\/wp\/v2\/pages\/41220\/revisions\/41301"}],"up":[{"embeddable":true,"href":"https:\/\/www.visualarq.com\/de\/wp-json\/wp\/v2\/pages\/11244"}],"wp:attachment":[{"href":"https:\/\/www.visualarq.com\/de\/wp-json\/wp\/v2\/media?parent=41220"}],"curies":[{"name":"wp","href":"https:\/\/api.w.org\/{rel}","templated":true}]}}