{"id":11606,"date":"2011-01-13T00:00:00","date_gmt":"2011-01-13T00:00:00","guid":{"rendered":"https:\/\/www.visualarq.com\/info\/what-is-rhino\/"},"modified":"2022-06-07T16:58:09","modified_gmt":"2022-06-07T16:58:09","slug":"what-is-rhino","status":"publish","type":"page","link":"https:\/\/www.visualarq.com\/es\/info\/what-is-rhino\/","title":{"rendered":"\u00bfQu\u00e9 es Rhino?"},"content":{"rendered":"\n<h1 class=\"wp-block-heading\"><strong>\u00bfQu\u00e9 es Rhino?<\/strong><\/h1>\n\n<div style=\"height:50px\" aria-hidden=\"true\" class=\"wp-block-spacer\"><\/div>\n\n<h3 class=\"wp-block-heading\">Rhinoceros \u2013 Herramientas de modelado para dise\u00f1adores y arquitectos<\/h3>\n\n<p>Desde la primera versi\u00f3n en 1998, Rhinoceros\u00ae, o Rhino\u00ae, se ha convertido en una herramienta de modelado 3D est\u00e1ndar para <strong>dise\u00f1adores<\/strong> y <strong>arquitectos<\/strong>.<\/p>\n\n<p>Rhino puede crear, editar, analizar, documentar, renderizar, animar y traducir curvas <strong>NURBS<\/strong>, superficies y s\u00f3lidos sin l\u00edmite de complejidad, grado o tama\u00f1o. Rhino tambi\u00e9n es compatible con mallas poligonales y nubes de puntos. Su precisi\u00f3n y flexibilidad permite a los estudiantes explorar y materializar sus ideas sin tener que perder mucho tiempo aprendiendo \u201cCAD\u201d.<\/p>\n\n<p>Empiece con un boceto, un dibujo, un modelo f\u00edsico o s\u00f3lo una idea. Rhino proporciona las herramientas para <strong>modelar<\/strong> y <strong>documentar<\/strong> sus proyectos de <strong>dise\u00f1o<\/strong> con precisi\u00f3n y dejarlos listos para el <strong>renderizado, la animaci\u00f3n, el dibujo, la ingenier\u00eda, el an\u00e1lisis y la fabricaci\u00f3n o construcci\u00f3n<\/strong>.<\/p>\n\n<p>Adem\u00e1s, cualquier geometr\u00eda creada en Rhino puede exportarse a cortadoras l\u00e1ser, fresadoras o impresoras 3D. Esta opci\u00f3n es la que diferencia a Rhino de las herramientas de modelado 3D generales basadas en pol\u00edgonos, con las que se pueden crear im\u00e1genes, pero sin precisi\u00f3n de fabricaci\u00f3n.<\/p>\n\n<p>La arquitectura abierta de Rhino tambi\u00e9n permite a los usuarios utilizar Rhino como plataforma de desarrollo: un SDK C++ y una serie de m\u00e9todos de scripting (RhinoScript) permiten a los programadores de cualquier nivel de experiencia personalizar y automatizar Rhino, adem\u00e1s de ampliar sus posibilidades. Hoy en d\u00eda, existen cientos de plug-ins comerciales para Rhino con funciones de anidado, creaci\u00f3n de terrenos, arquitectura param\u00e9trica, renderizado, animaci\u00f3n, CAM, modelado de subdivisi\u00f3n, joyer\u00eda, dise\u00f1o de moldes, etc.<\/p>\n\n<p>Con m\u00e1s de 300.000 usuarios comerciales y m\u00e1s de 10.000 escuelas, Rhino permite desarrollar sus dise\u00f1os con rapidez y para comunicar con total fidelidad sus ideas, emociones y datos a todas las personas involucradas en la investigaci\u00f3n, el desarrollo, el marketing y la fabricaci\u00f3n del producto, adem\u00e1s del proceso de construcci\u00f3n.<\/p>\n\n<p>Puede descargar una <strong>versi\u00f3n de Evaluaci\u00f3n<\/strong> desde <a href=\"https:\/\/www.rhino3d.com\/eval.htm\">www.es.rhino3d.com\/eval.htm<\/a><\/p>\n\n<div style=\"height:50px\" aria-hidden=\"true\" class=\"wp-block-spacer\"><\/div>\n\n<h2 class=\"wp-block-heading\">VisualARQ en Rhino:<\/h2>\n\n<p>VisualARQ est\u00e1 totalmente integrado en <strong>Rhino 5<\/strong> (32 y 64 bits), <strong>Rhino 6<\/strong> y <strong>Rhino 7<\/strong>.<\/p>\n\n<p>Utiliza el mismo flujo de trabajo y todas las herramientas y comandos de Rhino que funcionan con objetos 2D y 3D pueden combinarse con los objetos de VisualARQ.<\/p>\n\n<p><\/p>\n\n<p><\/p>\n\n<div class=\"wp-block-group is-layout-flow wp-block-group-is-layout-flow\">\n<h3 class=\"wp-block-heading\">Herramientas de creaci\u00f3n de curvas y dibujo 2D:<\/h3>\n\n\n\n<div style=\"height:20px\" aria-hidden=\"true\" class=\"wp-block-spacer\"><\/div>\n\n\n\n<div class=\"wp-block-columns is-layout-flex wp-container-core-columns-is-layout-9d6595d7 wp-block-columns-is-layout-flex\">\n<div class=\"wp-block-column is-layout-flow wp-block-column-is-layout-flow\" style=\"flex-basis:30%\">\n<div class=\"wp-block-image\"><figure class=\"aligncenter\"><img decoding=\"async\" src=\"https:\/\/www.visualarq.com\/wp-content\/uploads\/sites\/2\/2011\/08\/toolbar-curve-creation.png\" alt=\"\"\/><\/figure><\/div>\n<\/div>\n\n\n\n<div class=\"wp-block-column is-layout-flow wp-block-column-is-layout-flow\" style=\"flex-basis:70%\">\n<p>Punto, L\u00ednea, Curva, Polil\u00ednea, C\u00edrculo, Elipse, Arco, Rect\u00e1ngulo, Pol\u00edgono, etc.<\/p>\n<\/div>\n<\/div>\n\n\n\n<div class=\"wp-block-columns is-layout-flex wp-container-core-columns-is-layout-9d6595d7 wp-block-columns-is-layout-flex\">\n<div class=\"wp-block-column is-layout-flow wp-block-column-is-layout-flow\" style=\"flex-basis:30%\">\n<div class=\"wp-block-image\"><figure class=\"aligncenter is-resized\"><img loading=\"lazy\" decoding=\"async\" src=\"https:\/\/www.visualarq.com\/wp-content\/uploads\/sites\/2\/2011\/08\/toolbar-drawing-tools.png\" alt=\"\" width=\"247\" height=\"111\"\/><\/figure><\/div>\n<\/div>\n\n\n\n<div class=\"wp-block-column is-layout-flow wp-block-column-is-layout-flow\" style=\"flex-basis:70%\">\n<p>Empalmar, Desfasar, Curva, Extender, Reconstruir, Trama, Cota, Tipos de l\u00ednea, Texto, etc.<\/p>\n<\/div>\n<\/div>\n<\/div>\n\n<div class=\"wp-block-group is-layout-flow wp-block-group-is-layout-flow\">\n<h3 class=\"wp-block-heading\">Creaci\u00f3n de superficies y s\u00f3lidos:<\/h3>\n\n\n\n<div style=\"height:20px\" aria-hidden=\"true\" class=\"wp-block-spacer\"><\/div>\n\n\n\n<p><\/p>\n\n\n\n<div class=\"wp-block-columns is-layout-flex wp-container-core-columns-is-layout-9d6595d7 wp-block-columns-is-layout-flex\">\n<div class=\"wp-block-column is-layout-flow wp-block-column-is-layout-flow\" style=\"flex-basis:30%\">\n<div class=\"wp-block-image\"><figure class=\"aligncenter size-full\"><img loading=\"lazy\" decoding=\"async\" width=\"246\" height=\"114\" src=\"https:\/\/www.visualarq.com\/wp-content\/uploads\/2019\/01\/toolbar-surface-creation.png\" alt=\"\" class=\"wp-image-8506\"\/><\/figure><\/div>\n<\/div>\n\n\n\n<div class=\"wp-block-column is-layout-flow wp-block-column-is-layout-flow\" style=\"flex-basis:70%\">\n<p>Superficie desde puntos, Superficie desde curvas, Transici\u00f3n, Parche, Plano rectangular:, Barrido 1 y 2 carriles, Extrusi\u00f3n, etc.<\/p>\n<\/div>\n<\/div>\n\n\n\n<div class=\"wp-block-columns is-layout-flex wp-container-core-columns-is-layout-9d6595d7 wp-block-columns-is-layout-flex\">\n<div class=\"wp-block-column is-layout-flow wp-block-column-is-layout-flow\" style=\"flex-basis:30%\">\n<div class=\"wp-block-image\"><figure class=\"aligncenter\"><img decoding=\"async\" src=\"https:\/\/www.visualarq.com\/wp-content\/uploads\/sites\/2\/2011\/08\/toolbar-solid-creation.png\" alt=\"\"\/><\/figure><\/div>\n<\/div>\n\n\n\n<div class=\"wp-block-column is-layout-flow wp-block-column-is-layout-flow\" style=\"flex-basis:70%\">\n<p>Caja, Cilindro, Esfera, Elipsoide, Cono, Piramide, Tubo, Toroide, etc.<\/p>\n<\/div>\n<\/div>\n<\/div>\n\n<div class=\"wp-block-group is-layout-flow wp-block-group-is-layout-flow\">\n<h3 class=\"wp-block-heading\">Herramientas 2D y 3D y transformaci\u00f3n de objetos:<\/h3>\n\n\n\n<div style=\"height:20px\" aria-hidden=\"true\" class=\"wp-block-spacer\"><\/div>\n\n\n\n<p><\/p>\n\n\n\n<div class=\"wp-block-columns is-layout-flex wp-container-core-columns-is-layout-9d6595d7 wp-block-columns-is-layout-flex\">\n<div class=\"wp-block-column is-layout-flow wp-block-column-is-layout-flow\" style=\"flex-basis:30%\">\n<div class=\"wp-block-image\"><figure class=\"aligncenter\"><img decoding=\"async\" src=\"https:\/\/www.visualarq.com\/wp-content\/uploads\/sites\/2\/2011\/08\/toolbar-tools.png\" alt=\"\"\/><\/figure><\/div>\n<\/div>\n\n\n\n<div class=\"wp-block-column is-layout-flow wp-block-column-is-layout-flow\" style=\"flex-basis:70%\">\n<p>Curvas, Superficies, S\u00f3lidos, Mallas, Unir, Descomponer, Recortar, Partir, Agrupar, Puntos de control, Texto, Crear bloque, etc.<\/p>\n<\/div>\n<\/div>\n\n\n\n<div class=\"wp-block-columns is-layout-flex wp-container-core-columns-is-layout-9d6595d7 wp-block-columns-is-layout-flex\">\n<div class=\"wp-block-column is-layout-flow wp-block-column-is-layout-flow\" style=\"flex-basis:30%\">\n<div class=\"wp-block-image\"><figure class=\"aligncenter\"><img decoding=\"async\" src=\"https:\/\/www.visualarq.com\/wp-content\/uploads\/sites\/2\/2011\/08\/toolbar-transform.png\" alt=\"\"\/><\/figure><\/div>\n<\/div>\n\n\n\n<div class=\"wp-block-column is-layout-flow wp-block-column-is-layout-flow\" style=\"flex-basis:70%\">\n<p>Mover, Copiar, Rotar, Escalar, Reflejar, Alinear, Matriz, etc.<\/p>\n<\/div>\n<\/div>\n<\/div>\n\n<p><\/p>\n\n<h3 class=\"wp-block-heading\">Modos de visualizaci\u00f3n<\/h3>\n\n<figure class=\"wp-block-image\"><img decoding=\"async\" src=\"https:\/\/www.visualarq.com\/wp-content\/uploads\/sites\/2\/2012\/05\/Rhino-Display-modes.png\" alt=\"\" class=\"wp-image-4681\" title=\"Modos de visualizaci&#xF3;n de Rhino\"\/><figcaption>Al\u00e1mbrico, Sombreado, Semitransparente, Renderizado, Art\u00edstico, Personalizado, etc.<\/figcaption><\/figure>\n","protected":false},"excerpt":{"rendered":"<p>Informaci\u00f3n general de las caracter\u00edsticas de Rhinoceros.<\/p>\n","protected":false},"author":5,"featured_media":0,"parent":11700,"menu_order":0,"comment_status":"closed","ping_status":"closed","template":"","meta":{"_et_pb_use_builder":"off","_et_pb_old_content":"","_et_gb_content_width":"","footnotes":""},"class_list":["post-11606","page","type-page","status-publish","hentry"],"yoast_head":"<!-- This site is optimized with the Yoast SEO plugin v27.3 - https:\/\/yoast.com\/product\/yoast-seo-wordpress\/ -->\n<title>\u00bfQu\u00e9 es Rhino? - VisualARQ<\/title>\n<meta name=\"robots\" content=\"index, follow, max-snippet:-1, max-image-preview:large, max-video-preview:-1\" \/>\n<link rel=\"canonical\" href=\"https:\/\/www.visualarq.com\/es\/info\/what-is-rhino\/\" \/>\n<meta property=\"og:locale\" content=\"es_ES\" \/>\n<meta property=\"og:type\" content=\"article\" \/>\n<meta property=\"og:title\" content=\"\u00bfQu\u00e9 es Rhino? - VisualARQ\" \/>\n<meta property=\"og:description\" content=\"Informaci\u00f3n general de las caracter\u00edsticas de Rhinoceros.\" \/>\n<meta property=\"og:url\" content=\"https:\/\/www.visualarq.com\/es\/info\/what-is-rhino\/\" \/>\n<meta property=\"og:site_name\" content=\"VisualARQ\" \/>\n<meta property=\"article:publisher\" content=\"https:\/\/www.facebook.com\/visualarq\" \/>\n<meta property=\"article:modified_time\" content=\"2022-06-07T16:58:09+00:00\" \/>\n<meta property=\"og:image\" content=\"https:\/\/www.visualarq.com\/wp-content\/uploads\/sites\/2\/2011\/08\/toolbar-curve-creation.png\" \/>\n<meta name=\"twitter:card\" content=\"summary_large_image\" \/>\n<meta name=\"twitter:site\" content=\"@VisualARQ\" \/>\n<meta name=\"twitter:label1\" content=\"Tiempo de lectura\" \/>\n\t<meta name=\"twitter:data1\" content=\"3 minutos\" \/>\n<script type=\"application\/ld+json\" class=\"yoast-schema-graph\">{\"@context\":\"https:\\\/\\\/schema.org\",\"@graph\":[{\"@type\":\"WebPage\",\"@id\":\"https:\\\/\\\/www.visualarq.com\\\/es\\\/info\\\/what-is-rhino\\\/\",\"url\":\"https:\\\/\\\/www.visualarq.com\\\/es\\\/info\\\/what-is-rhino\\\/\",\"name\":\"\u00bfQu\u00e9 es Rhino? - VisualARQ\",\"isPartOf\":{\"@id\":\"https:\\\/\\\/www.visualarq.com\\\/es\\\/#website\"},\"primaryImageOfPage\":{\"@id\":\"https:\\\/\\\/www.visualarq.com\\\/es\\\/info\\\/what-is-rhino\\\/#primaryimage\"},\"image\":{\"@id\":\"https:\\\/\\\/www.visualarq.com\\\/es\\\/info\\\/what-is-rhino\\\/#primaryimage\"},\"thumbnailUrl\":\"https:\\\/\\\/www.visualarq.com\\\/wp-content\\\/uploads\\\/sites\\\/2\\\/2011\\\/08\\\/toolbar-curve-creation.png\",\"datePublished\":\"2011-01-13T00:00:00+00:00\",\"dateModified\":\"2022-06-07T16:58:09+00:00\",\"breadcrumb\":{\"@id\":\"https:\\\/\\\/www.visualarq.com\\\/es\\\/info\\\/what-is-rhino\\\/#breadcrumb\"},\"inLanguage\":\"es\",\"potentialAction\":[{\"@type\":\"ReadAction\",\"target\":[\"https:\\\/\\\/www.visualarq.com\\\/es\\\/info\\\/what-is-rhino\\\/\"]}]},{\"@type\":\"ImageObject\",\"inLanguage\":\"es\",\"@id\":\"https:\\\/\\\/www.visualarq.com\\\/es\\\/info\\\/what-is-rhino\\\/#primaryimage\",\"url\":\"https:\\\/\\\/www.visualarq.com\\\/wp-content\\\/uploads\\\/sites\\\/2\\\/2011\\\/08\\\/toolbar-curve-creation.png\",\"contentUrl\":\"https:\\\/\\\/www.visualarq.com\\\/wp-content\\\/uploads\\\/sites\\\/2\\\/2011\\\/08\\\/toolbar-curve-creation.png\"},{\"@type\":\"BreadcrumbList\",\"@id\":\"https:\\\/\\\/www.visualarq.com\\\/es\\\/info\\\/what-is-rhino\\\/#breadcrumb\",\"itemListElement\":[{\"@type\":\"ListItem\",\"position\":1,\"name\":\"Home\",\"item\":\"https:\\\/\\\/www.visualarq.com\\\/es\\\/home\\\/\"},{\"@type\":\"ListItem\",\"position\":2,\"name\":\"Info\",\"item\":\"https:\\\/\\\/www.visualarq.com\\\/es\\\/info\\\/\"},{\"@type\":\"ListItem\",\"position\":3,\"name\":\"\u00bfQu\u00e9 es Rhino?\"}]},{\"@type\":\"WebSite\",\"@id\":\"https:\\\/\\\/www.visualarq.com\\\/es\\\/#website\",\"url\":\"https:\\\/\\\/www.visualarq.com\\\/es\\\/\",\"name\":\"VisualARQ\",\"description\":\"Flexible BIM for Rhino\",\"potentialAction\":[{\"@type\":\"SearchAction\",\"target\":{\"@type\":\"EntryPoint\",\"urlTemplate\":\"https:\\\/\\\/www.visualarq.com\\\/es\\\/?s={search_term_string}\"},\"query-input\":{\"@type\":\"PropertyValueSpecification\",\"valueRequired\":true,\"valueName\":\"search_term_string\"}}],\"inLanguage\":\"es\"}]}<\/script>\n<!-- \/ Yoast SEO plugin. -->","yoast_head_json":{"title":"\u00bfQu\u00e9 es Rhino? - VisualARQ","robots":{"index":"index","follow":"follow","max-snippet":"max-snippet:-1","max-image-preview":"max-image-preview:large","max-video-preview":"max-video-preview:-1"},"canonical":"https:\/\/www.visualarq.com\/es\/info\/what-is-rhino\/","og_locale":"es_ES","og_type":"article","og_title":"\u00bfQu\u00e9 es Rhino? - VisualARQ","og_description":"Informaci\u00f3n general de las caracter\u00edsticas de Rhinoceros.","og_url":"https:\/\/www.visualarq.com\/es\/info\/what-is-rhino\/","og_site_name":"VisualARQ","article_publisher":"https:\/\/www.facebook.com\/visualarq","article_modified_time":"2022-06-07T16:58:09+00:00","og_image":[{"url":"https:\/\/www.visualarq.com\/wp-content\/uploads\/sites\/2\/2011\/08\/toolbar-curve-creation.png","type":"","width":"","height":""}],"twitter_card":"summary_large_image","twitter_site":"@VisualARQ","twitter_misc":{"Tiempo de lectura":"3 minutos"},"schema":{"@context":"https:\/\/schema.org","@graph":[{"@type":"WebPage","@id":"https:\/\/www.visualarq.com\/es\/info\/what-is-rhino\/","url":"https:\/\/www.visualarq.com\/es\/info\/what-is-rhino\/","name":"\u00bfQu\u00e9 es Rhino? - VisualARQ","isPartOf":{"@id":"https:\/\/www.visualarq.com\/es\/#website"},"primaryImageOfPage":{"@id":"https:\/\/www.visualarq.com\/es\/info\/what-is-rhino\/#primaryimage"},"image":{"@id":"https:\/\/www.visualarq.com\/es\/info\/what-is-rhino\/#primaryimage"},"thumbnailUrl":"https:\/\/www.visualarq.com\/wp-content\/uploads\/sites\/2\/2011\/08\/toolbar-curve-creation.png","datePublished":"2011-01-13T00:00:00+00:00","dateModified":"2022-06-07T16:58:09+00:00","breadcrumb":{"@id":"https:\/\/www.visualarq.com\/es\/info\/what-is-rhino\/#breadcrumb"},"inLanguage":"es","potentialAction":[{"@type":"ReadAction","target":["https:\/\/www.visualarq.com\/es\/info\/what-is-rhino\/"]}]},{"@type":"ImageObject","inLanguage":"es","@id":"https:\/\/www.visualarq.com\/es\/info\/what-is-rhino\/#primaryimage","url":"https:\/\/www.visualarq.com\/wp-content\/uploads\/sites\/2\/2011\/08\/toolbar-curve-creation.png","contentUrl":"https:\/\/www.visualarq.com\/wp-content\/uploads\/sites\/2\/2011\/08\/toolbar-curve-creation.png"},{"@type":"BreadcrumbList","@id":"https:\/\/www.visualarq.com\/es\/info\/what-is-rhino\/#breadcrumb","itemListElement":[{"@type":"ListItem","position":1,"name":"Home","item":"https:\/\/www.visualarq.com\/es\/home\/"},{"@type":"ListItem","position":2,"name":"Info","item":"https:\/\/www.visualarq.com\/es\/info\/"},{"@type":"ListItem","position":3,"name":"\u00bfQu\u00e9 es Rhino?"}]},{"@type":"WebSite","@id":"https:\/\/www.visualarq.com\/es\/#website","url":"https:\/\/www.visualarq.com\/es\/","name":"VisualARQ","description":"Flexible BIM for Rhino","potentialAction":[{"@type":"SearchAction","target":{"@type":"EntryPoint","urlTemplate":"https:\/\/www.visualarq.com\/es\/?s={search_term_string}"},"query-input":{"@type":"PropertyValueSpecification","valueRequired":true,"valueName":"search_term_string"}}],"inLanguage":"es"}]}},"_links":{"self":[{"href":"https:\/\/www.visualarq.com\/es\/wp-json\/wp\/v2\/pages\/11606","targetHints":{"allow":["GET"]}}],"collection":[{"href":"https:\/\/www.visualarq.com\/es\/wp-json\/wp\/v2\/pages"}],"about":[{"href":"https:\/\/www.visualarq.com\/es\/wp-json\/wp\/v2\/types\/page"}],"author":[{"embeddable":true,"href":"https:\/\/www.visualarq.com\/es\/wp-json\/wp\/v2\/users\/5"}],"replies":[{"embeddable":true,"href":"https:\/\/www.visualarq.com\/es\/wp-json\/wp\/v2\/comments?post=11606"}],"version-history":[{"count":0,"href":"https:\/\/www.visualarq.com\/es\/wp-json\/wp\/v2\/pages\/11606\/revisions"}],"up":[{"embeddable":true,"href":"https:\/\/www.visualarq.com\/es\/wp-json\/wp\/v2\/pages\/11700"}],"wp:attachment":[{"href":"https:\/\/www.visualarq.com\/es\/wp-json\/wp\/v2\/media?parent=11606"}],"curies":[{"name":"wp","href":"https:\/\/api.w.org\/{rel}","templated":true}]}}