{"id":11642,"date":"2014-05-12T00:00:00","date_gmt":"2014-05-12T00:00:00","guid":{"rendered":"https:\/\/www.visualarq.com\/info\/license-modes\/"},"modified":"2022-01-12T16:34:46","modified_gmt":"2022-01-12T16:34:46","slug":"license-modes","status":"publish","type":"page","link":"https:\/\/www.visualarq.com\/es\/info\/license-modes\/","title":{"rendered":"Modos de licencia"},"content":{"rendered":"<h1>Modos de licencia de VisualARQ<\/h1>\r\nVisualARQ dispone de cinco modos de licencia:\r\n\r\n<img loading=\"lazy\" decoding=\"async\" src=\"https:\/\/www.visualarq.com\/wp-content\/uploads\/2020\/05\/VA_License_WModes.png\" alt=\"Modos de licencia de VisualARQ\" width=\"644\" height=\"503\" class=\"aligncenter size-full wp-image-18448\" srcset=\"https:\/\/www.visualarq.com\/wp-content\/uploads\/2020\/05\/VA_License_WModes.png 644w, https:\/\/www.visualarq.com\/wp-content\/uploads\/2020\/05\/VA_License_WModes-480x375.png 480w\" sizes=\"(min-width: 0px) and (max-width: 480px) 480px, (min-width: 481px) 644px, 100vw\" \/>\r\n\r\n<h3 id=\"Viewer\" class=\"mt-4\">Visor<\/h3>\r\n<p>VisualARQ funciona en modo Visor cuando caduca el periodo de evaluaci\u00f3n. Cuando este caduca, puede abrir y guardar documentos que contienen objetos de VisualARQ, aunque algunas funciones estar\u00e1n desactivadas:<\/p>\r\n<ul>\r\n\t<li>Comandos de VisualARQ<\/li>\r\n\t<li>Edici\u00f3n de objetos de VisualARQ utilizando propiedades y puntos de control.<\/li>\r\n\t<li>Importaci\u00f3n y exportaci\u00f3n IFC.<\/li>\r\n\t<li>VisualARQ Grasshopper Components.<\/li>\r\n<\/ul>\r\n<br clear=\"all\" \/>\r\n\r\n\r\n<h3 id=\"Eval\" class=\"mt-4\">Evaluaci\u00f3n<\/h3>\r\nTodos las caracter\u00edsticas de VisualARQ son totalmente funcionales durante el periodo de prueba. No se requiere ning\u00fan c\u00f3digo de producto.\r\n<br clear=\"all\" \/>\r\n\r\n\r\n<h3 id=\"Standalone\" class=\"mt-4\">Independiente<\/h3>\r\nSe requiere un c\u00f3digo de producto v\u00e1lido para ejecutar VisualARQ en modo independiente. <a href=\"https:\/\/www.visualarq.com\/es\/sales\/\">Compre VisualARQ<\/a> para recibir un c\u00f3digo de producto v\u00e1lido.\r\n\r\n\r\n\r\n<h3 id=\"Zoo\" class=\"mt-4\">Red<\/h3>\r\nUtilice una licencia de VisualARQ adquirida en el <a href=\"https:\/\/wiki.mcneel.com\/zoo\/home\">servidor Zoo<\/a>. \r\nEl software del servidor Zoo con el plug-in Zoo para VisualARQ (ambos gratuitos) permiten compartir licencias de VisualARQ (c\u00f3digos de producto) entre usuarios del mismo grupo de trabajo en red.\r\n\r\nCuando VisualARQ se instala en nodos de grupo de trabajo en lugar de nodos independientes, funciona del modo siguiente:\r\n<ul>\r\n\t<li>Cuando se inicia un nodo del grupo de trabajo, se solicita una licencia al Zoo.<\/li>\r\n\t<li>Una licencia no usada se asigna al nodo.<\/li>\r\n\t<li>Cuando un nodo se cierra, la licencia se vuelve a a\u00f1adir al total de licencias disponibles del Zoo.<\/li>\r\n<\/ul>\r\n\r\n<a href=\"https:\/\/www.visualarq.com\/es\/download\/resources\/#zoo\">Descargue el plug-in Zoo de VisualARQ aqu\u00ed<\/a>\r\n\r\n\r\n<h3 id=\"Cloud\" class=\"mt-4\">En la nube<\/h3>\r\nUtilice una licencia de VisualARQ adquirida eb el servidor Cloud Zoo. El servidor Cloud Zoo es un servicio gratuito ofrecido por McNeel que permite administrar online las licencias de VisualARQ.\r\n\r\n<ul>\r\n<li>Para usuarios individuales, utilice el inicio de sesi\u00f3n en <a href=\"https:\/\/accounts.rhino3d.com\/\">Rhino Accounts<\/a> para utilizar VisualARQ en cualquier equipo desde cualquier parte del mundo.<\/li>\r\n<li>Para empresas y escuelas, Cloud Zoo puede simplificar la distribuci\u00f3n de licencias. Las empresas pueden crear un conjunto de licencias y compartirlas con los miembros del mismo grupo.<\/li>\r\n<li>Se puede trabajar con conexi\u00f3n o sin conexi\u00f3n a Internet. No es necesario retirar las licencias del sistema, por lo que en ning\u00fan momento se quedar\u00e1 sin una licencia.<\/li>\r\n<li>Las licencias tambi\u00e9n funcionar\u00e1n sin tener una conexi\u00f3n continuada a Internet.<\/li>\r\n<\/ul>\r\n<a href=\"https:\/\/www.rhino3d.com\/es\/features\/administration\/licensing\/#cloud-zoo\">M\u00e1s informaci\u00f3n sobre Cloud Zoo<\/a>","protected":false},"excerpt":{"rendered":"<p>Modos de licencia de VisualARQ VisualARQ dispone de cinco modos de licencia: Visor VisualARQ funciona en modo Visor cuando caduca el periodo de evaluaci\u00f3n. Cuando este caduca, puede abrir y guardar documentos que contienen objetos de VisualARQ, aunque algunas funciones estar\u00e1n desactivadas: Comandos de VisualARQ Edici\u00f3n de objetos de VisualARQ utilizando propiedades y puntos de [&hellip;]<\/p>\n","protected":false},"author":6,"featured_media":0,"parent":11700,"menu_order":0,"comment_status":"closed","ping_status":"closed","template":"","meta":{"_et_pb_use_builder":"","_et_pb_old_content":"","_et_gb_content_width":"","footnotes":""},"class_list":["post-11642","page","type-page","status-publish","hentry"],"yoast_head":"<!-- This site is optimized with the Yoast SEO plugin v27.3 - https:\/\/yoast.com\/product\/yoast-seo-wordpress\/ -->\n<title>Modos de licencia - VisualARQ<\/title>\n<meta name=\"robots\" content=\"index, follow, max-snippet:-1, max-image-preview:large, max-video-preview:-1\" \/>\n<link rel=\"canonical\" href=\"https:\/\/www.visualarq.com\/es\/info\/license-modes\/\" \/>\n<meta property=\"og:locale\" content=\"es_ES\" \/>\n<meta property=\"og:type\" content=\"article\" \/>\n<meta property=\"og:title\" content=\"Modos de licencia - VisualARQ\" \/>\n<meta property=\"og:description\" content=\"Modos de licencia de VisualARQ VisualARQ dispone de cinco modos de licencia: Visor VisualARQ funciona en modo Visor cuando caduca el periodo de evaluaci\u00f3n. Cuando este caduca, puede abrir y guardar documentos que contienen objetos de VisualARQ, aunque algunas funciones estar\u00e1n desactivadas: Comandos de VisualARQ Edici\u00f3n de objetos de VisualARQ utilizando propiedades y puntos de [&hellip;]\" \/>\n<meta property=\"og:url\" content=\"https:\/\/www.visualarq.com\/es\/info\/license-modes\/\" \/>\n<meta property=\"og:site_name\" content=\"VisualARQ\" \/>\n<meta property=\"article:publisher\" content=\"https:\/\/www.facebook.com\/visualarq\" \/>\n<meta property=\"article:modified_time\" content=\"2022-01-12T16:34:46+00:00\" \/>\n<meta property=\"og:image\" content=\"https:\/\/www.visualarq.com\/wp-content\/uploads\/2020\/05\/VA_License_WModes.png\" \/>\n<meta name=\"twitter:card\" content=\"summary_large_image\" \/>\n<meta name=\"twitter:site\" content=\"@VisualARQ\" \/>\n<meta name=\"twitter:label1\" content=\"Tiempo de lectura\" \/>\n\t<meta name=\"twitter:data1\" content=\"2 minutos\" \/>\n<script type=\"application\/ld+json\" class=\"yoast-schema-graph\">{\"@context\":\"https:\\\/\\\/schema.org\",\"@graph\":[{\"@type\":\"WebPage\",\"@id\":\"https:\\\/\\\/www.visualarq.com\\\/es\\\/info\\\/license-modes\\\/\",\"url\":\"https:\\\/\\\/www.visualarq.com\\\/es\\\/info\\\/license-modes\\\/\",\"name\":\"Modos de licencia - VisualARQ\",\"isPartOf\":{\"@id\":\"https:\\\/\\\/www.visualarq.com\\\/es\\\/#website\"},\"primaryImageOfPage\":{\"@id\":\"https:\\\/\\\/www.visualarq.com\\\/es\\\/info\\\/license-modes\\\/#primaryimage\"},\"image\":{\"@id\":\"https:\\\/\\\/www.visualarq.com\\\/es\\\/info\\\/license-modes\\\/#primaryimage\"},\"thumbnailUrl\":\"https:\\\/\\\/www.visualarq.com\\\/wp-content\\\/uploads\\\/2020\\\/05\\\/VA_License_WModes.png\",\"datePublished\":\"2014-05-12T00:00:00+00:00\",\"dateModified\":\"2022-01-12T16:34:46+00:00\",\"breadcrumb\":{\"@id\":\"https:\\\/\\\/www.visualarq.com\\\/es\\\/info\\\/license-modes\\\/#breadcrumb\"},\"inLanguage\":\"es\",\"potentialAction\":[{\"@type\":\"ReadAction\",\"target\":[\"https:\\\/\\\/www.visualarq.com\\\/es\\\/info\\\/license-modes\\\/\"]}]},{\"@type\":\"ImageObject\",\"inLanguage\":\"es\",\"@id\":\"https:\\\/\\\/www.visualarq.com\\\/es\\\/info\\\/license-modes\\\/#primaryimage\",\"url\":\"https:\\\/\\\/www.visualarq.com\\\/wp-content\\\/uploads\\\/2020\\\/05\\\/VA_License_WModes.png\",\"contentUrl\":\"https:\\\/\\\/www.visualarq.com\\\/wp-content\\\/uploads\\\/2020\\\/05\\\/VA_License_WModes.png\"},{\"@type\":\"BreadcrumbList\",\"@id\":\"https:\\\/\\\/www.visualarq.com\\\/es\\\/info\\\/license-modes\\\/#breadcrumb\",\"itemListElement\":[{\"@type\":\"ListItem\",\"position\":1,\"name\":\"Home\",\"item\":\"https:\\\/\\\/www.visualarq.com\\\/es\\\/home\\\/\"},{\"@type\":\"ListItem\",\"position\":2,\"name\":\"Info\",\"item\":\"https:\\\/\\\/www.visualarq.com\\\/es\\\/info\\\/\"},{\"@type\":\"ListItem\",\"position\":3,\"name\":\"Modos de licencia\"}]},{\"@type\":\"WebSite\",\"@id\":\"https:\\\/\\\/www.visualarq.com\\\/es\\\/#website\",\"url\":\"https:\\\/\\\/www.visualarq.com\\\/es\\\/\",\"name\":\"VisualARQ\",\"description\":\"Flexible BIM for Rhino\",\"potentialAction\":[{\"@type\":\"SearchAction\",\"target\":{\"@type\":\"EntryPoint\",\"urlTemplate\":\"https:\\\/\\\/www.visualarq.com\\\/es\\\/?s={search_term_string}\"},\"query-input\":{\"@type\":\"PropertyValueSpecification\",\"valueRequired\":true,\"valueName\":\"search_term_string\"}}],\"inLanguage\":\"es\"}]}<\/script>\n<!-- \/ Yoast SEO plugin. -->","yoast_head_json":{"title":"Modos de licencia - VisualARQ","robots":{"index":"index","follow":"follow","max-snippet":"max-snippet:-1","max-image-preview":"max-image-preview:large","max-video-preview":"max-video-preview:-1"},"canonical":"https:\/\/www.visualarq.com\/es\/info\/license-modes\/","og_locale":"es_ES","og_type":"article","og_title":"Modos de licencia - VisualARQ","og_description":"Modos de licencia de VisualARQ VisualARQ dispone de cinco modos de licencia: Visor VisualARQ funciona en modo Visor cuando caduca el periodo de evaluaci\u00f3n. Cuando este caduca, puede abrir y guardar documentos que contienen objetos de VisualARQ, aunque algunas funciones estar\u00e1n desactivadas: Comandos de VisualARQ Edici\u00f3n de objetos de VisualARQ utilizando propiedades y puntos de [&hellip;]","og_url":"https:\/\/www.visualarq.com\/es\/info\/license-modes\/","og_site_name":"VisualARQ","article_publisher":"https:\/\/www.facebook.com\/visualarq","article_modified_time":"2022-01-12T16:34:46+00:00","og_image":[{"url":"https:\/\/www.visualarq.com\/wp-content\/uploads\/2020\/05\/VA_License_WModes.png","type":"","width":"","height":""}],"twitter_card":"summary_large_image","twitter_site":"@VisualARQ","twitter_misc":{"Tiempo de lectura":"2 minutos"},"schema":{"@context":"https:\/\/schema.org","@graph":[{"@type":"WebPage","@id":"https:\/\/www.visualarq.com\/es\/info\/license-modes\/","url":"https:\/\/www.visualarq.com\/es\/info\/license-modes\/","name":"Modos de licencia - VisualARQ","isPartOf":{"@id":"https:\/\/www.visualarq.com\/es\/#website"},"primaryImageOfPage":{"@id":"https:\/\/www.visualarq.com\/es\/info\/license-modes\/#primaryimage"},"image":{"@id":"https:\/\/www.visualarq.com\/es\/info\/license-modes\/#primaryimage"},"thumbnailUrl":"https:\/\/www.visualarq.com\/wp-content\/uploads\/2020\/05\/VA_License_WModes.png","datePublished":"2014-05-12T00:00:00+00:00","dateModified":"2022-01-12T16:34:46+00:00","breadcrumb":{"@id":"https:\/\/www.visualarq.com\/es\/info\/license-modes\/#breadcrumb"},"inLanguage":"es","potentialAction":[{"@type":"ReadAction","target":["https:\/\/www.visualarq.com\/es\/info\/license-modes\/"]}]},{"@type":"ImageObject","inLanguage":"es","@id":"https:\/\/www.visualarq.com\/es\/info\/license-modes\/#primaryimage","url":"https:\/\/www.visualarq.com\/wp-content\/uploads\/2020\/05\/VA_License_WModes.png","contentUrl":"https:\/\/www.visualarq.com\/wp-content\/uploads\/2020\/05\/VA_License_WModes.png"},{"@type":"BreadcrumbList","@id":"https:\/\/www.visualarq.com\/es\/info\/license-modes\/#breadcrumb","itemListElement":[{"@type":"ListItem","position":1,"name":"Home","item":"https:\/\/www.visualarq.com\/es\/home\/"},{"@type":"ListItem","position":2,"name":"Info","item":"https:\/\/www.visualarq.com\/es\/info\/"},{"@type":"ListItem","position":3,"name":"Modos de licencia"}]},{"@type":"WebSite","@id":"https:\/\/www.visualarq.com\/es\/#website","url":"https:\/\/www.visualarq.com\/es\/","name":"VisualARQ","description":"Flexible BIM for Rhino","potentialAction":[{"@type":"SearchAction","target":{"@type":"EntryPoint","urlTemplate":"https:\/\/www.visualarq.com\/es\/?s={search_term_string}"},"query-input":{"@type":"PropertyValueSpecification","valueRequired":true,"valueName":"search_term_string"}}],"inLanguage":"es"}]}},"_links":{"self":[{"href":"https:\/\/www.visualarq.com\/es\/wp-json\/wp\/v2\/pages\/11642","targetHints":{"allow":["GET"]}}],"collection":[{"href":"https:\/\/www.visualarq.com\/es\/wp-json\/wp\/v2\/pages"}],"about":[{"href":"https:\/\/www.visualarq.com\/es\/wp-json\/wp\/v2\/types\/page"}],"author":[{"embeddable":true,"href":"https:\/\/www.visualarq.com\/es\/wp-json\/wp\/v2\/users\/6"}],"replies":[{"embeddable":true,"href":"https:\/\/www.visualarq.com\/es\/wp-json\/wp\/v2\/comments?post=11642"}],"version-history":[{"count":0,"href":"https:\/\/www.visualarq.com\/es\/wp-json\/wp\/v2\/pages\/11642\/revisions"}],"up":[{"embeddable":true,"href":"https:\/\/www.visualarq.com\/es\/wp-json\/wp\/v2\/pages\/11700"}],"wp:attachment":[{"href":"https:\/\/www.visualarq.com\/es\/wp-json\/wp\/v2\/media?parent=11642"}],"curies":[{"name":"wp","href":"https:\/\/api.w.org\/{rel}","templated":true}]}}