{"id":11670,"date":"2013-06-06T00:00:00","date_gmt":"2013-06-06T00:00:00","guid":{"rendered":"https:\/\/www.visualarq.com\/features\/grasshopper\/exercises\/create-a-wall\/"},"modified":"2019-01-02T16:31:54","modified_gmt":"2019-01-02T16:31:54","slug":"create-a-wall","status":"publish","type":"page","link":"https:\/\/www.visualarq.com\/es\/learn\/grasshopper-components\/create-a-wall\/","title":{"rendered":"Ejercicio 1. Crear un muro"},"content":{"rendered":"<h1>Ejercicio 1. Crear un muro<\/h1>\n\n<p><img loading=\"lazy\" decoding=\"async\" alt=\"Wall Options\" src=\"https:\/\/www.visualarq.com\/wp-content\/uploads\/sites\/2\/2013\/05\/Wall-options.png\" width=\"900\" height=\"300\" \/><\/p>\n\n<h3>1. Crear un muro:<\/h3>\n\n<ul>\n\n<li>1. Arrastre el componente \u00ab<em><strong>Wall<\/strong><\/em>\u00bb de VisualARQ <img loading=\"lazy\" decoding=\"async\" class=\"alignnone size-full wp-image-7014\" alt=\"wall-24\" src=\"https:\/\/www.visualarq.com\/wp-content\/uploads\/sites\/2\/2013\/05\/wall-24.png\" width=\"24\" height=\"24\" \/>\u00a0al lienzo de Grasshopper. Este componente tiene dos entradas:\n\n<ol>\n\n<li><strong>C:<\/strong> Curva de trayectoria de muro. Debe ser una curva abierta y plana.<\/li>\n\n<li><strong>O:<\/strong> Opciones para especificar todos los par\u00e1metros de muro.<\/li>\n\n<\/ol>\n\n<\/li>\n\n<li>2. Asigne una curva a la entrada <em>C<\/em> del muro. Hay diferentes modos en hacerlo puesto que la curva o curvas pueden crearse en Grasshopper o en Rhino.\n\n<ul>\n\n<li>a: Curvas generadas desde Grasshopper. Con\u00e9ctelas en la entrada <em>C<\/em> del componente <em>Wall<\/em>.<\/li>\n\n<li>b: Curvas creadas en Rhino:\n\n<ul>\n\n<li style=\"text-align: left\">Haga clic con el bot\u00f3n derecho en la entrada <em>C<\/em>  del componente <em>Wall<\/em>  y elija la opci\u00f3n \u00ab<em>Set one Curve<\/em>\u00bb o \u00ab<em>Set Multiple Curves<\/em>\u00bb de la lista.<\/li>\n\n<li style=\"text-align: left\">Arrastre un par\u00e1metro de <em>curva<\/em>  (de la ficha <em>Params<\/em> ) al lienzo y con\u00e9ctelo a la entrada <em>C<\/em> del <em>Muro<\/em>. Este <em>Curve Param<\/em> se mostrar\u00e1 de color naranja si no tiene curvas asociadas. Haga clic con el bot\u00f3n derecho y elija la opci\u00f3n \u00ab<em>Set one curve<\/em>\u00bb o \u00ab<em>Set multiple curves<\/em>\u00bb de la lista.\u00a0Grasshopper estar\u00e1 oculto hasta que seleccione una curva (o curvas) en el modelo.<\/li>\n\n<\/ul>\n\n<\/li>\n\n<\/ul>\n\n<p>Recuerde que en ambos casos las curvas deben ser planas y abiertas; de lo contrario, los muros no se generar\u00e1n.<\/p>\n\n<\/li>\n\n<\/ul>\n\n<h3>2. Defina los par\u00e1metros de muro:<\/h3>\n\n<ul>\n\n<li>1. Arrastre el componente <em><strong>Wall Options<\/strong><\/em><img loading=\"lazy\" decoding=\"async\" class=\"alignnone size-full wp-image-7011\" alt=\"Wall2 Options-24\" src=\"https:\/\/www.visualarq.com\/wp-content\/uploads\/sites\/2\/2013\/05\/Wall2-Options-24.png\" width=\"24\" height=\"24\" \/>\u00a0al lienzo de Grasshopper. Este componente tiene diferentes entradas que definen los par\u00e1metros de muro.<\/li>\n\n<li>2. Conecte la salida de <em>Wall Options O<\/em> a la entrada <em>O<\/em> del componente <em>Wall<\/em>.<\/li>\n\n<li>3. Defina las diferentes <em>Wall Options<\/em>:<img loading=\"lazy\" decoding=\"async\" class=\"alignright size-full wp-image-7182\" alt=\"Select wall style VA GH\" src=\"https:\/\/www.visualarq.com\/wp-content\/uploads\/sites\/2\/2013\/05\/Select-wall-style-VA-GH.png\" width=\"417\" height=\"329\" \/>\n\n<ul>\n\n<li><strong>(<em>S<\/em>) <em>Wall Style<\/em>:\u00a0<img loading=\"lazy\" decoding=\"async\" class=\"alignnone size-full wp-image-7013\" alt=\"Wall Styles-24\" src=\"https:\/\/www.visualarq.com\/wp-content\/uploads\/sites\/2\/2013\/05\/Wall-Styles-24.png\" width=\"24\" height=\"24\" \/><\/strong> Puede arrastrar un componente <em>Wall Style<\/em> al lienzo y conectarlo a la entrada <em>S<\/em> de <em>Wall Options<\/em>. Este componente <em>Wall Style<\/em> tiene un estilo de muro est\u00e1ndar asignado de manera predeterminada. Para asignar un estilo de muro diferente, haga clic con el bot\u00f3n derecho en este componente y seleccione la opci\u00f3n \u00ab<em>Set one Wall Style<\/em>\u00bb de la lista. Grasshopper estar\u00e1 oculto hasta que seleccione un estilo de muro de la lista que se muestra en el nuevo di\u00e1logo emergente. Esta lista muestra los estilos de muro existentes disponibles en el documento de Rhino en el que est\u00e1 trabajando.<\/li>\n\n<li><strong>(<em>A<\/em>) <em>Wall Alignment<\/em><\/strong>: <img loading=\"lazy\" decoding=\"async\" class=\"alignnone size-full wp-image-7012\" alt=\"3 Point V alignment-24\" src=\"https:\/\/www.visualarq.com\/wp-content\/uploads\/sites\/2\/2013\/05\/3-Point-V-alignment-24.png\" width=\"24\" height=\"24\" \/>\u00a0El <em>Wall Alignment<\/em> define la posici\u00f3n del muro de acuerdo con la direcci\u00f3n de la curva base. Arrastre un <em><\/em> componente Alignment al lienzo y con\u00e9ctelo <em>A<\/em>  la entrada A de <em>Wall Options<\/em>. Haga clic en el componente <em>Wall Alignment<\/em> y seleccione una de las tres opciones: <em>left<\/em>, <em>center<\/em> o<em> right<\/em>. Estas posiciones de alineaci\u00f3n tambi\u00e9n pueden introducirse como n\u00fameros entero (<em>0=left, 1=center<\/em>  y <em>2=right<\/em>) en la entrada <em>A<\/em>.<\/li>\n\n<li><strong>(<em>O<\/em>) <em>Wall Alignment Offset<\/em><\/strong>: Este valor define la distancia del muro desde la direcci\u00f3n de la curva base.<\/li>\n\n<li><strong>(<em>H<\/em>) <em>Wall Height<\/em><\/strong>: Arrastre un componente <em>Number Slider<\/em> al lienzo y con\u00e9ctelo con la entrada <em>H<\/em> de <em>Wall Options<\/em>. Cuando <em>Wall Options<\/em>\u00a0no tiene ning\u00fan n\u00famero conectado a su entrada <em>H<\/em> o este valor es 0, el muro toma la altura predeterminada <em>Por estilo<\/em>.\u00a0<\/li>\n\n<\/ul>\n\n<\/li>\n\n<\/ul>\n\n<h3>3. Transformar el muro en una geometr\u00eda modificable por Rhino con <img loading=\"lazy\" decoding=\"async\" class=\"alignnone size-full wp-image-7375\" alt=\"Bake\" src=\"https:\/\/www.visualarq.com\/wp-content\/uploads\/sites\/2\/2013\/06\/Bake.png\" width=\"22\" height=\"22\" \/>:<\/h3>\n\n<p><img loading=\"lazy\" decoding=\"async\" class=\"alignright size-full wp-image-7371\" alt=\"Atributos de Grasshopper\" src=\"https:\/\/www.visualarq.com\/wp-content\/uploads\/sites\/2\/2013\/06\/Grasshopper-Attributes.png\" width=\"338\" height=\"456\" \/><\/p>\n\n<ul>\n\n<li>1. Puesto que el muro que aparece en el modelo es una vista previa del muro basada en los par\u00e1metros definidos en Grasshopper, es necesario utilizar el comando \u00abBake\u00bb para convertirlo en un muro de VisualARQ con el que se pueda trabajar dentro de Rhino. Hay tres modos de utilizar el comando \u00abBake\u00bb en un componente en Grasshopper.\n\n<ul>\n\n<li>Haga clic con el bot\u00f3n derecho en un componente <em>Wall<\/em> y seleccione la opci\u00f3n <em>Bake<\/em>.<\/li>\n\n<li>Haga clic con el bot\u00f3n del medio en un componente <em>Wall<\/em> y seleccione la opci\u00f3n <em>Bake<\/em>.<\/li>\n\n<li>Seleccione el componente <em>Wall<\/em> y elija <em>Solution &gt; Bake selected<\/em> en el men\u00fa.<\/li>\n\n<\/ul>\n\n<p>Cuando transforme el muro con \u00abBake\u00bb, aparecer\u00e1 el di\u00e1logo Grasshopper Attributes. Elija los atributos de salida (Nombre, Capa, Color, etc..) del objeto de muro que va a generar en el modelo.<\/p>\n\n<\/li>\n\n<\/ul>","protected":false},"excerpt":{"rendered":"<p>Ejercicio 1. Crear un muro 1. Crear un muro: 1. Arrastre el componente \u00abWall\u00bb de VisualARQ \u00a0al lienzo de Grasshopper. Este componente tiene dos entradas: C: Curva de trayectoria de muro. Debe ser una curva abierta y plana. O: Opciones para especificar todos los par\u00e1metros de muro. 2. Asigne una curva a la entrada C [&hellip;]<\/p>\n","protected":false},"author":6,"featured_media":0,"parent":11668,"menu_order":0,"comment_status":"closed","ping_status":"closed","template":"","meta":{"_et_pb_use_builder":"","_et_pb_old_content":"","_et_gb_content_width":"","footnotes":""},"class_list":["post-11670","page","type-page","status-publish","hentry"],"yoast_head":"<!-- This site is optimized with the Yoast SEO plugin v27.3 - https:\/\/yoast.com\/product\/yoast-seo-wordpress\/ -->\n<title>Ejercicio 1. Crear un muro - VisualARQ<\/title>\n<meta name=\"robots\" content=\"index, follow, max-snippet:-1, max-image-preview:large, max-video-preview:-1\" \/>\n<link rel=\"canonical\" href=\"https:\/\/www.visualarq.com\/es\/learn\/grasshopper-components\/create-a-wall\/\" \/>\n<meta property=\"og:locale\" content=\"es_ES\" \/>\n<meta property=\"og:type\" content=\"article\" \/>\n<meta property=\"og:title\" content=\"Ejercicio 1. Crear un muro - VisualARQ\" \/>\n<meta property=\"og:description\" content=\"Ejercicio 1. Crear un muro 1. Crear un muro: 1. Arrastre el componente \u00abWall\u00bb de VisualARQ \u00a0al lienzo de Grasshopper. Este componente tiene dos entradas: C: Curva de trayectoria de muro. Debe ser una curva abierta y plana. O: Opciones para especificar todos los par\u00e1metros de muro. 2. Asigne una curva a la entrada C [&hellip;]\" \/>\n<meta property=\"og:url\" content=\"https:\/\/www.visualarq.com\/es\/learn\/grasshopper-components\/create-a-wall\/\" \/>\n<meta property=\"og:site_name\" content=\"VisualARQ\" \/>\n<meta property=\"article:publisher\" content=\"https:\/\/www.facebook.com\/visualarq\" \/>\n<meta property=\"article:modified_time\" content=\"2019-01-02T16:31:54+00:00\" \/>\n<meta property=\"og:image\" content=\"https:\/\/www.visualarq.com\/wp-content\/uploads\/sites\/2\/2013\/05\/Wall-options.png\" \/>\n<meta name=\"twitter:card\" content=\"summary_large_image\" \/>\n<meta name=\"twitter:site\" content=\"@VisualARQ\" \/>\n<meta name=\"twitter:label1\" content=\"Tiempo de lectura\" \/>\n\t<meta name=\"twitter:data1\" content=\"3 minutos\" \/>\n<script type=\"application\/ld+json\" class=\"yoast-schema-graph\">{\"@context\":\"https:\\\/\\\/schema.org\",\"@graph\":[{\"@type\":\"WebPage\",\"@id\":\"https:\\\/\\\/www.visualarq.com\\\/es\\\/learn\\\/grasshopper-components\\\/create-a-wall\\\/\",\"url\":\"https:\\\/\\\/www.visualarq.com\\\/es\\\/learn\\\/grasshopper-components\\\/create-a-wall\\\/\",\"name\":\"Ejercicio 1. Crear un muro - VisualARQ\",\"isPartOf\":{\"@id\":\"https:\\\/\\\/www.visualarq.com\\\/es\\\/#website\"},\"primaryImageOfPage\":{\"@id\":\"https:\\\/\\\/www.visualarq.com\\\/es\\\/learn\\\/grasshopper-components\\\/create-a-wall\\\/#primaryimage\"},\"image\":{\"@id\":\"https:\\\/\\\/www.visualarq.com\\\/es\\\/learn\\\/grasshopper-components\\\/create-a-wall\\\/#primaryimage\"},\"thumbnailUrl\":\"https:\\\/\\\/www.visualarq.com\\\/wp-content\\\/uploads\\\/sites\\\/2\\\/2013\\\/05\\\/Wall-options.png\",\"datePublished\":\"2013-06-06T00:00:00+00:00\",\"dateModified\":\"2019-01-02T16:31:54+00:00\",\"breadcrumb\":{\"@id\":\"https:\\\/\\\/www.visualarq.com\\\/es\\\/learn\\\/grasshopper-components\\\/create-a-wall\\\/#breadcrumb\"},\"inLanguage\":\"es\",\"potentialAction\":[{\"@type\":\"ReadAction\",\"target\":[\"https:\\\/\\\/www.visualarq.com\\\/es\\\/learn\\\/grasshopper-components\\\/create-a-wall\\\/\"]}]},{\"@type\":\"ImageObject\",\"inLanguage\":\"es\",\"@id\":\"https:\\\/\\\/www.visualarq.com\\\/es\\\/learn\\\/grasshopper-components\\\/create-a-wall\\\/#primaryimage\",\"url\":\"https:\\\/\\\/www.visualarq.com\\\/wp-content\\\/uploads\\\/sites\\\/2\\\/2013\\\/05\\\/Wall-options.png\",\"contentUrl\":\"https:\\\/\\\/www.visualarq.com\\\/wp-content\\\/uploads\\\/sites\\\/2\\\/2013\\\/05\\\/Wall-options.png\"},{\"@type\":\"BreadcrumbList\",\"@id\":\"https:\\\/\\\/www.visualarq.com\\\/es\\\/learn\\\/grasshopper-components\\\/create-a-wall\\\/#breadcrumb\",\"itemListElement\":[{\"@type\":\"ListItem\",\"position\":1,\"name\":\"Home\",\"item\":\"https:\\\/\\\/www.visualarq.com\\\/es\\\/home\\\/\"},{\"@type\":\"ListItem\",\"position\":2,\"name\":\"Formaci\u00f3n\",\"item\":\"https:\\\/\\\/www.visualarq.com\\\/es\\\/learn\\\/\"},{\"@type\":\"ListItem\",\"position\":3,\"name\":\"Grasshopper Components\",\"item\":\"https:\\\/\\\/www.visualarq.com\\\/es\\\/learn\\\/grasshopper-components\\\/\"},{\"@type\":\"ListItem\",\"position\":4,\"name\":\"Ejercicio 1. Crear un muro\"}]},{\"@type\":\"WebSite\",\"@id\":\"https:\\\/\\\/www.visualarq.com\\\/es\\\/#website\",\"url\":\"https:\\\/\\\/www.visualarq.com\\\/es\\\/\",\"name\":\"VisualARQ\",\"description\":\"Flexible BIM for Rhino\",\"potentialAction\":[{\"@type\":\"SearchAction\",\"target\":{\"@type\":\"EntryPoint\",\"urlTemplate\":\"https:\\\/\\\/www.visualarq.com\\\/es\\\/?s={search_term_string}\"},\"query-input\":{\"@type\":\"PropertyValueSpecification\",\"valueRequired\":true,\"valueName\":\"search_term_string\"}}],\"inLanguage\":\"es\"}]}<\/script>\n<!-- \/ Yoast SEO plugin. -->","yoast_head_json":{"title":"Ejercicio 1. Crear un muro - VisualARQ","robots":{"index":"index","follow":"follow","max-snippet":"max-snippet:-1","max-image-preview":"max-image-preview:large","max-video-preview":"max-video-preview:-1"},"canonical":"https:\/\/www.visualarq.com\/es\/learn\/grasshopper-components\/create-a-wall\/","og_locale":"es_ES","og_type":"article","og_title":"Ejercicio 1. Crear un muro - VisualARQ","og_description":"Ejercicio 1. Crear un muro 1. Crear un muro: 1. Arrastre el componente \u00abWall\u00bb de VisualARQ \u00a0al lienzo de Grasshopper. Este componente tiene dos entradas: C: Curva de trayectoria de muro. Debe ser una curva abierta y plana. O: Opciones para especificar todos los par\u00e1metros de muro. 2. Asigne una curva a la entrada C [&hellip;]","og_url":"https:\/\/www.visualarq.com\/es\/learn\/grasshopper-components\/create-a-wall\/","og_site_name":"VisualARQ","article_publisher":"https:\/\/www.facebook.com\/visualarq","article_modified_time":"2019-01-02T16:31:54+00:00","og_image":[{"url":"https:\/\/www.visualarq.com\/wp-content\/uploads\/sites\/2\/2013\/05\/Wall-options.png","type":"","width":"","height":""}],"twitter_card":"summary_large_image","twitter_site":"@VisualARQ","twitter_misc":{"Tiempo de lectura":"3 minutos"},"schema":{"@context":"https:\/\/schema.org","@graph":[{"@type":"WebPage","@id":"https:\/\/www.visualarq.com\/es\/learn\/grasshopper-components\/create-a-wall\/","url":"https:\/\/www.visualarq.com\/es\/learn\/grasshopper-components\/create-a-wall\/","name":"Ejercicio 1. Crear un muro - VisualARQ","isPartOf":{"@id":"https:\/\/www.visualarq.com\/es\/#website"},"primaryImageOfPage":{"@id":"https:\/\/www.visualarq.com\/es\/learn\/grasshopper-components\/create-a-wall\/#primaryimage"},"image":{"@id":"https:\/\/www.visualarq.com\/es\/learn\/grasshopper-components\/create-a-wall\/#primaryimage"},"thumbnailUrl":"https:\/\/www.visualarq.com\/wp-content\/uploads\/sites\/2\/2013\/05\/Wall-options.png","datePublished":"2013-06-06T00:00:00+00:00","dateModified":"2019-01-02T16:31:54+00:00","breadcrumb":{"@id":"https:\/\/www.visualarq.com\/es\/learn\/grasshopper-components\/create-a-wall\/#breadcrumb"},"inLanguage":"es","potentialAction":[{"@type":"ReadAction","target":["https:\/\/www.visualarq.com\/es\/learn\/grasshopper-components\/create-a-wall\/"]}]},{"@type":"ImageObject","inLanguage":"es","@id":"https:\/\/www.visualarq.com\/es\/learn\/grasshopper-components\/create-a-wall\/#primaryimage","url":"https:\/\/www.visualarq.com\/wp-content\/uploads\/sites\/2\/2013\/05\/Wall-options.png","contentUrl":"https:\/\/www.visualarq.com\/wp-content\/uploads\/sites\/2\/2013\/05\/Wall-options.png"},{"@type":"BreadcrumbList","@id":"https:\/\/www.visualarq.com\/es\/learn\/grasshopper-components\/create-a-wall\/#breadcrumb","itemListElement":[{"@type":"ListItem","position":1,"name":"Home","item":"https:\/\/www.visualarq.com\/es\/home\/"},{"@type":"ListItem","position":2,"name":"Formaci\u00f3n","item":"https:\/\/www.visualarq.com\/es\/learn\/"},{"@type":"ListItem","position":3,"name":"Grasshopper Components","item":"https:\/\/www.visualarq.com\/es\/learn\/grasshopper-components\/"},{"@type":"ListItem","position":4,"name":"Ejercicio 1. Crear un muro"}]},{"@type":"WebSite","@id":"https:\/\/www.visualarq.com\/es\/#website","url":"https:\/\/www.visualarq.com\/es\/","name":"VisualARQ","description":"Flexible BIM for Rhino","potentialAction":[{"@type":"SearchAction","target":{"@type":"EntryPoint","urlTemplate":"https:\/\/www.visualarq.com\/es\/?s={search_term_string}"},"query-input":{"@type":"PropertyValueSpecification","valueRequired":true,"valueName":"search_term_string"}}],"inLanguage":"es"}]}},"_links":{"self":[{"href":"https:\/\/www.visualarq.com\/es\/wp-json\/wp\/v2\/pages\/11670","targetHints":{"allow":["GET"]}}],"collection":[{"href":"https:\/\/www.visualarq.com\/es\/wp-json\/wp\/v2\/pages"}],"about":[{"href":"https:\/\/www.visualarq.com\/es\/wp-json\/wp\/v2\/types\/page"}],"author":[{"embeddable":true,"href":"https:\/\/www.visualarq.com\/es\/wp-json\/wp\/v2\/users\/6"}],"replies":[{"embeddable":true,"href":"https:\/\/www.visualarq.com\/es\/wp-json\/wp\/v2\/comments?post=11670"}],"version-history":[{"count":0,"href":"https:\/\/www.visualarq.com\/es\/wp-json\/wp\/v2\/pages\/11670\/revisions"}],"up":[{"embeddable":true,"href":"https:\/\/www.visualarq.com\/es\/wp-json\/wp\/v2\/pages\/11668"}],"wp:attachment":[{"href":"https:\/\/www.visualarq.com\/es\/wp-json\/wp\/v2\/media?parent=11670"}],"curies":[{"name":"wp","href":"https:\/\/api.w.org\/{rel}","templated":true}]}}