{"id":11707,"date":"2017-09-27T00:00:00","date_gmt":"2017-09-27T00:00:00","guid":{"rendered":"https:\/\/www.visualarq.com\/download\/update\/v2\/"},"modified":"2024-10-07T13:56:35","modified_gmt":"2024-10-07T13:56:35","slug":"v2","status":"publish","type":"page","link":"https:\/\/www.visualarq.com\/es\/download\/update\/v2\/","title":{"rendered":"Versi\u00f3n 2"},"content":{"rendered":"<h1>Descargar actualizaci\u00f3n 2.13.2<\/h1>\r\n<p>Seleccione la versi\u00f3n de VisualARQ que desea descargar:<\/p>\r\n<ul>\r\n \t<li><a href=\"https:\/\/visualarq.s3.amazonaws.com\/download\/VisualARQ2-Rhino7.msi\">VisualARQ 2.13.2 para Rhinoceros 7<\/a><\/li>\r\n \t<li><a href=\"https:\/\/visualarq.s3.amazonaws.com\/download\/VisualARQ2-Rhino6.msi\">VisualARQ 2.13.2 para Rhinoceros 6<\/a><\/li>\r\n \t<li><a href=\"https:\/\/visualarq.s3.amazonaws.com\/download\/VisualARQ2-Rhino5-x86.msi\">VisualARQ 2.13.2 para Rhinoceros 5.0 (32-bit)<\/a><\/li>\r\n \t<li><a href=\"https:\/\/visualarq.s3.amazonaws.com\/download\/VisualARQ2-Rhino5-x64.msi\">VisualARQ 2.13.2 para Rhinoceros 5.0 (64-bit)<\/a><\/li>\r\n<\/ul>","protected":false},"excerpt":{"rendered":"<p>Descargar actualizaci\u00f3n Seleccione la versi\u00f3n de VisualARQ que desea descargar: VisualARQ para Rhinoceros 7 VisualARQ para Rhinoceros 6 VisualARQ para Rhinoceros 5.0 (32-bit) VisualARQ para Rhinoceros 5.0 (64-bit)<\/p>\n","protected":false},"author":5,"featured_media":0,"parent":11581,"menu_order":0,"comment_status":"closed","ping_status":"closed","template":"","meta":{"_et_pb_use_builder":"","_et_pb_old_content":"","_et_gb_content_width":"","footnotes":""},"class_list":["post-11707","page","type-page","status-publish","hentry"],"yoast_head":"<!-- This site is optimized with the Yoast SEO plugin v27.3 - https:\/\/yoast.com\/product\/yoast-seo-wordpress\/ -->\n<title>Versi\u00f3n 2 - VisualARQ<\/title>\n<meta name=\"robots\" content=\"index, follow, max-snippet:-1, max-image-preview:large, max-video-preview:-1\" \/>\n<link rel=\"canonical\" href=\"https:\/\/www.visualarq.com\/es\/download\/update\/v2\/\" \/>\n<meta property=\"og:locale\" content=\"es_ES\" \/>\n<meta property=\"og:type\" content=\"article\" \/>\n<meta property=\"og:title\" content=\"Versi\u00f3n 2 - VisualARQ\" \/>\n<meta property=\"og:description\" content=\"Descargar actualizaci\u00f3n Seleccione la versi\u00f3n de VisualARQ que desea descargar: VisualARQ para Rhinoceros 7 VisualARQ para Rhinoceros 6 VisualARQ para Rhinoceros 5.0 (32-bit) VisualARQ para Rhinoceros 5.0 (64-bit)\" \/>\n<meta property=\"og:url\" content=\"https:\/\/www.visualarq.com\/es\/download\/update\/v2\/\" \/>\n<meta property=\"og:site_name\" content=\"VisualARQ\" \/>\n<meta property=\"article:publisher\" content=\"https:\/\/www.facebook.com\/visualarq\" \/>\n<meta property=\"article:modified_time\" content=\"2024-10-07T13:56:35+00:00\" \/>\n<meta name=\"twitter:card\" content=\"summary_large_image\" \/>\n<meta name=\"twitter:site\" content=\"@VisualARQ\" \/>\n<script type=\"application\/ld+json\" class=\"yoast-schema-graph\">{\"@context\":\"https:\\\/\\\/schema.org\",\"@graph\":[{\"@type\":\"WebPage\",\"@id\":\"https:\\\/\\\/www.visualarq.com\\\/es\\\/download\\\/update\\\/v2\\\/\",\"url\":\"https:\\\/\\\/www.visualarq.com\\\/es\\\/download\\\/update\\\/v2\\\/\",\"name\":\"Versi\u00f3n 2 - VisualARQ\",\"isPartOf\":{\"@id\":\"https:\\\/\\\/www.visualarq.com\\\/es\\\/#website\"},\"datePublished\":\"2017-09-27T00:00:00+00:00\",\"dateModified\":\"2024-10-07T13:56:35+00:00\",\"breadcrumb\":{\"@id\":\"https:\\\/\\\/www.visualarq.com\\\/es\\\/download\\\/update\\\/v2\\\/#breadcrumb\"},\"inLanguage\":\"es\",\"potentialAction\":[{\"@type\":\"ReadAction\",\"target\":[\"https:\\\/\\\/www.visualarq.com\\\/es\\\/download\\\/update\\\/v2\\\/\"]}]},{\"@type\":\"BreadcrumbList\",\"@id\":\"https:\\\/\\\/www.visualarq.com\\\/es\\\/download\\\/update\\\/v2\\\/#breadcrumb\",\"itemListElement\":[{\"@type\":\"ListItem\",\"position\":1,\"name\":\"Home\",\"item\":\"https:\\\/\\\/www.visualarq.com\\\/es\\\/home\\\/\"},{\"@type\":\"ListItem\",\"position\":2,\"name\":\"Descargar\",\"item\":\"https:\\\/\\\/www.visualarq.com\\\/es\\\/download\\\/\"},{\"@type\":\"ListItem\",\"position\":3,\"name\":\"Actualizaci\u00f3n\",\"item\":\"https:\\\/\\\/www.visualarq.com\\\/es\\\/download\\\/update\\\/\"},{\"@type\":\"ListItem\",\"position\":4,\"name\":\"Versi\u00f3n 2\"}]},{\"@type\":\"WebSite\",\"@id\":\"https:\\\/\\\/www.visualarq.com\\\/es\\\/#website\",\"url\":\"https:\\\/\\\/www.visualarq.com\\\/es\\\/\",\"name\":\"VisualARQ\",\"description\":\"Flexible BIM for Rhino\",\"potentialAction\":[{\"@type\":\"SearchAction\",\"target\":{\"@type\":\"EntryPoint\",\"urlTemplate\":\"https:\\\/\\\/www.visualarq.com\\\/es\\\/?s={search_term_string}\"},\"query-input\":{\"@type\":\"PropertyValueSpecification\",\"valueRequired\":true,\"valueName\":\"search_term_string\"}}],\"inLanguage\":\"es\"}]}<\/script>\n<!-- \/ Yoast SEO plugin. -->","yoast_head_json":{"title":"Versi\u00f3n 2 - VisualARQ","robots":{"index":"index","follow":"follow","max-snippet":"max-snippet:-1","max-image-preview":"max-image-preview:large","max-video-preview":"max-video-preview:-1"},"canonical":"https:\/\/www.visualarq.com\/es\/download\/update\/v2\/","og_locale":"es_ES","og_type":"article","og_title":"Versi\u00f3n 2 - VisualARQ","og_description":"Descargar actualizaci\u00f3n Seleccione la versi\u00f3n de VisualARQ que desea descargar: VisualARQ para Rhinoceros 7 VisualARQ para Rhinoceros 6 VisualARQ para Rhinoceros 5.0 (32-bit) VisualARQ para Rhinoceros 5.0 (64-bit)","og_url":"https:\/\/www.visualarq.com\/es\/download\/update\/v2\/","og_site_name":"VisualARQ","article_publisher":"https:\/\/www.facebook.com\/visualarq","article_modified_time":"2024-10-07T13:56:35+00:00","twitter_card":"summary_large_image","twitter_site":"@VisualARQ","schema":{"@context":"https:\/\/schema.org","@graph":[{"@type":"WebPage","@id":"https:\/\/www.visualarq.com\/es\/download\/update\/v2\/","url":"https:\/\/www.visualarq.com\/es\/download\/update\/v2\/","name":"Versi\u00f3n 2 - VisualARQ","isPartOf":{"@id":"https:\/\/www.visualarq.com\/es\/#website"},"datePublished":"2017-09-27T00:00:00+00:00","dateModified":"2024-10-07T13:56:35+00:00","breadcrumb":{"@id":"https:\/\/www.visualarq.com\/es\/download\/update\/v2\/#breadcrumb"},"inLanguage":"es","potentialAction":[{"@type":"ReadAction","target":["https:\/\/www.visualarq.com\/es\/download\/update\/v2\/"]}]},{"@type":"BreadcrumbList","@id":"https:\/\/www.visualarq.com\/es\/download\/update\/v2\/#breadcrumb","itemListElement":[{"@type":"ListItem","position":1,"name":"Home","item":"https:\/\/www.visualarq.com\/es\/home\/"},{"@type":"ListItem","position":2,"name":"Descargar","item":"https:\/\/www.visualarq.com\/es\/download\/"},{"@type":"ListItem","position":3,"name":"Actualizaci\u00f3n","item":"https:\/\/www.visualarq.com\/es\/download\/update\/"},{"@type":"ListItem","position":4,"name":"Versi\u00f3n 2"}]},{"@type":"WebSite","@id":"https:\/\/www.visualarq.com\/es\/#website","url":"https:\/\/www.visualarq.com\/es\/","name":"VisualARQ","description":"Flexible BIM for Rhino","potentialAction":[{"@type":"SearchAction","target":{"@type":"EntryPoint","urlTemplate":"https:\/\/www.visualarq.com\/es\/?s={search_term_string}"},"query-input":{"@type":"PropertyValueSpecification","valueRequired":true,"valueName":"search_term_string"}}],"inLanguage":"es"}]}},"_links":{"self":[{"href":"https:\/\/www.visualarq.com\/es\/wp-json\/wp\/v2\/pages\/11707","targetHints":{"allow":["GET"]}}],"collection":[{"href":"https:\/\/www.visualarq.com\/es\/wp-json\/wp\/v2\/pages"}],"about":[{"href":"https:\/\/www.visualarq.com\/es\/wp-json\/wp\/v2\/types\/page"}],"author":[{"embeddable":true,"href":"https:\/\/www.visualarq.com\/es\/wp-json\/wp\/v2\/users\/5"}],"replies":[{"embeddable":true,"href":"https:\/\/www.visualarq.com\/es\/wp-json\/wp\/v2\/comments?post=11707"}],"version-history":[{"count":1,"href":"https:\/\/www.visualarq.com\/es\/wp-json\/wp\/v2\/pages\/11707\/revisions"}],"predecessor-version":[{"id":41351,"href":"https:\/\/www.visualarq.com\/es\/wp-json\/wp\/v2\/pages\/11707\/revisions\/41351"}],"up":[{"embeddable":true,"href":"https:\/\/www.visualarq.com\/es\/wp-json\/wp\/v2\/pages\/11581"}],"wp:attachment":[{"href":"https:\/\/www.visualarq.com\/es\/wp-json\/wp\/v2\/media?parent=11707"}],"curies":[{"name":"wp","href":"https:\/\/api.w.org\/{rel}","templated":true}]}}