{"id":20266,"date":"2020-10-15T09:51:43","date_gmt":"2020-10-15T09:51:43","guid":{"rendered":"https:\/\/www.visualarq.com\/legal\/cookie-policy\/"},"modified":"2025-10-27T20:52:09","modified_gmt":"2025-10-27T20:52:09","slug":"cookie-policy","status":"publish","type":"page","link":"https:\/\/www.visualarq.com\/es\/legal\/cookie-policy\/","title":{"rendered":"Pol\u00edtica de cookies"},"content":{"rendered":"[et_pb_section fb_built=\u00bb1&#8243; admin_label=\u00bbsection\u00bb _builder_version=\u00bb4.16&#8243; da_disable_devices=\u00bboff|off|off\u00bb global_colors_info=\u00bb{}\u00bb da_is_popup=\u00bboff\u00bb da_exit_intent=\u00bboff\u00bb da_has_close=\u00bbon\u00bb da_alt_close=\u00bboff\u00bb da_dark_close=\u00bboff\u00bb da_not_modal=\u00bbon\u00bb da_is_singular=\u00bboff\u00bb da_with_loader=\u00bboff\u00bb da_has_shadow=\u00bbon\u00bb][et_pb_row admin_label=\u00bbrow\u00bb _builder_version=\u00bb4.24.3&#8243; background_size=\u00bbinitial\u00bb background_position=\u00bbtop_left\u00bb background_repeat=\u00bbrepeat\u00bb global_colors_info=\u00bb{}\u00bb][et_pb_column type=\u00bb4_4&#8243; _builder_version=\u00bb4.16&#8243; custom_padding=\u00bb|||\u00bb global_colors_info=\u00bb{}\u00bb custom_padding__hover=\u00bb|||\u00bb][et_pb_text admin_label=\u00bbText\u00bb _builder_version=\u00bb4.24.3&#8243; background_size=\u00bbinitial\u00bb background_position=\u00bbtop_left\u00bb background_repeat=\u00bbrepeat\u00bb global_colors_info=\u00bb{}\u00bb]<h1>Pol\u00edtica de cookies<\/h1>[\/et_pb_text][et_pb_text admin_label=\u00bbText\u00bb _builder_version=\u00bb4.27.0&#8243; background_size=\u00bbinitial\u00bb background_position=\u00bbtop_left\u00bb background_repeat=\u00bbrepeat\u00bb global_colors_info=\u00bb{}\u00bb]<p>Esta Pol\u00edtica de cookies explica qu\u00e9 son las cookies y c\u00f3mo las utilizamos. Deber\u00eda leer esta pol\u00edtica para entender qu\u00e9 son las cookies, c\u00f3mo las utilizamos, los tipos de cookies que utilizamos, es decir, la informaci\u00f3n que recopilamos utilizando cookies y c\u00f3mo se utiliza esa informaci\u00f3n, y c\u00f3mo controlar las preferencias de cookies. Para m\u00e1s informaci\u00f3n sobre c\u00f3mo utilizamos, almacenamos y mantenemos seguros sus datos personales, consulte nuestra Pol\u00edtica de privacidad.<\/p><br><p>En cualquier momento puede modificar o retirar su consentimiento en la Declaraci\u00f3n de cookies de nuestro sitio web.<br \/>Obtenga m\u00e1s informaci\u00f3n sobre qui\u00e9nes somos, c\u00f3mo puede ponerse en contacto con nosotros y c\u00f3mo tratamos los datos personales en nuestra Pol\u00edtica de privacidad.<br \/>Su consentimiento se aplica a los siguientes dominios: <strong>visualarq.com<\/strong><\/p>[\/et_pb_text][et_pb_text admin_label=\u00bbText\u00bb _builder_version=\u00bb4.24.3&#8243; background_color=\u00bb#f2f2f2&#8243; background_size=\u00bbinitial\u00bb background_position=\u00bbtop_left\u00bb background_repeat=\u00bbrepeat\u00bb custom_padding=\u00bb18px|25px|18px|25px|false|false\u00bb global_colors_info=\u00bb{}\u00bb]<div class=\"user_consent_state\"><span>[wcc_preference_button]<\/span><\/div>[\/et_pb_text][et_pb_text admin_label=\u00bbText\u00bb _builder_version=\u00bb4.24.3&#8243; background_size=\u00bbinitial\u00bb background_position=\u00bbtop_left\u00bb background_repeat=\u00bbrepeat\u00bb global_colors_info=\u00bb{}\u00bb]<h3>\u00bfQu\u00e9 son las cookies?<\/h3><br><p>Las cookies son peque\u00f1os archivos de texto que se utilizan para almacenar peque\u00f1os fragmentos de informaci\u00f3n. Las cookies se almacenan en su dispositivo cuando se carga el sitio web en su navegador. Estas cookies nos ayudan a que el sitio web funcione correctamente, a que sea m\u00e1s seguro, a proporcionar una mejor experiencia al usuario y a comprender c\u00f3mo funciona y analizar qu\u00e9 funciona y qu\u00e9 aspectos deben mejorarse.<\/p>[\/et_pb_text][et_pb_text admin_label=\u00bbText\u00bb _builder_version=\u00bb4.24.3&#8243; background_size=\u00bbinitial\u00bb background_position=\u00bbtop_left\u00bb background_repeat=\u00bbrepeat\u00bb global_colors_info=\u00bb{}\u00bb]<h3>\u00bfC\u00f3mo utilizamos las cookies ?<\/h3><br><p>Como la mayor\u00eda de los servicios online, nuestro sitio web utiliza cookies propias y de terceros para diversos fines. Las cookies propias son necesarias para que el sitio web funcione correctamente, y no recogen ning\u00fan dato que pueda identificarle personalmente.<\/p><br><p>Las cookies de terceros utilizadas en nuestros sitios web se emplean principalmente para comprender el funcionamiento del sitio web, c\u00f3mo interact\u00faa con nuestro sitio web, mantener la seguridad de nuestros servicios, proporcionar anuncios que sean relevantes y, en definitiva, proporcionarle una experiencia de usuario mejor y m\u00e1s r\u00e1pida y ayudarle a agilizar sus futuras interacciones con nuestro sitio web.<\/p>[\/et_pb_text][et_pb_text admin_label=\u00bbText\u00bb _builder_version=\u00bb4.24.3&#8243; background_size=\u00bbinitial\u00bb background_position=\u00bbtop_left\u00bb background_repeat=\u00bbrepeat\u00bb global_colors_info=\u00bb{}\u00bb]<h3>\u00bfQu\u00e9 tipos de cookies utilizamos?<\/h3><br><p>Las cookies que utilizamos en nuestro sitio web se agrupan en las siguientes categor\u00edas.<\/p>[\/et_pb_text][et_pb_text admin_label=\u00bbText\u00bb _builder_version=\u00bb4.27.4&#8243; background_color=\u00bb#f2f2f2&#8243; background_size=\u00bbinitial\u00bb background_position=\u00bbtop_left\u00bb background_repeat=\u00bbrepeat\u00bb custom_padding=\u00bb18px|25px|18px|25px|false|false\u00bb hover_enabled=\u00bb0&#8243; global_colors_info=\u00bb{}\u00bb sticky_enabled=\u00bb0&#8243;]<p><span>[wcc_category_list]<\/span><\/p>[\/et_pb_text][et_pb_text admin_label=\u00bbText\u00bb _builder_version=\u00bb4.24.3&#8243; background_size=\u00bbinitial\u00bb background_position=\u00bbtop_left\u00bb background_repeat=\u00bbrepeat\u00bb global_colors_info=\u00bb{}\u00bb]<h3>\u00bfC\u00f3mo puedo controlar las preferencias de cookies?<\/h3><br><p>Puede gestionar las preferencias de cookies haciendo clic en el bot\u00f3n \u00abConfiguraci\u00f3n\u00bb y activando o desactivando las categor\u00edas de cookies en la ventana emergente seg\u00fan sus preferencias.<\/p><br><p>Si decide cambiar las preferencias m\u00e1s adelante durante su sesi\u00f3n de navegaci\u00f3n, puede hacer clic en la ficha \u00abPol\u00edtica de privacidad y cookies\u00bb que aparece en pantalla. Aparecer\u00e1 de nuevo el aviso de consentimiento, que le permitir\u00e1 cambiar sus preferencias o retirar totalmente su consentimiento.<\/p><br><p>Adem\u00e1s, los distintos navegadores ofrecen diferentes m\u00e9todos para bloquear y eliminar las cookies utilizadas por los sitios web. Puede cambiar la configuraci\u00f3n de su navegador para bloquear\/eliminar las cookies. Para obtener m\u00e1s informaci\u00f3n sobre c\u00f3mo gestionar y eliminar las cookies, visite wikipedia.org, www.allaboutcookies.org.<\/p>[\/et_pb_text][\/et_pb_column][\/et_pb_row][\/et_pb_section]","protected":false},"excerpt":{"rendered":"<p>Pol\u00edtica de cookiesEsta Pol\u00edtica de cookies explica qu\u00e9 son las cookies y c\u00f3mo las utilizamos. Deber\u00eda leer esta pol\u00edtica para entender qu\u00e9 son las cookies, c\u00f3mo las utilizamos, los tipos de cookies que utilizamos, es decir, la informaci\u00f3n que recopilamos utilizando cookies y c\u00f3mo se utiliza esa informaci\u00f3n, y c\u00f3mo controlar las preferencias de cookies. [&hellip;]<\/p>\n","protected":false},"author":1,"featured_media":0,"parent":11573,"menu_order":0,"comment_status":"closed","ping_status":"closed","template":"","meta":{"_et_pb_use_builder":"on","_et_pb_old_content":"","_et_gb_content_width":"","footnotes":""},"class_list":["post-20266","page","type-page","status-publish","hentry"],"yoast_head":"<!-- This site is optimized with the Yoast SEO plugin v27.3 - https:\/\/yoast.com\/product\/yoast-seo-wordpress\/ -->\n<title>Pol\u00edtica de cookies - VisualARQ<\/title>\n<meta name=\"robots\" content=\"index, follow, max-snippet:-1, max-image-preview:large, max-video-preview:-1\" \/>\n<link rel=\"canonical\" href=\"https:\/\/www.visualarq.com\/es\/legal\/cookie-policy\/\" \/>\n<meta property=\"og:locale\" content=\"es_ES\" \/>\n<meta property=\"og:type\" content=\"article\" \/>\n<meta property=\"og:title\" content=\"Pol\u00edtica de cookies - VisualARQ\" \/>\n<meta property=\"og:description\" content=\"Pol\u00edtica de cookiesEsta Pol\u00edtica de cookies explica qu\u00e9 son las cookies y c\u00f3mo las utilizamos. Deber\u00eda leer esta pol\u00edtica para entender qu\u00e9 son las cookies, c\u00f3mo las utilizamos, los tipos de cookies que utilizamos, es decir, la informaci\u00f3n que recopilamos utilizando cookies y c\u00f3mo se utiliza esa informaci\u00f3n, y c\u00f3mo controlar las preferencias de cookies. [&hellip;]\" \/>\n<meta property=\"og:url\" content=\"https:\/\/www.visualarq.com\/es\/legal\/cookie-policy\/\" \/>\n<meta property=\"og:site_name\" content=\"VisualARQ\" \/>\n<meta property=\"article:publisher\" content=\"https:\/\/www.facebook.com\/visualarq\" \/>\n<meta property=\"article:modified_time\" content=\"2025-10-27T20:52:09+00:00\" \/>\n<meta name=\"twitter:card\" content=\"summary_large_image\" \/>\n<meta name=\"twitter:site\" content=\"@VisualARQ\" \/>\n<meta name=\"twitter:label1\" content=\"Tiempo de lectura\" \/>\n\t<meta name=\"twitter:data1\" content=\"4 minutos\" \/>\n<script type=\"application\/ld+json\" class=\"yoast-schema-graph\">{\"@context\":\"https:\\\/\\\/schema.org\",\"@graph\":[{\"@type\":\"WebPage\",\"@id\":\"https:\\\/\\\/www.visualarq.com\\\/es\\\/legal\\\/cookie-policy\\\/\",\"url\":\"https:\\\/\\\/www.visualarq.com\\\/es\\\/legal\\\/cookie-policy\\\/\",\"name\":\"Pol\u00edtica de cookies - VisualARQ\",\"isPartOf\":{\"@id\":\"https:\\\/\\\/www.visualarq.com\\\/es\\\/#website\"},\"datePublished\":\"2020-10-15T09:51:43+00:00\",\"dateModified\":\"2025-10-27T20:52:09+00:00\",\"breadcrumb\":{\"@id\":\"https:\\\/\\\/www.visualarq.com\\\/es\\\/legal\\\/cookie-policy\\\/#breadcrumb\"},\"inLanguage\":\"es\",\"potentialAction\":[{\"@type\":\"ReadAction\",\"target\":[\"https:\\\/\\\/www.visualarq.com\\\/es\\\/legal\\\/cookie-policy\\\/\"]}]},{\"@type\":\"BreadcrumbList\",\"@id\":\"https:\\\/\\\/www.visualarq.com\\\/es\\\/legal\\\/cookie-policy\\\/#breadcrumb\",\"itemListElement\":[{\"@type\":\"ListItem\",\"position\":1,\"name\":\"Home\",\"item\":\"https:\\\/\\\/www.visualarq.com\\\/es\\\/home\\\/\"},{\"@type\":\"ListItem\",\"position\":2,\"name\":\"Informaci\u00f3n legal\",\"item\":\"https:\\\/\\\/www.visualarq.com\\\/es\\\/legal\\\/\"},{\"@type\":\"ListItem\",\"position\":3,\"name\":\"Pol\u00edtica de cookies\"}]},{\"@type\":\"WebSite\",\"@id\":\"https:\\\/\\\/www.visualarq.com\\\/es\\\/#website\",\"url\":\"https:\\\/\\\/www.visualarq.com\\\/es\\\/\",\"name\":\"VisualARQ\",\"description\":\"Flexible BIM for Rhino\",\"potentialAction\":[{\"@type\":\"SearchAction\",\"target\":{\"@type\":\"EntryPoint\",\"urlTemplate\":\"https:\\\/\\\/www.visualarq.com\\\/es\\\/?s={search_term_string}\"},\"query-input\":{\"@type\":\"PropertyValueSpecification\",\"valueRequired\":true,\"valueName\":\"search_term_string\"}}],\"inLanguage\":\"es\"}]}<\/script>\n<!-- \/ Yoast SEO plugin. -->","yoast_head_json":{"title":"Pol\u00edtica de cookies - VisualARQ","robots":{"index":"index","follow":"follow","max-snippet":"max-snippet:-1","max-image-preview":"max-image-preview:large","max-video-preview":"max-video-preview:-1"},"canonical":"https:\/\/www.visualarq.com\/es\/legal\/cookie-policy\/","og_locale":"es_ES","og_type":"article","og_title":"Pol\u00edtica de cookies - VisualARQ","og_description":"Pol\u00edtica de cookiesEsta Pol\u00edtica de cookies explica qu\u00e9 son las cookies y c\u00f3mo las utilizamos. Deber\u00eda leer esta pol\u00edtica para entender qu\u00e9 son las cookies, c\u00f3mo las utilizamos, los tipos de cookies que utilizamos, es decir, la informaci\u00f3n que recopilamos utilizando cookies y c\u00f3mo se utiliza esa informaci\u00f3n, y c\u00f3mo controlar las preferencias de cookies. [&hellip;]","og_url":"https:\/\/www.visualarq.com\/es\/legal\/cookie-policy\/","og_site_name":"VisualARQ","article_publisher":"https:\/\/www.facebook.com\/visualarq","article_modified_time":"2025-10-27T20:52:09+00:00","twitter_card":"summary_large_image","twitter_site":"@VisualARQ","twitter_misc":{"Tiempo de lectura":"4 minutos"},"schema":{"@context":"https:\/\/schema.org","@graph":[{"@type":"WebPage","@id":"https:\/\/www.visualarq.com\/es\/legal\/cookie-policy\/","url":"https:\/\/www.visualarq.com\/es\/legal\/cookie-policy\/","name":"Pol\u00edtica de cookies - VisualARQ","isPartOf":{"@id":"https:\/\/www.visualarq.com\/es\/#website"},"datePublished":"2020-10-15T09:51:43+00:00","dateModified":"2025-10-27T20:52:09+00:00","breadcrumb":{"@id":"https:\/\/www.visualarq.com\/es\/legal\/cookie-policy\/#breadcrumb"},"inLanguage":"es","potentialAction":[{"@type":"ReadAction","target":["https:\/\/www.visualarq.com\/es\/legal\/cookie-policy\/"]}]},{"@type":"BreadcrumbList","@id":"https:\/\/www.visualarq.com\/es\/legal\/cookie-policy\/#breadcrumb","itemListElement":[{"@type":"ListItem","position":1,"name":"Home","item":"https:\/\/www.visualarq.com\/es\/home\/"},{"@type":"ListItem","position":2,"name":"Informaci\u00f3n legal","item":"https:\/\/www.visualarq.com\/es\/legal\/"},{"@type":"ListItem","position":3,"name":"Pol\u00edtica de cookies"}]},{"@type":"WebSite","@id":"https:\/\/www.visualarq.com\/es\/#website","url":"https:\/\/www.visualarq.com\/es\/","name":"VisualARQ","description":"Flexible BIM for Rhino","potentialAction":[{"@type":"SearchAction","target":{"@type":"EntryPoint","urlTemplate":"https:\/\/www.visualarq.com\/es\/?s={search_term_string}"},"query-input":{"@type":"PropertyValueSpecification","valueRequired":true,"valueName":"search_term_string"}}],"inLanguage":"es"}]}},"_links":{"self":[{"href":"https:\/\/www.visualarq.com\/es\/wp-json\/wp\/v2\/pages\/20266","targetHints":{"allow":["GET"]}}],"collection":[{"href":"https:\/\/www.visualarq.com\/es\/wp-json\/wp\/v2\/pages"}],"about":[{"href":"https:\/\/www.visualarq.com\/es\/wp-json\/wp\/v2\/types\/page"}],"author":[{"embeddable":true,"href":"https:\/\/www.visualarq.com\/es\/wp-json\/wp\/v2\/users\/1"}],"replies":[{"embeddable":true,"href":"https:\/\/www.visualarq.com\/es\/wp-json\/wp\/v2\/comments?post=20266"}],"version-history":[{"count":6,"href":"https:\/\/www.visualarq.com\/es\/wp-json\/wp\/v2\/pages\/20266\/revisions"}],"predecessor-version":[{"id":42601,"href":"https:\/\/www.visualarq.com\/es\/wp-json\/wp\/v2\/pages\/20266\/revisions\/42601"}],"up":[{"embeddable":true,"href":"https:\/\/www.visualarq.com\/es\/wp-json\/wp\/v2\/pages\/11573"}],"wp:attachment":[{"href":"https:\/\/www.visualarq.com\/es\/wp-json\/wp\/v2\/media?parent=20266"}],"curies":[{"name":"wp","href":"https:\/\/api.w.org\/{rel}","templated":true}]}}