{"id":30561,"date":"2023-04-04T11:21:31","date_gmt":"2023-04-04T11:21:31","guid":{"rendered":"https:\/\/www.visualarq.com\/estadisticas-de-uso\/"},"modified":"2024-09-26T10:59:43","modified_gmt":"2024-09-26T10:59:43","slug":"usage-statistics","status":"publish","type":"page","link":"https:\/\/www.visualarq.com\/es\/usage-statistics\/","title":{"rendered":"Estad\u00edsticas de uso"},"content":{"rendered":"\n<h2 class=\"wp-block-heading\">Estad\u00edsticas de uso<\/h2>\n\n<p>Las estad\u00edsticas de uso nos ayudan a priorizar las funciones y mejoras en las que debemos trabajar.<\/p>\n\n<p>Las estad\u00edsticas de uso contienen informaci\u00f3n de preferencias, uso de funciones, tipos de archivo utilizados, versi\u00f3n del sistema operativo y uso de memoria. Un n\u00famero aleatorio se almacena en el equipo y se env\u00eda con cada informe. De este modo, podemos diferenciar entre una persona que tiene un problema 100 veces y 100 personas que tienen un problema una vez. Este n\u00famero no se utiliza para identificarle.<\/p>\n\n<p>VisualARQ no recopila informaci\u00f3n de geometr\u00eda ni otros datos en los archivos que se creen o abran. Las estad\u00edsticas de uso no contienen informaci\u00f3n que nos permita reproducir la geometr\u00eda creada.<\/p>\n\n<p><\/p>\n\n<p><\/p>\n\n<h3 class=\"wp-block-heading\">Para activar o desactivar las estad\u00edsticas de uso:<\/h3>\n\n<ol class=\"wp-block-list\">\n<li>En el men\u00fa <strong>Herramientas<\/strong>, haga clic en <strong>Opciones<\/strong>.<\/li>\n\n\n\n<li>En la p\u00e1gina <strong>Opciones de Rhino &gt; VisualARQ &gt; Estad\u00edsticas <\/strong>, active o desactive la \u00a0casilla de verificaci\u00f3n <strong>Enviar estad\u00edsticas de uso<\/strong>.<\/li>\n<\/ol>\n","protected":false},"excerpt":{"rendered":"<p>Estad\u00edsticas de uso Las estad\u00edsticas de uso nos ayudan a priorizar las funciones y mejoras en las que debemos trabajar. Las estad\u00edsticas de uso contienen informaci\u00f3n de preferencias, uso de funciones, tipos de archivo utilizados, versi\u00f3n del sistema operativo y uso de memoria. Un n\u00famero aleatorio se almacena en el equipo y se env\u00eda con [&hellip;]<\/p>\n","protected":false},"author":6,"featured_media":0,"parent":0,"menu_order":902,"comment_status":"closed","ping_status":"closed","template":"","meta":{"_et_pb_use_builder":"","_et_pb_old_content":"","_et_gb_content_width":"","footnotes":""},"class_list":["post-30561","page","type-page","status-publish","hentry"],"yoast_head":"<!-- This site is optimized with the Yoast SEO plugin v27.3 - https:\/\/yoast.com\/product\/yoast-seo-wordpress\/ -->\n<title>Estad\u00edsticas de uso - VisualARQ<\/title>\n<meta name=\"robots\" content=\"index, follow, max-snippet:-1, max-image-preview:large, max-video-preview:-1\" \/>\n<link rel=\"canonical\" href=\"https:\/\/www.visualarq.com\/es\/usage-statistics\/\" \/>\n<meta property=\"og:locale\" content=\"es_ES\" \/>\n<meta property=\"og:type\" content=\"article\" \/>\n<meta property=\"og:title\" content=\"Estad\u00edsticas de uso - VisualARQ\" \/>\n<meta property=\"og:description\" content=\"Estad\u00edsticas de uso Las estad\u00edsticas de uso nos ayudan a priorizar las funciones y mejoras en las que debemos trabajar. Las estad\u00edsticas de uso contienen informaci\u00f3n de preferencias, uso de funciones, tipos de archivo utilizados, versi\u00f3n del sistema operativo y uso de memoria. Un n\u00famero aleatorio se almacena en el equipo y se env\u00eda con [&hellip;]\" \/>\n<meta property=\"og:url\" content=\"https:\/\/www.visualarq.com\/es\/usage-statistics\/\" \/>\n<meta property=\"og:site_name\" content=\"VisualARQ\" \/>\n<meta property=\"article:publisher\" content=\"https:\/\/www.facebook.com\/visualarq\" \/>\n<meta property=\"article:modified_time\" content=\"2024-09-26T10:59:43+00:00\" \/>\n<meta name=\"twitter:card\" content=\"summary_large_image\" \/>\n<meta name=\"twitter:site\" content=\"@VisualARQ\" \/>\n<meta name=\"twitter:label1\" content=\"Tiempo de lectura\" \/>\n\t<meta name=\"twitter:data1\" content=\"1 minuto\" \/>\n<script type=\"application\/ld+json\" class=\"yoast-schema-graph\">{\"@context\":\"https:\\\/\\\/schema.org\",\"@graph\":[{\"@type\":\"WebPage\",\"@id\":\"https:\\\/\\\/www.visualarq.com\\\/es\\\/usage-statistics\\\/\",\"url\":\"https:\\\/\\\/www.visualarq.com\\\/es\\\/usage-statistics\\\/\",\"name\":\"Estad\u00edsticas de uso - VisualARQ\",\"isPartOf\":{\"@id\":\"https:\\\/\\\/www.visualarq.com\\\/es\\\/#website\"},\"datePublished\":\"2023-04-04T11:21:31+00:00\",\"dateModified\":\"2024-09-26T10:59:43+00:00\",\"breadcrumb\":{\"@id\":\"https:\\\/\\\/www.visualarq.com\\\/es\\\/usage-statistics\\\/#breadcrumb\"},\"inLanguage\":\"es\",\"potentialAction\":[{\"@type\":\"ReadAction\",\"target\":[\"https:\\\/\\\/www.visualarq.com\\\/es\\\/usage-statistics\\\/\"]}]},{\"@type\":\"BreadcrumbList\",\"@id\":\"https:\\\/\\\/www.visualarq.com\\\/es\\\/usage-statistics\\\/#breadcrumb\",\"itemListElement\":[{\"@type\":\"ListItem\",\"position\":1,\"name\":\"Home\",\"item\":\"https:\\\/\\\/www.visualarq.com\\\/es\\\/home\\\/\"},{\"@type\":\"ListItem\",\"position\":2,\"name\":\"Estad\u00edsticas de uso\"}]},{\"@type\":\"WebSite\",\"@id\":\"https:\\\/\\\/www.visualarq.com\\\/es\\\/#website\",\"url\":\"https:\\\/\\\/www.visualarq.com\\\/es\\\/\",\"name\":\"VisualARQ\",\"description\":\"Flexible BIM for Rhino\",\"potentialAction\":[{\"@type\":\"SearchAction\",\"target\":{\"@type\":\"EntryPoint\",\"urlTemplate\":\"https:\\\/\\\/www.visualarq.com\\\/es\\\/?s={search_term_string}\"},\"query-input\":{\"@type\":\"PropertyValueSpecification\",\"valueRequired\":true,\"valueName\":\"search_term_string\"}}],\"inLanguage\":\"es\"}]}<\/script>\n<!-- \/ Yoast SEO plugin. -->","yoast_head_json":{"title":"Estad\u00edsticas de uso - VisualARQ","robots":{"index":"index","follow":"follow","max-snippet":"max-snippet:-1","max-image-preview":"max-image-preview:large","max-video-preview":"max-video-preview:-1"},"canonical":"https:\/\/www.visualarq.com\/es\/usage-statistics\/","og_locale":"es_ES","og_type":"article","og_title":"Estad\u00edsticas de uso - VisualARQ","og_description":"Estad\u00edsticas de uso Las estad\u00edsticas de uso nos ayudan a priorizar las funciones y mejoras en las que debemos trabajar. Las estad\u00edsticas de uso contienen informaci\u00f3n de preferencias, uso de funciones, tipos de archivo utilizados, versi\u00f3n del sistema operativo y uso de memoria. Un n\u00famero aleatorio se almacena en el equipo y se env\u00eda con [&hellip;]","og_url":"https:\/\/www.visualarq.com\/es\/usage-statistics\/","og_site_name":"VisualARQ","article_publisher":"https:\/\/www.facebook.com\/visualarq","article_modified_time":"2024-09-26T10:59:43+00:00","twitter_card":"summary_large_image","twitter_site":"@VisualARQ","twitter_misc":{"Tiempo de lectura":"1 minuto"},"schema":{"@context":"https:\/\/schema.org","@graph":[{"@type":"WebPage","@id":"https:\/\/www.visualarq.com\/es\/usage-statistics\/","url":"https:\/\/www.visualarq.com\/es\/usage-statistics\/","name":"Estad\u00edsticas de uso - VisualARQ","isPartOf":{"@id":"https:\/\/www.visualarq.com\/es\/#website"},"datePublished":"2023-04-04T11:21:31+00:00","dateModified":"2024-09-26T10:59:43+00:00","breadcrumb":{"@id":"https:\/\/www.visualarq.com\/es\/usage-statistics\/#breadcrumb"},"inLanguage":"es","potentialAction":[{"@type":"ReadAction","target":["https:\/\/www.visualarq.com\/es\/usage-statistics\/"]}]},{"@type":"BreadcrumbList","@id":"https:\/\/www.visualarq.com\/es\/usage-statistics\/#breadcrumb","itemListElement":[{"@type":"ListItem","position":1,"name":"Home","item":"https:\/\/www.visualarq.com\/es\/home\/"},{"@type":"ListItem","position":2,"name":"Estad\u00edsticas de uso"}]},{"@type":"WebSite","@id":"https:\/\/www.visualarq.com\/es\/#website","url":"https:\/\/www.visualarq.com\/es\/","name":"VisualARQ","description":"Flexible BIM for Rhino","potentialAction":[{"@type":"SearchAction","target":{"@type":"EntryPoint","urlTemplate":"https:\/\/www.visualarq.com\/es\/?s={search_term_string}"},"query-input":{"@type":"PropertyValueSpecification","valueRequired":true,"valueName":"search_term_string"}}],"inLanguage":"es"}]}},"_links":{"self":[{"href":"https:\/\/www.visualarq.com\/es\/wp-json\/wp\/v2\/pages\/30561","targetHints":{"allow":["GET"]}}],"collection":[{"href":"https:\/\/www.visualarq.com\/es\/wp-json\/wp\/v2\/pages"}],"about":[{"href":"https:\/\/www.visualarq.com\/es\/wp-json\/wp\/v2\/types\/page"}],"author":[{"embeddable":true,"href":"https:\/\/www.visualarq.com\/es\/wp-json\/wp\/v2\/users\/6"}],"replies":[{"embeddable":true,"href":"https:\/\/www.visualarq.com\/es\/wp-json\/wp\/v2\/comments?post=30561"}],"version-history":[{"count":0,"href":"https:\/\/www.visualarq.com\/es\/wp-json\/wp\/v2\/pages\/30561\/revisions"}],"wp:attachment":[{"href":"https:\/\/www.visualarq.com\/es\/wp-json\/wp\/v2\/media?parent=30561"}],"curies":[{"name":"wp","href":"https:\/\/api.w.org\/{rel}","templated":true}]}}