{"id":11113,"date":"2015-05-20T00:00:00","date_gmt":"2015-05-20T00:00:00","guid":{"rendered":"https:\/\/www.visualarq.com\/download\/shop\/"},"modified":"2024-10-07T10:34:44","modified_gmt":"2024-10-07T10:34:44","slug":"shop","status":"publish","type":"page","link":"https:\/\/www.visualarq.com\/fr\/download\/shop\/","title":{"rendered":"T\u00e9l\u00e9chargement apr\u00e8s achat"},"content":{"rendered":"<h1>Merci d&rsquo;avoir achet\u00e9 VisualARQ !<\/h1>\nT\u00e9l\u00e9chargez VisualARQ \u00e0 partir des liens suivants :\n<ul>\n \t<li><a href=\"https:\/\/visualarq.s3.amazonaws.com\/download\/VisualARQ3-Rhino8.msi\"><strong>VisualARQ pour Rhinoceros 8<\/strong><\/a><\/li>\n \t<li><a href=\"https:\/\/visualarq.s3.amazonaws.com\/download\/VisualARQ3-Rhino7.msi\"><strong>VisualARQ pour Rhinoceros 7<\/strong><\/a><\/li>\n<\/ul>\n<h3 class=\"mt-3\">Activez votre licence\u00a0:<\/h3>\nApr\u00e8s avoir install\u00e9 VisualARQ, ouvrez la bo\u00eete de dialogue Mode de licence (Menu VisualARQ &gt; Licence&#8230;), s\u00e9lectionnez <em><strong>Autonome<\/strong><\/em> et suivez les instructions pour valider votre <strong>cl\u00e9 de licence<\/strong>. (Vous pouvez \u00e9galement choisir <em><strong>Cloud<\/strong> <\/em>ou <em><strong>R\u00e9seau<\/strong> <\/em>pour ex\u00e9cuter VisualARQ en tant que licence flottante). Red\u00e9marrez Rhino pour appliquer les modifications.\n<h3 class=\"mt-3\">Demandez une formation gratuite :<\/h3>\nNous proposons une formation en ligne gratuite de 90 minutes si vous avez besoin de d\u00e9buter avec VisualARQ ou de r\u00e9pondre \u00e0 des questions. <a href=\"mailto:visualarq@asuni.com\"><strong>Contactez-nous<\/strong><\/a> si vous \u00eates int\u00e9ress\u00e9 et nous conviendrons d&rsquo;un cr\u00e9neau.\n<h3 class=\"mt-3\">N&rsquo;oubliez pas :<\/h3>\n<ul>\n \t<li>Utilisez votre cl\u00e9 de licence pour <a href=\"https:\/\/www.visualarq.com\/fr\/download\/update\/\"><strong>t\u00e9l\u00e9charger les mises \u00e0 jour de VisualARQ<\/strong><\/a> lorsqu&rsquo;une nouvelle version est disponible.<\/li>\n \t<li>Visitez le <a href=\"https:\/\/discourse.mcneel.com\/c\/visualarq\/\"><strong>forum de VisualARQ<\/strong><\/a> pour publier vos projets, poser des questions ou partager des id\u00e9es avec d&rsquo;autres utilisateurs.<\/li>\n \t<li><a href=\"mailto:visualarq@asuni.com\"><strong>Contactez-nous<\/strong><\/a> pour toute question, demande ou probl\u00e8me. Nous sommes l\u00e0 pour vous aider !<\/li>\n<\/ul>\n<h3 class=\"mt-3\">Mat\u00e9riel d&rsquo;apprentissage :<\/h3>\n<ul>\n \t<li><strong>Aide <\/strong>: Le fichier d&rsquo;aide est disponible dans le menu d\u00e9roulant de Rhino apr\u00e8s avoir install\u00e9 VisualARQ.<\/li>\n \t<li><strong><a href=\"https:\/\/help.visualarq.com\/\">Aide en ligne<\/a><\/strong><\/li>\n \t<li><strong><a href=\"\/support\/video-tutorial\/\">Tutoriel vid\u00e9o <\/a><\/strong>: Ce tutoriel vid\u00e9o pas \u00e0 pas vous guidera \u00e0 travers les fonctions de VisualARQ avec le projet de mod\u00e9lisation de la villa Savoye.<\/li>\n \t<li><a href=\"https:\/\/www.visualarq.com\/fr\/learn\/\"><strong>Page d&rsquo;apprentissage <\/strong><\/a>: vid\u00e9os, webinaires, exercices pour les styles de Grasshopper, les composants de Grasshopper, etc. Vous trouverez de nombreuses ressources d&rsquo;apprentissage ici.<\/li>\n \t<li><a href=\"https:\/\/www.visualarq.com\/fr\/support\/tips\/\"><strong>Trucs et astuces<\/strong><\/a><\/li>\n<\/ul>","protected":false},"excerpt":{"rendered":"<p>Merci d&rsquo;avoir achet\u00e9 VisualARQ ! T\u00e9l\u00e9chargez VisualARQ \u00e0 partir des liens suivants : VisualARQ pour Rhinoceros 8 VisualARQ pour Rhinoceros 7 Activez votre licence\u00a0: Apr\u00e8s avoir install\u00e9 VisualARQ, ouvrez la bo\u00eete de dialogue Mode de licence (Menu VisualARQ &gt; Licence&#8230;), s\u00e9lectionnez Autonome et suivez les instructions pour valider votre cl\u00e9 de licence. (Vous pouvez \u00e9galement [&hellip;]<\/p>\n","protected":false},"author":6,"featured_media":0,"parent":11160,"menu_order":0,"comment_status":"closed","ping_status":"closed","template":"","meta":{"_et_pb_use_builder":"","_et_pb_old_content":"","_et_gb_content_width":"","footnotes":""},"class_list":["post-11113","page","type-page","status-publish","hentry"],"yoast_head":"<!-- This site is optimized with the Yoast SEO plugin v27.3 - https:\/\/yoast.com\/product\/yoast-seo-wordpress\/ -->\n<title>T\u00e9l\u00e9chargement apr\u00e8s achat - VisualARQ<\/title>\n<meta name=\"robots\" content=\"index, follow, max-snippet:-1, max-image-preview:large, max-video-preview:-1\" \/>\n<link rel=\"canonical\" href=\"https:\/\/www.visualarq.com\/fr\/download\/shop\/\" \/>\n<meta property=\"og:locale\" content=\"fr_FR\" \/>\n<meta property=\"og:type\" content=\"article\" \/>\n<meta property=\"og:title\" content=\"T\u00e9l\u00e9chargement apr\u00e8s achat - VisualARQ\" \/>\n<meta property=\"og:description\" content=\"Merci d&rsquo;avoir achet\u00e9 VisualARQ ! T\u00e9l\u00e9chargez VisualARQ \u00e0 partir des liens suivants : VisualARQ pour Rhinoceros 8 VisualARQ pour Rhinoceros 7 Activez votre licence\u00a0: Apr\u00e8s avoir install\u00e9 VisualARQ, ouvrez la bo\u00eete de dialogue Mode de licence (Menu VisualARQ &gt; Licence&#8230;), s\u00e9lectionnez Autonome et suivez les instructions pour valider votre cl\u00e9 de licence. (Vous pouvez \u00e9galement [&hellip;]\" \/>\n<meta property=\"og:url\" content=\"https:\/\/www.visualarq.com\/fr\/download\/shop\/\" \/>\n<meta property=\"og:site_name\" content=\"VisualARQ\" \/>\n<meta property=\"article:publisher\" content=\"https:\/\/www.facebook.com\/visualarq\" \/>\n<meta property=\"article:modified_time\" content=\"2024-10-07T10:34:44+00:00\" \/>\n<meta name=\"twitter:card\" content=\"summary_large_image\" \/>\n<meta name=\"twitter:site\" content=\"@VisualARQ\" \/>\n<meta name=\"twitter:label1\" content=\"Dur\u00e9e de lecture estim\u00e9e\" \/>\n\t<meta name=\"twitter:data1\" content=\"1 minute\" \/>\n<script type=\"application\/ld+json\" class=\"yoast-schema-graph\">{\"@context\":\"https:\\\/\\\/schema.org\",\"@graph\":[{\"@type\":\"WebPage\",\"@id\":\"https:\\\/\\\/www.visualarq.com\\\/fr\\\/download\\\/shop\\\/\",\"url\":\"https:\\\/\\\/www.visualarq.com\\\/fr\\\/download\\\/shop\\\/\",\"name\":\"T\u00e9l\u00e9chargement apr\u00e8s achat - VisualARQ\",\"isPartOf\":{\"@id\":\"https:\\\/\\\/www.visualarq.com\\\/fr\\\/#website\"},\"datePublished\":\"2015-05-20T00:00:00+00:00\",\"dateModified\":\"2024-10-07T10:34:44+00:00\",\"breadcrumb\":{\"@id\":\"https:\\\/\\\/www.visualarq.com\\\/fr\\\/download\\\/shop\\\/#breadcrumb\"},\"inLanguage\":\"fr-FR\",\"potentialAction\":[{\"@type\":\"ReadAction\",\"target\":[\"https:\\\/\\\/www.visualarq.com\\\/fr\\\/download\\\/shop\\\/\"]}]},{\"@type\":\"BreadcrumbList\",\"@id\":\"https:\\\/\\\/www.visualarq.com\\\/fr\\\/download\\\/shop\\\/#breadcrumb\",\"itemListElement\":[{\"@type\":\"ListItem\",\"position\":1,\"name\":\"Home\",\"item\":\"https:\\\/\\\/www.visualarq.com\\\/fr\\\/home\\\/\"},{\"@type\":\"ListItem\",\"position\":2,\"name\":\"T\u00e9l\u00e9charger\",\"item\":\"https:\\\/\\\/www.visualarq.com\\\/fr\\\/download\\\/\"},{\"@type\":\"ListItem\",\"position\":3,\"name\":\"T\u00e9l\u00e9chargement apr\u00e8s achat\"}]},{\"@type\":\"WebSite\",\"@id\":\"https:\\\/\\\/www.visualarq.com\\\/fr\\\/#website\",\"url\":\"https:\\\/\\\/www.visualarq.com\\\/fr\\\/\",\"name\":\"VisualARQ\",\"description\":\"Flexible BIM for Rhino\",\"potentialAction\":[{\"@type\":\"SearchAction\",\"target\":{\"@type\":\"EntryPoint\",\"urlTemplate\":\"https:\\\/\\\/www.visualarq.com\\\/fr\\\/?s={search_term_string}\"},\"query-input\":{\"@type\":\"PropertyValueSpecification\",\"valueRequired\":true,\"valueName\":\"search_term_string\"}}],\"inLanguage\":\"fr-FR\"}]}<\/script>\n<!-- \/ Yoast SEO plugin. -->","yoast_head_json":{"title":"T\u00e9l\u00e9chargement apr\u00e8s achat - VisualARQ","robots":{"index":"index","follow":"follow","max-snippet":"max-snippet:-1","max-image-preview":"max-image-preview:large","max-video-preview":"max-video-preview:-1"},"canonical":"https:\/\/www.visualarq.com\/fr\/download\/shop\/","og_locale":"fr_FR","og_type":"article","og_title":"T\u00e9l\u00e9chargement apr\u00e8s achat - VisualARQ","og_description":"Merci d&rsquo;avoir achet\u00e9 VisualARQ ! T\u00e9l\u00e9chargez VisualARQ \u00e0 partir des liens suivants : VisualARQ pour Rhinoceros 8 VisualARQ pour Rhinoceros 7 Activez votre licence\u00a0: Apr\u00e8s avoir install\u00e9 VisualARQ, ouvrez la bo\u00eete de dialogue Mode de licence (Menu VisualARQ &gt; Licence&#8230;), s\u00e9lectionnez Autonome et suivez les instructions pour valider votre cl\u00e9 de licence. (Vous pouvez \u00e9galement [&hellip;]","og_url":"https:\/\/www.visualarq.com\/fr\/download\/shop\/","og_site_name":"VisualARQ","article_publisher":"https:\/\/www.facebook.com\/visualarq","article_modified_time":"2024-10-07T10:34:44+00:00","twitter_card":"summary_large_image","twitter_site":"@VisualARQ","twitter_misc":{"Dur\u00e9e de lecture estim\u00e9e":"1 minute"},"schema":{"@context":"https:\/\/schema.org","@graph":[{"@type":"WebPage","@id":"https:\/\/www.visualarq.com\/fr\/download\/shop\/","url":"https:\/\/www.visualarq.com\/fr\/download\/shop\/","name":"T\u00e9l\u00e9chargement apr\u00e8s achat - VisualARQ","isPartOf":{"@id":"https:\/\/www.visualarq.com\/fr\/#website"},"datePublished":"2015-05-20T00:00:00+00:00","dateModified":"2024-10-07T10:34:44+00:00","breadcrumb":{"@id":"https:\/\/www.visualarq.com\/fr\/download\/shop\/#breadcrumb"},"inLanguage":"fr-FR","potentialAction":[{"@type":"ReadAction","target":["https:\/\/www.visualarq.com\/fr\/download\/shop\/"]}]},{"@type":"BreadcrumbList","@id":"https:\/\/www.visualarq.com\/fr\/download\/shop\/#breadcrumb","itemListElement":[{"@type":"ListItem","position":1,"name":"Home","item":"https:\/\/www.visualarq.com\/fr\/home\/"},{"@type":"ListItem","position":2,"name":"T\u00e9l\u00e9charger","item":"https:\/\/www.visualarq.com\/fr\/download\/"},{"@type":"ListItem","position":3,"name":"T\u00e9l\u00e9chargement apr\u00e8s achat"}]},{"@type":"WebSite","@id":"https:\/\/www.visualarq.com\/fr\/#website","url":"https:\/\/www.visualarq.com\/fr\/","name":"VisualARQ","description":"Flexible BIM for Rhino","potentialAction":[{"@type":"SearchAction","target":{"@type":"EntryPoint","urlTemplate":"https:\/\/www.visualarq.com\/fr\/?s={search_term_string}"},"query-input":{"@type":"PropertyValueSpecification","valueRequired":true,"valueName":"search_term_string"}}],"inLanguage":"fr-FR"}]}},"_links":{"self":[{"href":"https:\/\/www.visualarq.com\/fr\/wp-json\/wp\/v2\/pages\/11113","targetHints":{"allow":["GET"]}}],"collection":[{"href":"https:\/\/www.visualarq.com\/fr\/wp-json\/wp\/v2\/pages"}],"about":[{"href":"https:\/\/www.visualarq.com\/fr\/wp-json\/wp\/v2\/types\/page"}],"author":[{"embeddable":true,"href":"https:\/\/www.visualarq.com\/fr\/wp-json\/wp\/v2\/users\/6"}],"replies":[{"embeddable":true,"href":"https:\/\/www.visualarq.com\/fr\/wp-json\/wp\/v2\/comments?post=11113"}],"version-history":[{"count":2,"href":"https:\/\/www.visualarq.com\/fr\/wp-json\/wp\/v2\/pages\/11113\/revisions"}],"predecessor-version":[{"id":41292,"href":"https:\/\/www.visualarq.com\/fr\/wp-json\/wp\/v2\/pages\/11113\/revisions\/41292"}],"up":[{"embeddable":true,"href":"https:\/\/www.visualarq.com\/fr\/wp-json\/wp\/v2\/pages\/11160"}],"wp:attachment":[{"href":"https:\/\/www.visualarq.com\/fr\/wp-json\/wp\/v2\/media?parent=11113"}],"curies":[{"name":"wp","href":"https:\/\/api.w.org\/{rel}","templated":true}]}}