{"id":30590,"date":"2023-04-04T11:21:31","date_gmt":"2023-04-04T11:21:31","guid":{"rendered":"https:\/\/www.visualarq.com\/statistiques-dutilisation\/"},"modified":"2024-09-26T11:10:59","modified_gmt":"2024-09-26T11:10:59","slug":"usage-statistics","status":"publish","type":"page","link":"https:\/\/www.visualarq.com\/fr\/usage-statistics\/","title":{"rendered":"Statistiques d&rsquo;utilisation"},"content":{"rendered":"\n<h2 class=\"wp-block-heading\">Statistiques d&rsquo;utilisation<\/h2>\n\n<p>Les statistiques d&rsquo;utilisation de nous aident \u00e0 d\u00e9finir les priorit\u00e9s concernant les fonctions et les am\u00e9liorations sur lesquelles nous devons travailler.<\/p>\n\n<p>Cette section contient des informations sur les pr\u00e9f\u00e9rences, l&rsquo;utilisation des fonctions, les types de fichiers utilis\u00e9s, la version du syst\u00e8me d&rsquo;exploitation et l&rsquo;utilisation de la m\u00e9moire. Un nombre al\u00e9atoire est stock\u00e9 sur votre ordinateur et est envoy\u00e9 \u00e0 chaque rapport. Cela nous permet de faire la distinction entre une personne qui rencontre un probl\u00e8me 100 fois et 100 personnes qui rencontrent un probl\u00e8me une fois. Ce num\u00e9ro n&rsquo;est pas utilis\u00e9 pour vous identifier.<\/p>\n\n<p>VisualARQ ne recueille aucune information sur la g\u00e9om\u00e9trie ou les fichiers que vous cr\u00e9ez ou vous ouvrez. Les statistiques d&rsquo;utilisation ne contiennent pas d&rsquo;informations qui nous permettent de reproduire la g\u00e9om\u00e9trie que vous cr\u00e9ez.<\/p>\n\n<p><\/p>\n\n<p><\/p>\n\n<h3 class=\"wp-block-heading\">Pour activer ou d\u00e9sactiver les statistiques d&rsquo;utilisation:<\/h3>\n\n<ol class=\"wp-block-list\">\n<li>Dans le menu <strong>Outils<\/strong> cliquez sur <strong>Options<\/strong>.<\/li>\n\n\n\n<li>Dans les <strong>Options de Rhino &gt; VisualARQ &gt; Statistiques<\/strong>, cochez ou d\u00e9cochez la case <strong>Envoyer les statiques d&rsquo;utilisation<\/strong>.<\/li>\n<\/ol>\n","protected":false},"excerpt":{"rendered":"<p>Statistiques d&rsquo;utilisation Les statistiques d&rsquo;utilisation de nous aident \u00e0 d\u00e9finir les priorit\u00e9s concernant les fonctions et les am\u00e9liorations sur lesquelles nous devons travailler. Cette section contient des informations sur les pr\u00e9f\u00e9rences, l&rsquo;utilisation des fonctions, les types de fichiers utilis\u00e9s, la version du syst\u00e8me d&rsquo;exploitation et l&rsquo;utilisation de la m\u00e9moire. Un nombre al\u00e9atoire est stock\u00e9 sur [&hellip;]<\/p>\n","protected":false},"author":6,"featured_media":0,"parent":0,"menu_order":902,"comment_status":"closed","ping_status":"closed","template":"","meta":{"_et_pb_use_builder":"","_et_pb_old_content":"","_et_gb_content_width":"","footnotes":""},"class_list":["post-30590","page","type-page","status-publish","hentry"],"yoast_head":"<!-- This site is optimized with the Yoast SEO plugin v27.3 - https:\/\/yoast.com\/product\/yoast-seo-wordpress\/ -->\n<title>Statistiques d&#039;utilisation - VisualARQ<\/title>\n<meta name=\"robots\" content=\"index, follow, max-snippet:-1, max-image-preview:large, max-video-preview:-1\" \/>\n<link rel=\"canonical\" href=\"https:\/\/www.visualarq.com\/fr\/usage-statistics\/\" \/>\n<meta property=\"og:locale\" content=\"fr_FR\" \/>\n<meta property=\"og:type\" content=\"article\" \/>\n<meta property=\"og:title\" content=\"Statistiques d&#039;utilisation - VisualARQ\" \/>\n<meta property=\"og:description\" content=\"Statistiques d&rsquo;utilisation Les statistiques d&rsquo;utilisation de nous aident \u00e0 d\u00e9finir les priorit\u00e9s concernant les fonctions et les am\u00e9liorations sur lesquelles nous devons travailler. Cette section contient des informations sur les pr\u00e9f\u00e9rences, l&rsquo;utilisation des fonctions, les types de fichiers utilis\u00e9s, la version du syst\u00e8me d&rsquo;exploitation et l&rsquo;utilisation de la m\u00e9moire. Un nombre al\u00e9atoire est stock\u00e9 sur [&hellip;]\" \/>\n<meta property=\"og:url\" content=\"https:\/\/www.visualarq.com\/fr\/usage-statistics\/\" \/>\n<meta property=\"og:site_name\" content=\"VisualARQ\" \/>\n<meta property=\"article:publisher\" content=\"https:\/\/www.facebook.com\/visualarq\" \/>\n<meta property=\"article:modified_time\" content=\"2024-09-26T11:10:59+00:00\" \/>\n<meta name=\"twitter:card\" content=\"summary_large_image\" \/>\n<meta name=\"twitter:site\" content=\"@VisualARQ\" \/>\n<meta name=\"twitter:label1\" content=\"Dur\u00e9e de lecture estim\u00e9e\" \/>\n\t<meta name=\"twitter:data1\" content=\"1 minute\" \/>\n<script type=\"application\/ld+json\" class=\"yoast-schema-graph\">{\"@context\":\"https:\\\/\\\/schema.org\",\"@graph\":[{\"@type\":\"WebPage\",\"@id\":\"https:\\\/\\\/www.visualarq.com\\\/fr\\\/usage-statistics\\\/\",\"url\":\"https:\\\/\\\/www.visualarq.com\\\/fr\\\/usage-statistics\\\/\",\"name\":\"Statistiques d'utilisation - VisualARQ\",\"isPartOf\":{\"@id\":\"https:\\\/\\\/www.visualarq.com\\\/fr\\\/#website\"},\"datePublished\":\"2023-04-04T11:21:31+00:00\",\"dateModified\":\"2024-09-26T11:10:59+00:00\",\"breadcrumb\":{\"@id\":\"https:\\\/\\\/www.visualarq.com\\\/fr\\\/usage-statistics\\\/#breadcrumb\"},\"inLanguage\":\"fr-FR\",\"potentialAction\":[{\"@type\":\"ReadAction\",\"target\":[\"https:\\\/\\\/www.visualarq.com\\\/fr\\\/usage-statistics\\\/\"]}]},{\"@type\":\"BreadcrumbList\",\"@id\":\"https:\\\/\\\/www.visualarq.com\\\/fr\\\/usage-statistics\\\/#breadcrumb\",\"itemListElement\":[{\"@type\":\"ListItem\",\"position\":1,\"name\":\"Home\",\"item\":\"https:\\\/\\\/www.visualarq.com\\\/fr\\\/home\\\/\"},{\"@type\":\"ListItem\",\"position\":2,\"name\":\"Statistiques d&#8217;utilisation\"}]},{\"@type\":\"WebSite\",\"@id\":\"https:\\\/\\\/www.visualarq.com\\\/fr\\\/#website\",\"url\":\"https:\\\/\\\/www.visualarq.com\\\/fr\\\/\",\"name\":\"VisualARQ\",\"description\":\"Flexible BIM for Rhino\",\"potentialAction\":[{\"@type\":\"SearchAction\",\"target\":{\"@type\":\"EntryPoint\",\"urlTemplate\":\"https:\\\/\\\/www.visualarq.com\\\/fr\\\/?s={search_term_string}\"},\"query-input\":{\"@type\":\"PropertyValueSpecification\",\"valueRequired\":true,\"valueName\":\"search_term_string\"}}],\"inLanguage\":\"fr-FR\"}]}<\/script>\n<!-- \/ Yoast SEO plugin. -->","yoast_head_json":{"title":"Statistiques d'utilisation - VisualARQ","robots":{"index":"index","follow":"follow","max-snippet":"max-snippet:-1","max-image-preview":"max-image-preview:large","max-video-preview":"max-video-preview:-1"},"canonical":"https:\/\/www.visualarq.com\/fr\/usage-statistics\/","og_locale":"fr_FR","og_type":"article","og_title":"Statistiques d'utilisation - VisualARQ","og_description":"Statistiques d&rsquo;utilisation Les statistiques d&rsquo;utilisation de nous aident \u00e0 d\u00e9finir les priorit\u00e9s concernant les fonctions et les am\u00e9liorations sur lesquelles nous devons travailler. Cette section contient des informations sur les pr\u00e9f\u00e9rences, l&rsquo;utilisation des fonctions, les types de fichiers utilis\u00e9s, la version du syst\u00e8me d&rsquo;exploitation et l&rsquo;utilisation de la m\u00e9moire. Un nombre al\u00e9atoire est stock\u00e9 sur [&hellip;]","og_url":"https:\/\/www.visualarq.com\/fr\/usage-statistics\/","og_site_name":"VisualARQ","article_publisher":"https:\/\/www.facebook.com\/visualarq","article_modified_time":"2024-09-26T11:10:59+00:00","twitter_card":"summary_large_image","twitter_site":"@VisualARQ","twitter_misc":{"Dur\u00e9e de lecture estim\u00e9e":"1 minute"},"schema":{"@context":"https:\/\/schema.org","@graph":[{"@type":"WebPage","@id":"https:\/\/www.visualarq.com\/fr\/usage-statistics\/","url":"https:\/\/www.visualarq.com\/fr\/usage-statistics\/","name":"Statistiques d'utilisation - VisualARQ","isPartOf":{"@id":"https:\/\/www.visualarq.com\/fr\/#website"},"datePublished":"2023-04-04T11:21:31+00:00","dateModified":"2024-09-26T11:10:59+00:00","breadcrumb":{"@id":"https:\/\/www.visualarq.com\/fr\/usage-statistics\/#breadcrumb"},"inLanguage":"fr-FR","potentialAction":[{"@type":"ReadAction","target":["https:\/\/www.visualarq.com\/fr\/usage-statistics\/"]}]},{"@type":"BreadcrumbList","@id":"https:\/\/www.visualarq.com\/fr\/usage-statistics\/#breadcrumb","itemListElement":[{"@type":"ListItem","position":1,"name":"Home","item":"https:\/\/www.visualarq.com\/fr\/home\/"},{"@type":"ListItem","position":2,"name":"Statistiques d&#8217;utilisation"}]},{"@type":"WebSite","@id":"https:\/\/www.visualarq.com\/fr\/#website","url":"https:\/\/www.visualarq.com\/fr\/","name":"VisualARQ","description":"Flexible BIM for Rhino","potentialAction":[{"@type":"SearchAction","target":{"@type":"EntryPoint","urlTemplate":"https:\/\/www.visualarq.com\/fr\/?s={search_term_string}"},"query-input":{"@type":"PropertyValueSpecification","valueRequired":true,"valueName":"search_term_string"}}],"inLanguage":"fr-FR"}]}},"_links":{"self":[{"href":"https:\/\/www.visualarq.com\/fr\/wp-json\/wp\/v2\/pages\/30590","targetHints":{"allow":["GET"]}}],"collection":[{"href":"https:\/\/www.visualarq.com\/fr\/wp-json\/wp\/v2\/pages"}],"about":[{"href":"https:\/\/www.visualarq.com\/fr\/wp-json\/wp\/v2\/types\/page"}],"author":[{"embeddable":true,"href":"https:\/\/www.visualarq.com\/fr\/wp-json\/wp\/v2\/users\/6"}],"replies":[{"embeddable":true,"href":"https:\/\/www.visualarq.com\/fr\/wp-json\/wp\/v2\/comments?post=30590"}],"version-history":[{"count":0,"href":"https:\/\/www.visualarq.com\/fr\/wp-json\/wp\/v2\/pages\/30590\/revisions"}],"wp:attachment":[{"href":"https:\/\/www.visualarq.com\/fr\/wp-json\/wp\/v2\/media?parent=30590"}],"curies":[{"name":"wp","href":"https:\/\/api.w.org\/{rel}","templated":true}]}}