{"id":11502,"date":"2013-11-19T00:00:00","date_gmt":"2013-11-19T00:00:00","guid":{"rendered":"https:\/\/www.visualarq.com\/features\/grasshopper\/exercises\/create-slabs\/"},"modified":"2019-01-02T16:17:42","modified_gmt":"2019-01-02T16:17:42","slug":"create-slabs","status":"publish","type":"page","link":"https:\/\/www.visualarq.com\/it\/learn\/grasshopper-components\/create-slabs\/","title":{"rendered":"Esercizio 5. Creare un solaio"},"content":{"rendered":"<h1>Esercizio 5. Creare un solaio<\/h1>\n\n<h3>1. Creare un solaio:<\/h3>\n\n<p><em><img loading=\"lazy\" decoding=\"async\" class=\"aligncenter size-full wp-image-8218\" alt=\"Exercise 5 Simple slab\" src=\"https:\/\/www.visualarq.com\/wp-content\/uploads\/sites\/2\/2013\/11\/Exercise-5-Simple-slab.png\" width=\"900\" height=\"250\" \/><\/em><\/p>\n\n<p>Per creare un solaio di VisualARQ in Grasshopper, basta una curva chiusa e planare.<\/p>\n\n<ul>\n\n<li>1. Trascinare un componente <em><strong>Slab<\/strong><\/em>\u00a0di VisualARQ <img loading=\"lazy\" decoding=\"async\" class=\"alignnone size-full wp-image-8204\" alt=\"Slab-24\" src=\"https:\/\/www.visualarq.com\/wp-content\/uploads\/sites\/2\/2013\/11\/Slab-24.png\" width=\"24\" height=\"24\" \/>\u00a0sul canvas di Grasshopper. Questo componente solaio ha due input: \n\n<ul>\n\n<li><strong>C:<\/strong>\u00a0Curva di contorno<\/li>\n\n<li><strong>O:\u00a0<\/strong>Opzioni per specificare tutti i parametri del solaio.<\/li>\n\n<\/ul>\n\n<\/li>\n\n<li>2. Assegnare una <strong>curva<\/strong> all&#8217;input <em>C<\/em> del solaio. Questa curva definir\u00e0 il contorno del solaio e deve essere chiusa e planare. \u00c8 possibile selezionare pi\u00f9 curve per generare pi\u00f9 solai.<\/li>\n\n<\/ul>\n\n<p>Le curve scelte si possono prendere da Rhino (referenziandole in Grasshopper con il <em>Curve Param<\/em>) oppure si possono creare direttamente all&#8217;interno di Grasshopper.<\/p>\n\n<h3>2. Definire i parametri del solaio:<\/h3>\n\n<ul>\n\n<li>1. Trascinare un componente <em><strong>Slab Options<\/strong><\/em>\u00a0<img loading=\"lazy\" decoding=\"async\" class=\"alignnone size-full wp-image-8210\" alt=\"Slab Options-24\" src=\"https:\/\/www.visualarq.com\/wp-content\/uploads\/sites\/2\/2013\/11\/Slab-Options-24.png\" width=\"24\" height=\"24\" \/>\u00a0sul canvas di Grasshopper. Questo componente ha vari input, i quali definiscono i parametri del solaio.<\/li>\n\n<li>2. Connettere l&#8217;output O del componente <em>Slab Options<\/em> all&#8217;input <em>O<\/em> del componente <em>Slab<\/em>.<\/li>\n\n<li>3. Impostare le varie <em>Slab Options<\/em>:\n\n<ul>\n\n<li><strong>(<em>S<\/em>)\u00a0<em>Slab Style<\/em>:\u00a0<img loading=\"lazy\" decoding=\"async\" class=\"alignnone size-full wp-image-8170\" alt=\"Slab Style Param-24\" src=\"https:\/\/www.visualarq.com\/wp-content\/uploads\/sites\/2\/2013\/11\/Slab-Style-Param-24.png\" width=\"24\" height=\"24\" \/><\/strong> \u00c8 possibile trascinare un componente <em>Slab Style Param<\/em> sul canvas e connetterlo all&#8217;input <em>S<\/em> del componente <em>Slab Options<\/em>. La versione attuale di VisualARQ (1.8) dispone solo di uno stile standard, il quale \u00e8 assegnato <span style=\"line-height: 24px\">di default<\/span>. In future versioni, sar\u00e0 possibile creare degli stili di solaio e modificarli.<\/li>\n\n<li><strong>(A)\u00a0<em>Alignment<\/em><\/strong>:\u00a0<img loading=\"lazy\" decoding=\"async\" class=\"alignnone size-full wp-image-8214\" alt=\"Slabs and Roofs alignment input 24\" src=\"https:\/\/www.visualarq.com\/wp-content\/uploads\/sites\/2\/2013\/11\/Slabs-and-Roofs-alignment-input-24.png\" width=\"24\" height=\"24\" \/>\u00a0<em>Slab Alignment (scheda Params &gt; Architectural Inputs)<\/em>\u00a0definisce la posizione del solaio rispetto alla sua curva di contorno. Sono disponibili tre opzioni: <em>Superiore<\/em>,\u00a0<em>Centro<\/em>\u00a0o <em>Inferiore<\/em>. Queste posizioni di allineamento possono anche venir digitate come numeri interi (<em>0=Superiore, 1=Centro<\/em> e <em>2=Inferiore<\/em>) nell&#8217;input <em>A<\/em>.<\/li>\n\n<li><strong>(<em>T<\/em>)\u00a0<em>Thickness<\/em><\/strong>: Lo spessore del solaio.<\/li>\n\n<\/ul>\n\n<\/li>\n\n<\/ul>\n\n<h3>3. Sottrarre un contorno da un solaio<\/h3>\n\n<p><em><img loading=\"lazy\" decoding=\"async\" class=\"aligncenter size-full wp-image-8219\" alt=\"Exercise 5 slab subtract\" src=\"https:\/\/www.visualarq.com\/wp-content\/uploads\/sites\/2\/2013\/11\/Exercise-5-slab-subtract.png\" width=\"900\" height=\"229\" \/><\/em><\/p>\n\n<p>\u00c8 possibile sottrarre una curva di contorno da uno o vari solai.<\/p>\n\n<ol>\n\n<li>Trascinare un componente <em>Slab Subtract Boundary\u00a0<\/em> <img loading=\"lazy\" decoding=\"async\" class=\"alignnone size-full wp-image-5116\" alt=\"VA_SlabSubtract\" src=\"https:\/\/www.visualarq.com\/wp-content\/uploads\/sites\/2\/2012\/06\/VA_SlabSubtract.jpg\" width=\"26\" height=\"26\" \/>\u00a0sul canvas.<\/li>\n\n<li>Connettere all&#8217;input <em>S<\/em> il solaio dal quale si desidera sottrarre il contorno.<\/li>\n\n<li>Connettere all&#8217;input <em>C<\/em> la curva usata come contorno da sottrarre. Questa curva deve essere piana e chiusa.<\/li>\n\n<\/ol>\n\n<p>La sottrazione dei contorni nei solai viene effettuata secondo l&#8217;area definita dalla curva di contorno proiettata verticalmente sul solaio.<br \/> Se la curva di contorno viene proiettata completamente all&#8217;esterno dei limiti del solaio, la sottrazione non avr\u00e0 luogo e non sar\u00e0 visibile.<\/p>\n\n<p><strong>Nota 2<\/strong>: Non \u00e8 necessario che i contorni si trovino sul piano del solaio, ma essi devono essere delle curve <strong>piane<\/strong> e <strong>chiuse<\/strong>.<\/p>\n\n<h3>4. Collegare i contorni delle scale con i fori di passaggio<\/h3>\n\n<p><em style=\"line-height: 24px\"><img loading=\"lazy\" decoding=\"async\" class=\"aligncenter size-full wp-image-8220\" alt=\"Slab stair clearance\" src=\"https:\/\/www.visualarq.com\/wp-content\/uploads\/sites\/2\/2013\/11\/Slab-stair-clerance.png\" width=\"900\" height=\"260\" \/><\/em><\/p>\n\n<p>\u00c8 possibile sottrarre il contorno di una scala di VisualARQ da un oggetto solaio mantenendo l&#8217;altezza minima specificata per il foro di passaggio della scala tra il percorso della scala e la superficie inferiore del solaio.<\/p>\n\n<ol>\n\n<li>Trascinare un componente <em>Slab Subtract Stair Clearance<\/em> <img loading=\"lazy\" decoding=\"async\" class=\"alignnone size-full wp-image-8221\" alt=\"vaSlabSubtractStairClearance 24\" src=\"https:\/\/www.visualarq.com\/wp-content\/uploads\/sites\/2\/2013\/11\/vaSlabSubtractStairClearance-24.png\" width=\"24\" height=\"24\" \/> sul canvas.<\/li>\n\n<li>Questo componente ha tre input. Connettere i componenti ed i valori corrispondenti <span style=\"line-height: 24px\">a:<\/span> \n\n<ul>\n\n<li><strong>(S)<\/strong>: Solaio<\/li>\n\n<li><strong>(St)<\/strong>: Scala per il foro di passaggio<\/li>\n\n<li><strong>(H)<\/strong>: Altezza per il foro di passaggio: l&#8217;altezza minima per il foro di passaggio della scala tra il percorso della scala e la superficie inferiore del solaio<\/li>\n\n<\/ul>\n\n<\/li>\n\n<\/ol>\n\n<h3>5. Creare solai multilivello a partire da un volume<\/h3>\n\n<p><img loading=\"lazy\" decoding=\"async\" class=\"alignnone size-full wp-image-8224\" alt=\"Solai da un volume\" src=\"https:\/\/www.visualarq.com\/wp-content\/uploads\/sites\/2\/2013\/11\/Slabs-from-volume.jpg\" width=\"900\" height=\"632\" \/><\/p>\n\n<p><strong>Passo 1<\/strong>. Selezionare una B-rep referenziata dal modello: trascinare un componente <em>Brep Param<\/em>, cliccare con il tasto destro e selezionare <em>Set one Brep<\/em> (volume) dal modello (quindi nascondere la B-rep in Rhino per un miglior flusso di lavoro).<\/p>\n\n<p><strong>Passo 2.<\/strong>\u00a0Creare dei piani di intersezione lungo l&#8217;altezza dell&#8217;edificio:<\/p>\n\n<ol>\n\n<li>Creare una linea verticale avente la stessa altezza della B-rep. Per farlo, si pu\u00f2 usare <strong><em>Line SDL<\/em><\/strong>. Per questa linea, sono necessarie le seguenti informazioni:\n\n<ol>\n\n<li><strong>(S)<\/strong>: Punto iniziale della linea (assicurarsi che il punto si trovi sulla base del volume)<\/li>\n\n<li><strong>(D):<\/strong> Direzione della linea: (vettore delle <em>unit\u00e0 Z<\/em>)<\/li>\n\n<li><strong>(L)<\/strong>: Lunghezza della linea. Inserire l&#8217;altezza dell&#8217;edificio, dopo averla misurata.<\/li>\n\n<\/ol>\n\n<\/li>\n\n<li>Dividere la linea in segmenti: le suddivisioni rappresenteranno i vari piani dell&#8217;edificio.\n\n<ol>\n\n<li>Trascinare un componente <em>Divide Length<\/em> sul canvas<\/li>\n\n<li>Connettere il componente <em>Line SDL<\/em> all&#8217;input <em>C<\/em> (Curva da dividere), ed inserire un valore numerico nell&#8217;input <em>L<\/em> (Lunghezza dei segmenti).<\/li>\n\n<\/ol>\n\n<\/li>\n\n<li>Creare i piani: Trascinare un componente Plane e sistemarlo sui punti di suddivisione del componente Divide Length.<\/li>\n\n<\/ol>\n\n<p><strong>Passo 3.<\/strong> Trovare l&#8217;intersezione tra i piani orizzontali e la B-rep<\/p>\n\n<ol>\n\n<li>Trascinare un componente <em>Brep \/ Plane<\/em> e connettere la <em>Base Brep<\/em> all&#8217;input B ed i <span style=\"font-size: medium;line-height: 24px\"><em>Section Planes<\/em> all&#8217;input <em>P<\/em>. Verranno create le linee di contorno della B-rep.<\/span><\/li>\n\n<\/ol>\n\n<p><strong>Passo 4.<\/strong> Creare i solai.<\/p>\n\n<ol>\n\n<li>Come spiegato nel punto 1 di questo tutorial, trascinare un componente <em>Slab<\/em> <img loading=\"lazy\" decoding=\"async\" alt=\"Slab-24\" src=\"https:\/\/www.visualarq.com\/wp-content\/uploads\/sites\/2\/2013\/11\/Slab-24.png\" width=\"24\" height=\"24\" \/> sul canvas e connettere all&#8217;input <em>C<\/em> le curve di intersezione create nel passo precedente.<\/li>\n\n<li>Trascinare un componente <em>Slab Options<\/em> <img loading=\"lazy\" decoding=\"async\" alt=\"Slab Options-24\" src=\"https:\/\/www.visualarq.com\/wp-content\/uploads\/sites\/2\/2013\/11\/Slab-Options-24.png\" width=\"24\" height=\"24\" \/> per modificare i parametri del solaio.<\/li>\n\n<\/ol>\n\n<p><strong>Passo 5.<\/strong> Sottrarre una curva di contorno da tutti i solai.<\/p>\n\n<ol>\n\n<li>Selezionare <em>Curve Param<\/em> <img loading=\"lazy\" decoding=\"async\" class=\"alignnone size-full wp-image-7365\" alt=\"Curve Param\" src=\"https:\/\/www.visualarq.com\/wp-content\/uploads\/sites\/2\/2013\/06\/Curve-Param.png\" width=\"60\" height=\"25\" \/> ed impostare una curva del modello come curva di contorno da sottrarre da tutti i solai.<\/li>\n\n<li>Trascinare un componente <em>Slab Subtract Boundary<\/em> <img loading=\"lazy\" decoding=\"async\" alt=\"VA_SlabSubtract\" src=\"https:\/\/www.visualarq.com\/wp-content\/uploads\/sites\/2\/2012\/06\/VA_SlabSubtract.jpg\" width=\"26\" height=\"26\" \/> sul canvas e connetterlo alla curva di contorno ed ai solai creati.<\/li>\n\n<\/ol>","protected":false},"excerpt":{"rendered":"<p>Esercizio 5. Creare un solaio 1. Creare un solaio: Per creare un solaio di VisualARQ in Grasshopper, basta una curva chiusa e planare. 1. Trascinare un componente Slab\u00a0di VisualARQ \u00a0sul canvas di Grasshopper. Questo componente solaio ha due input: C:\u00a0Curva di contorno O:\u00a0Opzioni per specificare tutti i parametri del solaio. 2. Assegnare una curva all&#8217;input [&hellip;]<\/p>\n","protected":false},"author":6,"featured_media":0,"parent":11492,"menu_order":5,"comment_status":"closed","ping_status":"closed","template":"","meta":{"_et_pb_use_builder":"","_et_pb_old_content":"","_et_gb_content_width":"","footnotes":""},"class_list":["post-11502","page","type-page","status-publish","hentry"],"yoast_head":"<!-- This site is optimized with the Yoast SEO plugin v27.5 - https:\/\/yoast.com\/product\/yoast-seo-wordpress\/ -->\n<title>Esercizio 5. Creare un solaio - VisualARQ<\/title>\n<meta name=\"robots\" content=\"index, follow, max-snippet:-1, max-image-preview:large, max-video-preview:-1\" \/>\n<link rel=\"canonical\" href=\"https:\/\/www.visualarq.com\/it\/learn\/grasshopper-components\/create-slabs\/\" \/>\n<meta property=\"og:locale\" content=\"it_IT\" \/>\n<meta property=\"og:type\" content=\"article\" \/>\n<meta property=\"og:title\" content=\"Esercizio 5. Creare un solaio - VisualARQ\" \/>\n<meta property=\"og:description\" content=\"Esercizio 5. Creare un solaio 1. Creare un solaio: Per creare un solaio di VisualARQ in Grasshopper, basta una curva chiusa e planare. 1. Trascinare un componente Slab\u00a0di VisualARQ \u00a0sul canvas di Grasshopper. Questo componente solaio ha due input: C:\u00a0Curva di contorno O:\u00a0Opzioni per specificare tutti i parametri del solaio. 2. Assegnare una curva all&#8217;input [&hellip;]\" \/>\n<meta property=\"og:url\" content=\"https:\/\/www.visualarq.com\/it\/learn\/grasshopper-components\/create-slabs\/\" \/>\n<meta property=\"og:site_name\" content=\"VisualARQ\" \/>\n<meta property=\"article:publisher\" content=\"https:\/\/www.facebook.com\/visualarq\" \/>\n<meta property=\"article:modified_time\" content=\"2019-01-02T16:17:42+00:00\" \/>\n<meta property=\"og:image\" content=\"https:\/\/www.visualarq.com\/wp-content\/uploads\/sites\/2\/2013\/11\/Exercise-5-Simple-slab.png\" \/>\n<meta name=\"twitter:card\" content=\"summary_large_image\" \/>\n<meta name=\"twitter:site\" content=\"@VisualARQ\" \/>\n<meta name=\"twitter:label1\" content=\"Tempo di lettura stimato\" \/>\n\t<meta name=\"twitter:data1\" content=\"4 minuti\" \/>\n<script type=\"application\/ld+json\" class=\"yoast-schema-graph\">{\"@context\":\"https:\\\/\\\/schema.org\",\"@graph\":[{\"@type\":\"WebPage\",\"@id\":\"https:\\\/\\\/www.visualarq.com\\\/it\\\/learn\\\/grasshopper-components\\\/create-slabs\\\/\",\"url\":\"https:\\\/\\\/www.visualarq.com\\\/it\\\/learn\\\/grasshopper-components\\\/create-slabs\\\/\",\"name\":\"Esercizio 5. Creare un solaio - VisualARQ\",\"isPartOf\":{\"@id\":\"https:\\\/\\\/www.visualarq.com\\\/it\\\/#website\"},\"primaryImageOfPage\":{\"@id\":\"https:\\\/\\\/www.visualarq.com\\\/it\\\/learn\\\/grasshopper-components\\\/create-slabs\\\/#primaryimage\"},\"image\":{\"@id\":\"https:\\\/\\\/www.visualarq.com\\\/it\\\/learn\\\/grasshopper-components\\\/create-slabs\\\/#primaryimage\"},\"thumbnailUrl\":\"https:\\\/\\\/www.visualarq.com\\\/wp-content\\\/uploads\\\/sites\\\/2\\\/2013\\\/11\\\/Exercise-5-Simple-slab.png\",\"datePublished\":\"2013-11-19T00:00:00+00:00\",\"dateModified\":\"2019-01-02T16:17:42+00:00\",\"breadcrumb\":{\"@id\":\"https:\\\/\\\/www.visualarq.com\\\/it\\\/learn\\\/grasshopper-components\\\/create-slabs\\\/#breadcrumb\"},\"inLanguage\":\"it-IT\",\"potentialAction\":[{\"@type\":\"ReadAction\",\"target\":[\"https:\\\/\\\/www.visualarq.com\\\/it\\\/learn\\\/grasshopper-components\\\/create-slabs\\\/\"]}]},{\"@type\":\"ImageObject\",\"inLanguage\":\"it-IT\",\"@id\":\"https:\\\/\\\/www.visualarq.com\\\/it\\\/learn\\\/grasshopper-components\\\/create-slabs\\\/#primaryimage\",\"url\":\"https:\\\/\\\/www.visualarq.com\\\/wp-content\\\/uploads\\\/sites\\\/2\\\/2013\\\/11\\\/Exercise-5-Simple-slab.png\",\"contentUrl\":\"https:\\\/\\\/www.visualarq.com\\\/wp-content\\\/uploads\\\/sites\\\/2\\\/2013\\\/11\\\/Exercise-5-Simple-slab.png\"},{\"@type\":\"BreadcrumbList\",\"@id\":\"https:\\\/\\\/www.visualarq.com\\\/it\\\/learn\\\/grasshopper-components\\\/create-slabs\\\/#breadcrumb\",\"itemListElement\":[{\"@type\":\"ListItem\",\"position\":1,\"name\":\"Home\",\"item\":\"https:\\\/\\\/www.visualarq.com\\\/it\\\/home\\\/\"},{\"@type\":\"ListItem\",\"position\":2,\"name\":\"Formazione\",\"item\":\"https:\\\/\\\/www.visualarq.com\\\/it\\\/learn\\\/\"},{\"@type\":\"ListItem\",\"position\":3,\"name\":\"Componenti per Grasshopper\",\"item\":\"https:\\\/\\\/www.visualarq.com\\\/it\\\/learn\\\/grasshopper-components\\\/\"},{\"@type\":\"ListItem\",\"position\":4,\"name\":\"Esercizio 5. Creare un solaio\"}]},{\"@type\":\"WebSite\",\"@id\":\"https:\\\/\\\/www.visualarq.com\\\/it\\\/#website\",\"url\":\"https:\\\/\\\/www.visualarq.com\\\/it\\\/\",\"name\":\"VisualARQ\",\"description\":\"Flexible BIM for Rhino\",\"potentialAction\":[{\"@type\":\"SearchAction\",\"target\":{\"@type\":\"EntryPoint\",\"urlTemplate\":\"https:\\\/\\\/www.visualarq.com\\\/it\\\/?s={search_term_string}\"},\"query-input\":{\"@type\":\"PropertyValueSpecification\",\"valueRequired\":true,\"valueName\":\"search_term_string\"}}],\"inLanguage\":\"it-IT\"}]}<\/script>\n<!-- \/ Yoast SEO plugin. -->","yoast_head_json":{"title":"Esercizio 5. Creare un solaio - VisualARQ","robots":{"index":"index","follow":"follow","max-snippet":"max-snippet:-1","max-image-preview":"max-image-preview:large","max-video-preview":"max-video-preview:-1"},"canonical":"https:\/\/www.visualarq.com\/it\/learn\/grasshopper-components\/create-slabs\/","og_locale":"it_IT","og_type":"article","og_title":"Esercizio 5. Creare un solaio - VisualARQ","og_description":"Esercizio 5. Creare un solaio 1. Creare un solaio: Per creare un solaio di VisualARQ in Grasshopper, basta una curva chiusa e planare. 1. Trascinare un componente Slab\u00a0di VisualARQ \u00a0sul canvas di Grasshopper. Questo componente solaio ha due input: C:\u00a0Curva di contorno O:\u00a0Opzioni per specificare tutti i parametri del solaio. 2. Assegnare una curva all&#8217;input [&hellip;]","og_url":"https:\/\/www.visualarq.com\/it\/learn\/grasshopper-components\/create-slabs\/","og_site_name":"VisualARQ","article_publisher":"https:\/\/www.facebook.com\/visualarq","article_modified_time":"2019-01-02T16:17:42+00:00","og_image":[{"url":"https:\/\/www.visualarq.com\/wp-content\/uploads\/sites\/2\/2013\/11\/Exercise-5-Simple-slab.png","type":"","width":"","height":""}],"twitter_card":"summary_large_image","twitter_site":"@VisualARQ","twitter_misc":{"Tempo di lettura stimato":"4 minuti"},"schema":{"@context":"https:\/\/schema.org","@graph":[{"@type":"WebPage","@id":"https:\/\/www.visualarq.com\/it\/learn\/grasshopper-components\/create-slabs\/","url":"https:\/\/www.visualarq.com\/it\/learn\/grasshopper-components\/create-slabs\/","name":"Esercizio 5. Creare un solaio - VisualARQ","isPartOf":{"@id":"https:\/\/www.visualarq.com\/it\/#website"},"primaryImageOfPage":{"@id":"https:\/\/www.visualarq.com\/it\/learn\/grasshopper-components\/create-slabs\/#primaryimage"},"image":{"@id":"https:\/\/www.visualarq.com\/it\/learn\/grasshopper-components\/create-slabs\/#primaryimage"},"thumbnailUrl":"https:\/\/www.visualarq.com\/wp-content\/uploads\/sites\/2\/2013\/11\/Exercise-5-Simple-slab.png","datePublished":"2013-11-19T00:00:00+00:00","dateModified":"2019-01-02T16:17:42+00:00","breadcrumb":{"@id":"https:\/\/www.visualarq.com\/it\/learn\/grasshopper-components\/create-slabs\/#breadcrumb"},"inLanguage":"it-IT","potentialAction":[{"@type":"ReadAction","target":["https:\/\/www.visualarq.com\/it\/learn\/grasshopper-components\/create-slabs\/"]}]},{"@type":"ImageObject","inLanguage":"it-IT","@id":"https:\/\/www.visualarq.com\/it\/learn\/grasshopper-components\/create-slabs\/#primaryimage","url":"https:\/\/www.visualarq.com\/wp-content\/uploads\/sites\/2\/2013\/11\/Exercise-5-Simple-slab.png","contentUrl":"https:\/\/www.visualarq.com\/wp-content\/uploads\/sites\/2\/2013\/11\/Exercise-5-Simple-slab.png"},{"@type":"BreadcrumbList","@id":"https:\/\/www.visualarq.com\/it\/learn\/grasshopper-components\/create-slabs\/#breadcrumb","itemListElement":[{"@type":"ListItem","position":1,"name":"Home","item":"https:\/\/www.visualarq.com\/it\/home\/"},{"@type":"ListItem","position":2,"name":"Formazione","item":"https:\/\/www.visualarq.com\/it\/learn\/"},{"@type":"ListItem","position":3,"name":"Componenti per Grasshopper","item":"https:\/\/www.visualarq.com\/it\/learn\/grasshopper-components\/"},{"@type":"ListItem","position":4,"name":"Esercizio 5. Creare un solaio"}]},{"@type":"WebSite","@id":"https:\/\/www.visualarq.com\/it\/#website","url":"https:\/\/www.visualarq.com\/it\/","name":"VisualARQ","description":"Flexible BIM for Rhino","potentialAction":[{"@type":"SearchAction","target":{"@type":"EntryPoint","urlTemplate":"https:\/\/www.visualarq.com\/it\/?s={search_term_string}"},"query-input":{"@type":"PropertyValueSpecification","valueRequired":true,"valueName":"search_term_string"}}],"inLanguage":"it-IT"}]}},"_links":{"self":[{"href":"https:\/\/www.visualarq.com\/it\/wp-json\/wp\/v2\/pages\/11502","targetHints":{"allow":["GET"]}}],"collection":[{"href":"https:\/\/www.visualarq.com\/it\/wp-json\/wp\/v2\/pages"}],"about":[{"href":"https:\/\/www.visualarq.com\/it\/wp-json\/wp\/v2\/types\/page"}],"author":[{"embeddable":true,"href":"https:\/\/www.visualarq.com\/it\/wp-json\/wp\/v2\/users\/6"}],"replies":[{"embeddable":true,"href":"https:\/\/www.visualarq.com\/it\/wp-json\/wp\/v2\/comments?post=11502"}],"version-history":[{"count":0,"href":"https:\/\/www.visualarq.com\/it\/wp-json\/wp\/v2\/pages\/11502\/revisions"}],"up":[{"embeddable":true,"href":"https:\/\/www.visualarq.com\/it\/wp-json\/wp\/v2\/pages\/11492"}],"wp:attachment":[{"href":"https:\/\/www.visualarq.com\/it\/wp-json\/wp\/v2\/media?parent=11502"}],"curies":[{"name":"wp","href":"https:\/\/api.w.org\/{rel}","templated":true}]}}